{"id":17951,"date":"2020-03-20T10:33:18","date_gmt":"2020-03-20T10:33:19","guid":{"rendered":"https:\/\/www.7scents.hu\/?post_type=product&#038;p=17951"},"modified":"2023-08-07T14:13:06","modified_gmt":"2023-08-07T14:13:06","slug":"benamor-alantoine-supreme-body-butter","status":"publish","type":"product","link":"https:\/\/www.7scents.hu\/en\/termek\/benamor-alantoine-supreme-body-butter\/","title":{"rendered":"Benam\u00f4r <br\/>Alanto\u00edne Supreme Body Butter"},"content":{"rendered":"<p>Benam\u00f4r Alanto\u00edne Supreme Body Butter is a luxurious skin emollient with a delicate lemon fragrance. The formula combines supremely rich shea butter and allantoin in a secret recipe handmade in Lisbon dating back decades. The presence of allantoin means this groundbreaking recipe increases the skin\u2019s water content in the extracellular matrix and enhances the peeling of upper layers of dead skin cells. The rich body butter\u2019s sublime texture is incredibly nourishing and instantly hydrates the body. A delight for the senses with its beloved citric scent based on Algarve lemon. Suitable for normal to dry skin.<\/p>\n<p>KEY INGREDIENTS<\/p>\n<p>&#8211; Allantoin is a classic vegetable ingredient used in cosmetic formulas since the early 20th century, acting as a skin protector and emollient. It presents a soft keratolytic action, promoting a natural peeling that turns skin softer and smoother.<br \/>\n&#8211; Sweet almond oil acts as an emollient, giving skin an extraordinary feeling of softness and hydration, prevents aging and improves skin\u2019s elasticity.<br \/>\n&#8211; Shea Butter protects, nourishes, hydrates and softens skin.<\/p>\n<ul>\n<li>86% Natural ingredients<\/li>\n<li>0% paraben<\/li>\n<li>0% petroleum<\/li>\n<li>0% phenoxyethanol<\/li>\n<li>Cruelty-free &amp; Vegan<\/li>\n<li>Dermatologically tested<\/li>\n<\/ul>\n<p>How to Apply<br \/>\nApply Benam\u00f4r Alanto\u00edne Supreme Body Butter to the skin, spreading gently and massaging until totally absorbed. Pay particular attention to body parts in need of hydration such as elbows and knees.<\/p>\n","protected":false},"excerpt":{"rendered":"<div class=\"inner-tab\">\n<div class=\"cnt-box\">\n<p>Aqua (Water), Butyrospermum Parkii (Shea) Butter, Ethylhexyl Palmitate, Cetearyl Alcohol, Glycerin, Prunus Amygdalus Dulcis (Sweet Almond) Oil, Caprylic\/Capric Triglyceride, Dicaprylyl Carbonate, Ceteareth-20, Glyceryl Stearate, Polyacrylate Crosspolymer-6, Propylene Glycol, Citric Acid, Citrus Limon (Lemon) Fruit Extract, Allantoin, Parfum (Fragance), Sodium Benzoate, Potassium Sorbate, Tocopherol, Limonene, Citral, Geraniol, Linalool, Citronellol.<\/p>\n<\/div>\n<\/div>\n","protected":false},"featured_media":17879,"comment_status":"open","ping_status":"closed","template":"","meta":{"_acf_changed":false},"product_cat":[1350],"product_tag":[1331,1324,2693,2706,2691,966,1329],"yst_prominent_words":[],"class_list":{"0":"post-17951","1":"product","2":"type-product","3":"status-publish","4":"has-post-thumbnail","6":"product_cat-body-butter","7":"product_tag-allantoin-en","8":"product_tag-benamor","9":"product_tag-glicerin-en","10":"product_tag-citrom-en","11":"product_tag-shea-vaj-en","12":"product_tag-sweet-almond-oil-en","13":"product_tag-vegan-en","14":"pa_brand-benamor","15":"pa_kiszereles-200ml-en","16":"pa_marka-benamor-en","17":"pa_package-200ml","18":"pa_place-of-origin-portugal","19":"pa_szarmazasi-hely-portugal","21":"first","22":"outofstock","23":"taxable","24":"shipping-taxable","25":"purchasable","26":"product-type-simple"},"acf":[],"_links":{"self":[{"href":"https:\/\/www.7scents.hu\/en\/wp-json\/wp\/v2\/product\/17951"}],"collection":[{"href":"https:\/\/www.7scents.hu\/en\/wp-json\/wp\/v2\/product"}],"about":[{"href":"https:\/\/www.7scents.hu\/en\/wp-json\/wp\/v2\/types\/product"}],"replies":[{"embeddable":true,"href":"https:\/\/www.7scents.hu\/en\/wp-json\/wp\/v2\/comments?post=17951"}],"wp:featuredmedia":[{"embeddable":true,"href":"https:\/\/www.7scents.hu\/en\/wp-json\/wp\/v2\/media\/17879"}],"wp:attachment":[{"href":"https:\/\/www.7scents.hu\/en\/wp-json\/wp\/v2\/media?parent=17951"}],"wp:term":[{"taxonomy":"product_cat","embeddable":true,"href":"https:\/\/www.7scents.hu\/en\/wp-json\/wp\/v2\/product_cat?post=17951"},{"taxonomy":"product_tag","embeddable":true,"href":"https:\/\/www.7scents.hu\/en\/wp-json\/wp\/v2\/product_tag?post=17951"},{"taxonomy":"yst_prominent_words","embeddable":true,"href":"https:\/\/www.7scents.hu\/en\/wp-json\/wp\/v2\/yst_prominent_words?post=17951"}],"curies":[{"name":"wp","href":"https:\/\/api.w.org\/{rel}","templated":true}]}}