{"id":17962,"date":"2020-03-20T11:38:33","date_gmt":"2020-03-20T11:38:33","guid":{"rendered":"https:\/\/www.7scents.hu\/?post_type=product&#038;p=17962"},"modified":"2023-01-04T21:31:31","modified_gmt":"2023-01-04T21:31:31","slug":"benamor-alantoine-gift-set","status":"publish","type":"product","link":"https:\/\/www.7scents.hu\/en\/termek\/benamor-alantoine-gift-set\/","title":{"rendered":"Benam\u00f4r <br\/>Alanto\u00edne Gift Set"},"content":{"rendered":"<p>Benam\u00f4r Alanto\u00edne Gift Set is the perfect present for a loved one who likes to take care of their body with nurturing ingredients and a deliciously delicate citrus scent. This allantoin rich gift set includes a 30ml Alanto\u00edne Hand Cream, a 200ml Alanto\u00edne Body Butter and a 12ml Alanto\u00edne Lip Balm. All three products contain the brand\u2019s iconic allantoin which is noted for its moisturizing and keratolytic effects. This miracle substance is noted for its ability to increase hydration of the skin\u2019s extracellular matrix and has a delicate peeling effect on the upper layers of dead skin cells for softer, smoother skin.<\/p>\n<p>Benam\u00f4r Alanto\u00edne Gift Set comes in a highly collectable art deco designed box &#8211; classic Benam\u00f4r &#8211; which is a piece of beauty in its own right.<\/p>\n","protected":false},"excerpt":{"rendered":"<p>Benam\u00f4r Alanto\u00edne Gift Set is the perfect present for a loved one who likes to take care of their body with nurturing ingredients and a deliciously delicate citrus scent. This allantoin rich gift set includes a 30ml Alanto\u00edne Hand Cream, &#8230;<\/p>\n","protected":false},"featured_media":17901,"comment_status":"open","ping_status":"closed","template":"","meta":{"_acf_changed":false},"product_cat":[765,620,2139],"product_tag":[1331,1324,2706],"yst_prominent_words":[],"class_list":{"0":"post-17962","1":"product","2":"type-product","3":"status-publish","4":"has-post-thumbnail","6":"product_cat-gifts-for-men","7":"product_cat-gifts-for-women","8":"product_cat-sale","9":"product_tag-allantoin-en","10":"product_tag-benamor","11":"product_tag-citrom-en","12":"pa_brand-benamor","13":"pa_kiszereles-1-pack","14":"pa_marka-benamor-en","15":"pa_package-1-pack","16":"pa_place-of-origin-portugal","17":"pa_szarmazasi-hely-portugal","19":"first","20":"instock","21":"taxable","22":"shipping-taxable","23":"purchasable","24":"product-type-simple"},"acf":[],"_links":{"self":[{"href":"https:\/\/www.7scents.hu\/en\/wp-json\/wp\/v2\/product\/17962"}],"collection":[{"href":"https:\/\/www.7scents.hu\/en\/wp-json\/wp\/v2\/product"}],"about":[{"href":"https:\/\/www.7scents.hu\/en\/wp-json\/wp\/v2\/types\/product"}],"replies":[{"embeddable":true,"href":"https:\/\/www.7scents.hu\/en\/wp-json\/wp\/v2\/comments?post=17962"}],"wp:featuredmedia":[{"embeddable":true,"href":"https:\/\/www.7scents.hu\/en\/wp-json\/wp\/v2\/media\/17901"}],"wp:attachment":[{"href":"https:\/\/www.7scents.hu\/en\/wp-json\/wp\/v2\/media?parent=17962"}],"wp:term":[{"taxonomy":"product_cat","embeddable":true,"href":"https:\/\/www.7scents.hu\/en\/wp-json\/wp\/v2\/product_cat?post=17962"},{"taxonomy":"product_tag","embeddable":true,"href":"https:\/\/www.7scents.hu\/en\/wp-json\/wp\/v2\/product_tag?post=17962"},{"taxonomy":"yst_prominent_words","embeddable":true,"href":"https:\/\/www.7scents.hu\/en\/wp-json\/wp\/v2\/yst_prominent_words?post=17962"}],"curies":[{"name":"wp","href":"https:\/\/api.w.org\/{rel}","templated":true}]}}