{"id":17983,"date":"2020-03-22T12:52:16","date_gmt":"2020-03-22T12:52:16","guid":{"rendered":"https:\/\/www.7scents.hu\/?post_type=product&#038;p=17983"},"modified":"2023-04-17T22:26:54","modified_gmt":"2023-04-17T22:26:54","slug":"benamor-gordissimo-gift-set","status":"publish","type":"product","link":"https:\/\/www.7scents.hu\/en\/termek\/benamor-gordissimo-gift-set\/","title":{"rendered":"Benam\u00f4r <br\/>Gord\u00edssimo Gift Set"},"content":{"rendered":"<p>Benam\u00f4r Gord\u00edssimo Gift Set is a classic selection of sweet almond and vanilla scented Gord\u00edssimo products and includes a 30ml Gord\u00edssimo Hand Cream, 200ml Gord\u00edssimo Body Butter and a 12ml Gord\u00edssimo Lip Balm. As with all Gord\u00edssimo products, these nourishing body products contain lipid-rich natural oils such as shea, argan and castor oil, as well as beeswax for intensely smooth, soft and moisturized skin.<\/p>\n<p>Benam\u00f4r Gord\u00edssimo Gift Set comes in a highly collectable art deco designed box &#8211; classic Benam\u00f4r &#8211; which is a piece of beauty in its own right.<\/p>\n","protected":false},"excerpt":{"rendered":"<p>Benam\u00f4r Gord\u00edssimo Gift Set is a classic selection of sweet almond and vanilla scented Gord\u00edssimo products and includes a 30ml Gord\u00edssimo Hand Cream, 200ml Gord\u00edssimo Body Butter and a 12ml Gord\u00edssimo Lip Balm. As with all Gord\u00edssimo products, these nourishing &#8230;<\/p>\n","protected":false},"featured_media":17905,"comment_status":"open","ping_status":"closed","template":"","meta":{"_acf_changed":false},"product_cat":[765,620,2139],"product_tag":[927,1324,1338,1341,2690],"yst_prominent_words":[],"class_list":{"0":"post-17983","1":"product","2":"type-product","3":"status-publish","4":"has-post-thumbnail","6":"product_cat-gifts-for-men","7":"product_cat-gifts-for-women","8":"product_cat-sale","9":"product_tag-aloe-vera-en","10":"product_tag-benamor","11":"product_tag-gordissimo-en","12":"product_tag-sweet-almond-en","13":"product_tag-vanilia-en","14":"pa_brand-benamor","15":"pa_kiszereles-1-pack","16":"pa_marka-benamor-en","17":"pa_package-1-pack","18":"pa_place-of-origin-portugal","19":"pa_szarmazasi-hely-portugal","21":"first","22":"instock","23":"taxable","24":"shipping-taxable","25":"purchasable","26":"product-type-simple"},"acf":[],"_links":{"self":[{"href":"https:\/\/www.7scents.hu\/en\/wp-json\/wp\/v2\/product\/17983"}],"collection":[{"href":"https:\/\/www.7scents.hu\/en\/wp-json\/wp\/v2\/product"}],"about":[{"href":"https:\/\/www.7scents.hu\/en\/wp-json\/wp\/v2\/types\/product"}],"replies":[{"embeddable":true,"href":"https:\/\/www.7scents.hu\/en\/wp-json\/wp\/v2\/comments?post=17983"}],"wp:featuredmedia":[{"embeddable":true,"href":"https:\/\/www.7scents.hu\/en\/wp-json\/wp\/v2\/media\/17905"}],"wp:attachment":[{"href":"https:\/\/www.7scents.hu\/en\/wp-json\/wp\/v2\/media?parent=17983"}],"wp:term":[{"taxonomy":"product_cat","embeddable":true,"href":"https:\/\/www.7scents.hu\/en\/wp-json\/wp\/v2\/product_cat?post=17983"},{"taxonomy":"product_tag","embeddable":true,"href":"https:\/\/www.7scents.hu\/en\/wp-json\/wp\/v2\/product_tag?post=17983"},{"taxonomy":"yst_prominent_words","embeddable":true,"href":"https:\/\/www.7scents.hu\/en\/wp-json\/wp\/v2\/yst_prominent_words?post=17983"}],"curies":[{"name":"wp","href":"https:\/\/api.w.org\/{rel}","templated":true}]}}