{"id":17990,"date":"2020-03-22T15:31:55","date_gmt":"2020-03-22T15:31:56","guid":{"rendered":"https:\/\/www.7scents.hu\/?post_type=product&#038;p=17990"},"modified":"2023-08-07T14:13:12","modified_gmt":"2023-08-07T14:13:12","slug":"benamor-jacaranda-soap","status":"publish","type":"product","link":"https:\/\/www.7scents.hu\/en\/termek\/benamor-jacaranda-soap\/","title":{"rendered":"Benam\u00f4r <br\/>Jacarand\u00e1 Soap"},"content":{"rendered":"<p>Benam\u00f4r Jacarand\u00e1 Soap is the classic bar soap choice for Benam\u00f4r clients who love their artisan soap to come with a majestic, subtle floral scent. The Jacarand\u00e1 Perfumed Soap is inspired by Lisbon\u2019s answer to the Garden of Eden. Every year the city is cloaked in the alluring fragrance of the Jacaranda flower, which blooms for only a few precious days each year. This exoticly scented, lilac soap gives hand and body washing the added nourishment of shea butter. The soap is also enriched with the natural glycerin for deep hydration. Use in combination with Benam\u00f4r Jacarand\u00e1 Hand Cream to leave the skin even more soft and delicately perfumed. Suitable for normal skin.<\/p>\n<p>KEY INGREDIENTS<br \/>\n&#8211; Glycerin with its moist properties, keeps skin hydrated<br \/>\n&#8211; Shea Butter protects, nourishes, hydrates and softens skin.<br \/>\n&#8211; Coconut oil and sunflower oil are emollient ingredients that help to hydrate and soften skin.<\/p>\n<ul>\n<li>0% paraben<\/li>\n<li>0% petroleum<\/li>\n<li>0% phenoxyethanol<\/li>\n<li>Cruelty-free<\/li>\n<li>Dermatologically tested<\/li>\n<\/ul>\n<p>How to Apply<br \/>\nApply Benam\u00f4r Jacarand\u00e1 Soap on wet skin. Wash, massage and rinse with water.<\/p>\n","protected":false},"excerpt":{"rendered":"<p>Sodium Palmate, Sodium Palm Kernelate, Aqua (Water), PEG-50 Shea Butter, Glycerin, Sunflower Seed Oil Glycereth-8 Esthers, Parfum (Fragrance), Isodecyl Oleate, Cocos Nucifera (Coconut) Oil, Cocamidopropyl Betaine, Tetrasodium EDTA, Tetrasodium Etidronate, Sodium Chloride, Titanium Dioxide (CI 77891), Sodium Hydroxide, CI 17200 (DC Red N\u00ba33), CI 42090 (FDC Blue N\u00ba1), Benzyl Salicylate, Hexyl Cinnamal, Limonene, Linalool.<\/p>\n","protected":false},"featured_media":17837,"comment_status":"open","ping_status":"closed","template":"","meta":{"_acf_changed":false},"product_cat":[493],"product_tag":[1324,2693,1343,2712,2691,1119],"yst_prominent_words":[],"class_list":{"0":"post-17990","1":"product","2":"type-product","3":"status-publish","4":"has-post-thumbnail","6":"product_cat-soaps","7":"product_tag-benamor","8":"product_tag-glicerin-en","9":"product_tag-jacaranda-en","10":"product_tag-kokuszolaj-en","11":"product_tag-shea-vaj-en","12":"product_tag-sunflower","13":"pa_brand-benamor","14":"pa_kiszereles-100g-en","15":"pa_marka-benamor-en","16":"pa_package-100g","17":"pa_place-of-origin-portugal","18":"pa_szarmazasi-hely-portugal","20":"first","21":"outofstock","22":"taxable","23":"shipping-taxable","24":"purchasable","25":"product-type-simple"},"acf":[],"_links":{"self":[{"href":"https:\/\/www.7scents.hu\/en\/wp-json\/wp\/v2\/product\/17990"}],"collection":[{"href":"https:\/\/www.7scents.hu\/en\/wp-json\/wp\/v2\/product"}],"about":[{"href":"https:\/\/www.7scents.hu\/en\/wp-json\/wp\/v2\/types\/product"}],"replies":[{"embeddable":true,"href":"https:\/\/www.7scents.hu\/en\/wp-json\/wp\/v2\/comments?post=17990"}],"wp:featuredmedia":[{"embeddable":true,"href":"https:\/\/www.7scents.hu\/en\/wp-json\/wp\/v2\/media\/17837"}],"wp:attachment":[{"href":"https:\/\/www.7scents.hu\/en\/wp-json\/wp\/v2\/media?parent=17990"}],"wp:term":[{"taxonomy":"product_cat","embeddable":true,"href":"https:\/\/www.7scents.hu\/en\/wp-json\/wp\/v2\/product_cat?post=17990"},{"taxonomy":"product_tag","embeddable":true,"href":"https:\/\/www.7scents.hu\/en\/wp-json\/wp\/v2\/product_tag?post=17990"},{"taxonomy":"yst_prominent_words","embeddable":true,"href":"https:\/\/www.7scents.hu\/en\/wp-json\/wp\/v2\/yst_prominent_words?post=17990"}],"curies":[{"name":"wp","href":"https:\/\/api.w.org\/{rel}","templated":true}]}}