{"id":17994,"date":"2020-03-22T15:47:11","date_gmt":"2020-03-22T15:47:12","guid":{"rendered":"https:\/\/www.7scents.hu\/?post_type=product&#038;p=17994"},"modified":"2023-08-07T14:13:12","modified_gmt":"2023-08-07T14:13:12","slug":"benamor-jacaranda-supreme-body-butter","status":"publish","type":"product","link":"https:\/\/www.7scents.hu\/en\/termek\/benamor-jacaranda-supreme-body-butter\/","title":{"rendered":"Benam\u00f4r <br\/>Jacarand\u00e1 Supreme Body Butter"},"content":{"rendered":"<p>Benam\u00f4r Jacarand\u00e1 Supreme Body Butter is delicately scented with the mild perfume of the jacaranda flower. The electric lilac bloom of the jacaranda tree is an iconic Lisbon sight as it transforms the cityscape for only a few precious days each spring. Benam\u00f4r Jacarand\u00e1 Supreme Body Butter, however, has a lasting effect on the body\u2019s beauty as it is laden with an exclusive combination of aloe vera and shea butter in a secret recipe. The addition of sweet almond oil nourishes the skin and makes it supple to the touch. The unique velvety-soft texture softens the skin and leaves it deliciously scented and hydrated. Supremely Portuguese! Suitable for normal to dry skin.<\/p>\n<p>KEY INGREDIENTS<br \/>\n&#8211; Sweet almond oil acts as an emollient, giving the skin an extraordinary feeling of softness and hydration, preventing aging and improving skin\u2019s elasticity.<br \/>\n&#8211; Shea Butter protects, nourishes, hydrates and softens skin.<br \/>\n&#8211; Aloe Vera has hydrating and smoothing properties.<\/p>\n<ul>\n<li>86% Natural ingredients<\/li>\n<li>0% paraben<\/li>\n<li>0% petroleum<\/li>\n<li>0% phenoxyethanol<\/li>\n<li>Cruelty-free &amp; VEGAN<\/li>\n<li>Dermatologically tested<\/li>\n<\/ul>\n<p>How to Apply<br \/>\nApply Benam\u00f4r Jacarand\u00e1 Supreme Body Butter to clean skin, spreading gently and massaging until totally absorbed. Pay particular attention to all body parts in need of hydration such as elbows and knees.<\/p>\n","protected":false},"excerpt":{"rendered":"<p><span class=\"TextRun SCXW209417704 BCX0\" lang=\"HU-HU\" xml:lang=\"HU-HU\" data-contrast=\"auto\"><span class=\"SpellingError SCXW209417704 BCX0\">Aqua (Water), Butyrospermum Parkii (Shea) Butter, Ethylhexyl Palmitate, Cetearyl Alcohol, Glycerin, Prunus Amygdalus Dulcis (Sweet Almond) Oil, Caprylic\/Capric Triglyceride, Dicaprylyl Carbonate, Ceteareth-20, Glyceryl Stearate, Polyacrylate Crosspolymer-6, Propylene Glycol, Citric Acid, Hexyl Cinnamal, Alpha-Isomethyl Ionone, Aloe Barbadensis leaf Extract, Hydroxycitronellal, Coumarin, Parfum (Fragance), Sodium Benzoate, Potassium Sorbate, Tocopherol, Limonene, Linalool, Benzyl Salicylate, Citronellol. <\/span><\/span><\/p>\n","protected":false},"featured_media":17887,"comment_status":"open","ping_status":"closed","template":"","meta":{"_acf_changed":false},"product_cat":[1350,2139],"product_tag":[927,1324,2699,2693,1343,2691,1329],"yst_prominent_words":[],"class_list":{"0":"post-17994","1":"product","2":"type-product","3":"status-publish","4":"has-post-thumbnail","6":"product_cat-body-butter","7":"product_cat-sale","8":"product_tag-aloe-vera-en","9":"product_tag-benamor","10":"product_tag-edesmandula-olaj-en","11":"product_tag-glicerin-en","12":"product_tag-jacaranda-en","13":"product_tag-shea-vaj-en","14":"product_tag-vegan-en","15":"pa_brand-benamor","16":"pa_kiszereles-200ml-en","17":"pa_marka-benamor-en","18":"pa_package-200ml","19":"pa_place-of-origin-portugal","20":"pa_szarmazasi-hely-portugal","22":"first","23":"outofstock","24":"taxable","25":"shipping-taxable","26":"purchasable","27":"product-type-simple"},"acf":[],"_links":{"self":[{"href":"https:\/\/www.7scents.hu\/en\/wp-json\/wp\/v2\/product\/17994"}],"collection":[{"href":"https:\/\/www.7scents.hu\/en\/wp-json\/wp\/v2\/product"}],"about":[{"href":"https:\/\/www.7scents.hu\/en\/wp-json\/wp\/v2\/types\/product"}],"replies":[{"embeddable":true,"href":"https:\/\/www.7scents.hu\/en\/wp-json\/wp\/v2\/comments?post=17994"}],"wp:featuredmedia":[{"embeddable":true,"href":"https:\/\/www.7scents.hu\/en\/wp-json\/wp\/v2\/media\/17887"}],"wp:attachment":[{"href":"https:\/\/www.7scents.hu\/en\/wp-json\/wp\/v2\/media?parent=17994"}],"wp:term":[{"taxonomy":"product_cat","embeddable":true,"href":"https:\/\/www.7scents.hu\/en\/wp-json\/wp\/v2\/product_cat?post=17994"},{"taxonomy":"product_tag","embeddable":true,"href":"https:\/\/www.7scents.hu\/en\/wp-json\/wp\/v2\/product_tag?post=17994"},{"taxonomy":"yst_prominent_words","embeddable":true,"href":"https:\/\/www.7scents.hu\/en\/wp-json\/wp\/v2\/yst_prominent_words?post=17994"}],"curies":[{"name":"wp","href":"https:\/\/api.w.org\/{rel}","templated":true}]}}