{"id":17996,"date":"2020-03-22T15:53:51","date_gmt":"2020-03-22T15:53:52","guid":{"rendered":"https:\/\/www.7scents.hu\/?post_type=product&#038;p=17996"},"modified":"2023-08-07T14:13:12","modified_gmt":"2023-08-07T14:13:12","slug":"benamor-jacaranda-supreme-body-lotion","status":"publish","type":"product","link":"https:\/\/www.7scents.hu\/en\/termek\/benamor-jacaranda-supreme-body-lotion\/","title":{"rendered":"Benam\u00f4r <br\/>Jacarand\u00e1 Supreme Body Lotion"},"content":{"rendered":"<p>Benam\u00f4r Jacarand\u00e1 Body Lotion is a silky soft full body moisturizer developed by the cult Portuguese apothecary, which has been perfecting original beauty recipes since 1925. The delicate floral scented Benam\u00f4r Jacarand\u00e1 Body Lotion is named after Lisbon\u2019s iconic tree that covers the city with its electric lilac bloom for only a few precious days each spring. Enriched with organic aloe vera extract, this incredibly liquid lotion sinks in like no other, soothing and refreshing the skin. Guaranteed 100% Portuguese! Suitable for normal skin.<\/p>\n<p>KEY INGREDIENTS<br \/>\n&#8211; Organic Aloe Vera hydrates and smoothes the skin, known for its calming properties.<br \/>\n&#8211; Castor oil (vegetal oil) and carnauba wax (vegetal wax) a blend of powerful natural emollient ingredients acting as vegetal substitutes for paraffin and vaseline.<br \/>\n&#8211; Beeswax hydrates and nourishes skin, turning it softer and smoother.<\/p>\n<ul>\n<li>83% Natural ingredients<\/li>\n<li>0% paraben<\/li>\n<li>0% petroleum<\/li>\n<li>0% phenoxyethanol<\/li>\n<li>Cruelty-free<\/li>\n<li>Dermatologically tested<\/li>\n<\/ul>\n<p>How to Apply<br \/>\nApply Benam\u00f4r Jacarand\u00e1 Body Lotion on clean skin. Spread gently and massage until totally absorbed.<\/p>\n","protected":false},"excerpt":{"rendered":"<p><span class=\"TextRun SCXW209417704 BCX0\" lang=\"HU-HU\" xml:lang=\"HU-HU\" data-contrast=\"auto\"><span class=\"SpellingError SCXW209417704 BCX0\">Aqua (Water), Butyrospermum Parkii (Shea) Butter, Ethylhexyl Palmitate, Cetearyl Alcohol, Glycerin, Prunus Amygdalus Dulcis (Sweet Almond) Oil, Caprylic\/Capric Triglyceride, Dicaprylyl Carbonate, Ceteareth-20, Glyceryl Stearate, Polyacrylate Crosspolymer-6, Propylene Glycol, Citric Acid, Hexyl Cinnamal, Alpha-Isomethyl Ionone, Aloe Barbadensis leaf Extract, Hydroxycitronellal, Coumarin, Parfum (Fragance), Sodium Benzoate, Potassium Sorbate, Tocopherol, Limonene, Linalool, Benzyl Salicylate, Citronellol. <\/span><\/span><\/p>\n","protected":false},"featured_media":17921,"comment_status":"open","ping_status":"closed","template":"","meta":{"_acf_changed":false},"product_cat":[564],"product_tag":[927,1324,1343,2702,2700,2701],"yst_prominent_words":[],"class_list":{"0":"post-17996","1":"product","2":"type-product","3":"status-publish","4":"has-post-thumbnail","6":"product_cat-body-lotion","7":"product_tag-aloe-vera-en","8":"product_tag-benamor","9":"product_tag-jacaranda-en","10":"product_tag-karnaubaviasz-en","11":"product_tag-mehviasz-en","12":"product_tag-ricinusolaj-en","13":"pa_brand-benamor","14":"pa_kiszereles-300ml-en","15":"pa_marka-benamor-en","16":"pa_package-300ml","17":"pa_place-of-origin-portugal","18":"pa_szarmazasi-hely-portugal","20":"first","21":"outofstock","22":"taxable","23":"shipping-taxable","24":"purchasable","25":"product-type-simple"},"acf":[],"_links":{"self":[{"href":"https:\/\/www.7scents.hu\/en\/wp-json\/wp\/v2\/product\/17996"}],"collection":[{"href":"https:\/\/www.7scents.hu\/en\/wp-json\/wp\/v2\/product"}],"about":[{"href":"https:\/\/www.7scents.hu\/en\/wp-json\/wp\/v2\/types\/product"}],"replies":[{"embeddable":true,"href":"https:\/\/www.7scents.hu\/en\/wp-json\/wp\/v2\/comments?post=17996"}],"wp:featuredmedia":[{"embeddable":true,"href":"https:\/\/www.7scents.hu\/en\/wp-json\/wp\/v2\/media\/17921"}],"wp:attachment":[{"href":"https:\/\/www.7scents.hu\/en\/wp-json\/wp\/v2\/media?parent=17996"}],"wp:term":[{"taxonomy":"product_cat","embeddable":true,"href":"https:\/\/www.7scents.hu\/en\/wp-json\/wp\/v2\/product_cat?post=17996"},{"taxonomy":"product_tag","embeddable":true,"href":"https:\/\/www.7scents.hu\/en\/wp-json\/wp\/v2\/product_tag?post=17996"},{"taxonomy":"yst_prominent_words","embeddable":true,"href":"https:\/\/www.7scents.hu\/en\/wp-json\/wp\/v2\/yst_prominent_words?post=17996"}],"curies":[{"name":"wp","href":"https:\/\/api.w.org\/{rel}","templated":true}]}}