{"id":18002,"date":"2020-03-22T16:12:58","date_gmt":"2020-03-22T16:12:59","guid":{"rendered":"https:\/\/www.7scents.hu\/?post_type=product&#038;p=18002"},"modified":"2023-11-29T13:03:54","modified_gmt":"2023-11-29T13:03:54","slug":"benamor-jacaranda-gift-set","status":"publish","type":"product","link":"https:\/\/www.7scents.hu\/en\/termek\/benamor-jacaranda-gift-set\/","title":{"rendered":"Benam\u00f4r <br\/>Jacarand\u00e1 Gift Set"},"content":{"rendered":"<p>Benam\u00f4r Jacarand\u00e1 Gift Set is a beautifully designed box containing reviving floral scented body products from Benam\u00f4r\u2019s Jacarand\u00e1 product line. The Gift Set includes a 30ml Jacarand\u00e1 Hand Cream, 200ml Jacarand\u00e1 Body Butter and 12ml Jacarand\u00e1 Lip Balm.<\/p>\n<p>The lilac toned box is itself inspired by the electric blue blossoms of Lisbon\u2019s iconic jacaranda tree and is decorated in art deco style &#8211; classically Benam\u00f4r.<\/p>\n","protected":false},"excerpt":{"rendered":"<p>Benam\u00f4r Jacarand\u00e1 Gift Set is a beautifully designed box containing reviving floral scented body products from Benam\u00f4r\u2019s Jacarand\u00e1 product line. The Gift Set includes a 30ml Jacarand\u00e1 Hand Cream, 200ml Jacarand\u00e1 Body Butter and 12ml Jacarand\u00e1 Lip Balm. The lilac &#8230;<\/p>\n","protected":false},"featured_media":17897,"comment_status":"open","ping_status":"closed","template":"","meta":{"_acf_changed":false},"product_cat":[620,2139],"product_tag":[1324,1343],"yst_prominent_words":[],"class_list":{"0":"post-18002","1":"product","2":"type-product","3":"status-publish","4":"has-post-thumbnail","6":"product_cat-gifts-for-women","7":"product_cat-sale","8":"product_tag-benamor","9":"product_tag-jacaranda-en","10":"pa_brand-benamor","11":"pa_kiszereles-1-pack","12":"pa_marka-benamor-en","13":"pa_package-1-pack","14":"pa_place-of-origin-portugal","15":"pa_szarmazasi-hely-portugal","17":"first","18":"instock","19":"taxable","20":"shipping-taxable","21":"purchasable","22":"product-type-simple"},"acf":[],"_links":{"self":[{"href":"https:\/\/www.7scents.hu\/en\/wp-json\/wp\/v2\/product\/18002"}],"collection":[{"href":"https:\/\/www.7scents.hu\/en\/wp-json\/wp\/v2\/product"}],"about":[{"href":"https:\/\/www.7scents.hu\/en\/wp-json\/wp\/v2\/types\/product"}],"replies":[{"embeddable":true,"href":"https:\/\/www.7scents.hu\/en\/wp-json\/wp\/v2\/comments?post=18002"}],"wp:featuredmedia":[{"embeddable":true,"href":"https:\/\/www.7scents.hu\/en\/wp-json\/wp\/v2\/media\/17897"}],"wp:attachment":[{"href":"https:\/\/www.7scents.hu\/en\/wp-json\/wp\/v2\/media?parent=18002"}],"wp:term":[{"taxonomy":"product_cat","embeddable":true,"href":"https:\/\/www.7scents.hu\/en\/wp-json\/wp\/v2\/product_cat?post=18002"},{"taxonomy":"product_tag","embeddable":true,"href":"https:\/\/www.7scents.hu\/en\/wp-json\/wp\/v2\/product_tag?post=18002"},{"taxonomy":"yst_prominent_words","embeddable":true,"href":"https:\/\/www.7scents.hu\/en\/wp-json\/wp\/v2\/yst_prominent_words?post=18002"}],"curies":[{"name":"wp","href":"https:\/\/api.w.org\/{rel}","templated":true}]}}