{"id":18006,"date":"2020-03-22T16:26:19","date_gmt":"2020-03-22T16:26:19","guid":{"rendered":"https:\/\/www.7scents.hu\/?post_type=product&#038;p=18006"},"modified":"2023-12-16T01:23:44","modified_gmt":"2023-12-16T01:23:44","slug":"benamor-rose-amelie-lip-balm","status":"publish","type":"product","link":"https:\/\/www.7scents.hu\/en\/termek\/benamor-rose-amelie-lip-balm\/","title":{"rendered":"Benam\u00f4r <br\/>Rose Am\u00e9lie Lip Balm"},"content":{"rendered":"<p>Benam\u00f4r Rose Am\u00e9lie Lip Balm is the classic Portuguese brand\u2019s latest trick for adding plumping moisture to the lips. The rose infused balm contains 99% natural ingredients such as shea butter, argan oil, coconut and sweet almonds. Benam\u00f4r Rose Am\u00e9lie Lip Balm has an ultra velvety texture which instantly softens and nourishes lips, protecting them against external aggressors such as wind, extreme cold and sun. The lip balm is deliciously perfumed with the scent of rose petals and is named after Portugal\u2019s form queen Am\u00e9lie, one of the brand\u2019s earliest fans. The Rose Am\u00e9lie Lip Balm comes in an adorable, art deco inspired box, adding to the overall feeling of royal sophistication.<\/p>\n<ul>\n<li>99% Natural ingredients<\/li>\n<li>0% paraben<\/li>\n<li>0% petroleum<\/li>\n<li>0% phenoxyethanol<\/li>\n<li>Cruelty-free<\/li>\n<li>Dermatologically tested<\/li>\n<\/ul>\n<p>KEY INGREDIENTS<br \/>\n&#8211; Beeswax hydrates and nourishes, turning lips softer and smoother.<br \/>\n&#8211; Shea Butter protects and softens lips.<br \/>\n&#8211; A blend of vegetable oils (argan, coconut, almond and olus oil) provides an emollient action, giving lips an extraordinary feeling of softness and hydration, improving their elasticity.<\/p>\n<p>How to Apply<br \/>\nApply Benam\u00f4r Rose Am\u00e9lie Lip Balm on lips and spread gently. Can be used repeatedly whenever necessary throughout the day.<\/p>\n","protected":false},"excerpt":{"rendered":"<p>Olus (Vegetable) Oil, Cera Alba (Beeswax), Prunus Amydgalus Dulcis (Sweet Almond) Oil, Butyrospermum Parkii (Shea Butter), Cocos Nucifera (Coconut) Oil, Argania Spinosa Kernel Oil, Tocopherol, Parfum (Fragrance), Sodium Saccharin, Alpha-Isomethyl Ionone, Benzyl Salicylate, Citronnellol, Geraniol, Hexyl Cinnamal.<\/p>\n","protected":false},"featured_media":17853,"comment_status":"open","ping_status":"closed","template":"","meta":{"_acf_changed":false},"product_cat":[3490,1037],"product_tag":[2692,1324,2699,2712,2700,2783,1345,2691],"yst_prominent_words":[],"class_list":{"0":"post-18006","1":"product","2":"type-product","3":"status-publish","4":"has-post-thumbnail","6":"product_cat-cosmetics","7":"product_cat-lip-balm","8":"product_tag-arganolaj-en","9":"product_tag-benamor","10":"product_tag-edesmandula-olaj-en","11":"product_tag-kokuszolaj-en","12":"product_tag-mehviasz-en","13":"product_tag-rozsa-en","14":"product_tag-rose-amelie-en","15":"product_tag-shea-vaj-en","16":"pa_brand-benamor","17":"pa_kiszereles-12ml-en","18":"pa_marka-benamor-en","19":"pa_package-12ml","20":"pa_place-of-origin-portugal","21":"pa_szarmazasi-hely-portugal","23":"first","24":"outofstock","25":"taxable","26":"shipping-taxable","27":"purchasable","28":"product-type-simple"},"acf":[],"_links":{"self":[{"href":"https:\/\/www.7scents.hu\/en\/wp-json\/wp\/v2\/product\/18006"}],"collection":[{"href":"https:\/\/www.7scents.hu\/en\/wp-json\/wp\/v2\/product"}],"about":[{"href":"https:\/\/www.7scents.hu\/en\/wp-json\/wp\/v2\/types\/product"}],"replies":[{"embeddable":true,"href":"https:\/\/www.7scents.hu\/en\/wp-json\/wp\/v2\/comments?post=18006"}],"wp:featuredmedia":[{"embeddable":true,"href":"https:\/\/www.7scents.hu\/en\/wp-json\/wp\/v2\/media\/17853"}],"wp:attachment":[{"href":"https:\/\/www.7scents.hu\/en\/wp-json\/wp\/v2\/media?parent=18006"}],"wp:term":[{"taxonomy":"product_cat","embeddable":true,"href":"https:\/\/www.7scents.hu\/en\/wp-json\/wp\/v2\/product_cat?post=18006"},{"taxonomy":"product_tag","embeddable":true,"href":"https:\/\/www.7scents.hu\/en\/wp-json\/wp\/v2\/product_tag?post=18006"},{"taxonomy":"yst_prominent_words","embeddable":true,"href":"https:\/\/www.7scents.hu\/en\/wp-json\/wp\/v2\/yst_prominent_words?post=18006"}],"curies":[{"name":"wp","href":"https:\/\/api.w.org\/{rel}","templated":true}]}}