{"id":18025,"date":"2020-03-23T17:48:08","date_gmt":"2020-03-23T17:48:08","guid":{"rendered":"https:\/\/www.7scents.hu\/?post_type=product&#038;p=18025"},"modified":"2024-01-15T14:33:25","modified_gmt":"2024-01-15T14:33:25","slug":"benamor-rose-amelie-oil-gift-set","status":"publish","type":"product","link":"https:\/\/www.7scents.hu\/en\/termek\/benamor-rose-amelie-oil-gift-set\/","title":{"rendered":"Benam\u00f4r <br\/>Rose Am\u00e9lie Oil Gift Set"},"content":{"rendered":"<p>Benam\u00f4r Rose Am\u00e9lie Oil Gift Set is an irresistible collection of products infused with the sophisticated scent of the queen of flowers &#8211; the rose. Continuing the royal theme, Benam\u00f4r Rose Am\u00e9lie products are named after Queen Am\u00e9lie of Portugal who was one of the brand\u2019s earliest supporters. This practical gift set contains a 30ml Rose Am\u00e9lie Hand Cream, a 100ml Rose Am\u00e9lie Miracle Dry Oil and a 100g Rose Am\u00e9lie Soap. A wonderful gift for lovers of classic feminine sophistication.<\/p>\n<p>The beautifully designed box is a classic art deco design, iconic of Benam\u00f4r\u2019s glamorous history.<\/p>\n","protected":false},"excerpt":{"rendered":"<p>Benam\u00f4r Rose Am\u00e9lie Oil Gift Set is an irresistible collection of products infused with the sophisticated scent of the queen of flowers &#8211; the rose. Continuing the royal theme, Benam\u00f4r Rose Am\u00e9lie products are named after Queen Am\u00e9lie of Portugal &#8230;<\/p>\n","protected":false},"featured_media":17829,"comment_status":"open","ping_status":"closed","template":"","meta":{"_acf_changed":false},"product_cat":[620],"product_tag":[1324,2783,1345],"yst_prominent_words":[],"class_list":{"0":"post-18025","1":"product","2":"type-product","3":"status-publish","4":"has-post-thumbnail","6":"product_cat-gifts-for-women","7":"product_tag-benamor","8":"product_tag-rozsa-en","9":"product_tag-rose-amelie-en","10":"pa_brand-benamor","11":"pa_kiszereles-1-pack","12":"pa_marka-benamor-en","13":"pa_package-1-pack","14":"pa_place-of-origin-portugal","15":"pa_szarmazasi-hely-portugal","17":"first","18":"instock","19":"taxable","20":"shipping-taxable","21":"purchasable","22":"product-type-simple"},"acf":[],"_links":{"self":[{"href":"https:\/\/www.7scents.hu\/en\/wp-json\/wp\/v2\/product\/18025"}],"collection":[{"href":"https:\/\/www.7scents.hu\/en\/wp-json\/wp\/v2\/product"}],"about":[{"href":"https:\/\/www.7scents.hu\/en\/wp-json\/wp\/v2\/types\/product"}],"replies":[{"embeddable":true,"href":"https:\/\/www.7scents.hu\/en\/wp-json\/wp\/v2\/comments?post=18025"}],"wp:featuredmedia":[{"embeddable":true,"href":"https:\/\/www.7scents.hu\/en\/wp-json\/wp\/v2\/media\/17829"}],"wp:attachment":[{"href":"https:\/\/www.7scents.hu\/en\/wp-json\/wp\/v2\/media?parent=18025"}],"wp:term":[{"taxonomy":"product_cat","embeddable":true,"href":"https:\/\/www.7scents.hu\/en\/wp-json\/wp\/v2\/product_cat?post=18025"},{"taxonomy":"product_tag","embeddable":true,"href":"https:\/\/www.7scents.hu\/en\/wp-json\/wp\/v2\/product_tag?post=18025"},{"taxonomy":"yst_prominent_words","embeddable":true,"href":"https:\/\/www.7scents.hu\/en\/wp-json\/wp\/v2\/yst_prominent_words?post=18025"}],"curies":[{"name":"wp","href":"https:\/\/api.w.org\/{rel}","templated":true}]}}