{"id":18845,"date":"2020-05-25T12:58:54","date_gmt":"2020-05-25T12:58:54","guid":{"rendered":"https:\/\/www.7scents.hu\/?post_type=product&#038;p=18845"},"modified":"2025-12-31T13:45:16","modified_gmt":"2025-12-31T13:45:16","slug":"jmp-artisan-perfumes-parfum-teszter-mossy-soil-es-endless-forest","status":"publish","type":"product","link":"https:\/\/www.7scents.hu\/en\/termek\/jmp-artisan-perfumes-parfum-teszter-mossy-soil-es-endless-forest\/","title":{"rendered":"JMP Artisan Perfumes <br\/>Parf\u00fcm teszter Mossy Soil \u00e9s Endless Forest"},"content":{"rendered":"<p>JMP Artisan Perfumes k\u00e9t parf\u00fcm tesztere: Mossy Soil \u00e9s Endless Forest.<\/p>\n<p><a href=\"https:\/\/www.7scents.hu\/termek\/jmp-artisan-perfumes-mossy-soil-parfum-edp\/\">JMP Artisan Perfumes &#8220;Mossy Soil&#8221;<\/a> (50ml-es v\u00e1ltozatban is el\u00e9rhet\u0151) egy citrusos, f\u00e1s parf\u00fcm, amely gy\u00f6ny\u00f6r\u0171en \u00f6tv\u00f6zi a term\u00e9szet k\u00e9t kulcsfontoss\u00e1g\u00fa illat\u00e1t: a bergamottot \u00e9s az t\u00f6lgyfazuzm\u00f3t. A parf\u00fcm \u00e1t\u00edrja \u00e9s megvad\u00edtja a klasszikus francia Chypre parf\u00fcm piramist, amely hagyom\u00e1nyosan citrusos fejjegyeket, labdanum sz\u00edvjegyet \u00e9s moh\u00e1s, \u00e1llatias alapjegyeket tartalmaz. JMP Artisan Perfumes \u00e1talak\u00edtotta a klasszikus Chypre illatpiramis ar\u00e1nyait, meggazdag\u00edtva azt k\u00fcl\u00f6nleges \u00e1rnyalatokkal. A l\u00e9d\u00fas bergamott \u00e9s a citrom mark\u00e1ns szerepet kapnak, a leveg\u0151s aldehidek rafin\u00e1ltan kiemelik a citrusos jegyeket.<\/p>\n<p>A niche parf\u00fcm sz\u00edvjegyeiben keverednek a vir\u00e1gos \u00e9s a komplex f\u00f6ldes illatjegyek, az olibanumnak \u00e9s az \u00e9rt\u00e9kes orris gy\u00f6k\u00e9rnek k\u00f6sz\u00f6nhet\u0151en. Az alapjegyekben domin\u00e1lnak a m\u00e9ly, f\u00f6ldes, moh\u00e1s illatok.\u00a0 A t\u00f6lgyfazuzm\u00f3, a szant\u00e1lfa \u00e9s a vetiver b\u0151r illat\u00fa benyom\u00e1st kelt, m\u00edg a feh\u00e9r p\u00e9zsma, civet \u00e9s a castoreum titokzatos, \u00e1llatias m\u00e9lys\u00e9get ny\u00fajt a parf\u00fcmnek.<\/p>\n<p>Fejjegyek: aldehidek, bergamott, citrom<\/p>\n<p>Sz\u00edvjegyek: ylang-ylang, r\u00f3zsa, j\u00e1zmin sambac, olibanum, f\u00f6ld, orris, hedione<\/p>\n<p>Alapjegyek: b\u0151r, van\u00edlia, civet, castoreum, szant\u00e1lfa, vetiver, labdanum, pacsuli, t\u00f6lgyfazuzm\u00f3, feh\u00e9r p\u00e9zsma<\/p>\n<p><a href=\"https:\/\/www.7scents.hu\/termek\/jmp-artisan-perfumes-endless-forest-parfum-edp\/\">JMP Artisan Perfumes &#8220;Endless Forest&#8221;<\/a> (50ml-es v\u00e1ltozatban is el\u00e9rhet\u0151) egy meleg, f\u00e1s parf\u00fcm, amelyet az es\u0151 ut\u00e1ni erd\u0151 hangulata \u00e9s illata ihletett. A parf\u00fcm az atlaszi c\u00e9drusfa f\u0171szeres, balzsamos jegyeivel valamint a f\u00f6ldes papirusszal nyit. A sz\u00edvjegyekben egyes\u00fcl a f\u00e1s m\u00e9lys\u00e9g a friss\u00edt\u0151 z\u00f6ld illatokkal: megjelenik a vetiver \u00e9s a pacsuli a f\u00e1s illatjegyek mellett. A parf\u00fcm alapj\u00e1ul szolg\u00e1l\u00f3 feh\u00e9r p\u00e9zsma egy v\u00e9gtelen erd\u0151 hangulat\u00e1t id\u00e9zi, tet\u00e9zve a kis\u00e9rteties Iso E Super illatmolekul\u00e1val, amely az eg\u00e9sz parf\u00fcm vil\u00e1got \u00e1mulatba ejti k\u00f6zkedvelt f\u00e1s, \u00e1mbr\u00e1s illatjegyeivel.<\/p>\n<p>A JMP Artisan Perfumes &#8220;Endless Forest&#8221; parf\u00fcmben visszak\u00f6sz\u00f6n a nedves erdei lombozat, a feny\u0151t\u0171k, moh\u00e1k \u00e9s a gyant\u00e1k. Egy f\u00faj\u00e1s \u00e9s a parf\u00fcm \u00e1ltal elmer\u00fclhet\u00fcnk egy m\u00e9ly erd\u0151 tarka sz\u00edneiben \u00e9s gazdag illatvil\u00e1g\u00e1ban, a moh\u00e1s talajt\u00f3l kezdve eg\u00e9szen a nyirkos lombokig.<\/p>\n<p>Fejjegyek: c\u00e9drus, papirusz, b\u0151r<\/p>\n<p>Sz\u00edvjegyek: pacsuli, vetiver, f\u00e1s jegyek<\/p>\n<p>Alapjegyek: feh\u00e9r p\u00e9zsma, Iso E Super<\/p>\n<p>A JMP Artisan Perfumes parf\u00fcmjeit a f\u00fcggetlen lengyel parf\u00fcm\u00f6r Jakub Pietrynka k\u00e9sz\u00edtette. A parf\u00fcmh\u00e1z illatainak inspir\u00e1ci\u00f3ja a hagyom\u00e1nyos francia parf\u00fcmk\u00e9sz\u00edt\u00e9si technik\u00e1t \u00f6tv\u00f6zi k\u00fcl\u00f6nleges \u00e9s modern elemekkel. A niche Orr \u00e9rezhet\u0151 szenved\u00e9llyel k\u00e9sz\u00edti a minimalista, m\u00e9gis alapjaiban klasszikus parf\u00fcm\u00f6ket. JMP Artisan Perfumes a parf\u00fcm\u00f6k mai vil\u00e1g\u00e1ban uralkod\u00f3 kommersz szeml\u00e9let helyett a parf\u00fcmre, mint \u00fcvegbe z\u00e1rt m\u0171v\u00e9szetre \u00f6sszpontos\u00edt.<\/p>\n","protected":false},"excerpt":{"rendered":"<p>Mossy Soil: Alcohol denat., Parfum, Aqua, Dipropylene glycol, Limonene, Benzyl benzoate, Benzyl salicylate, Linalool, Citral, Benzyl Alcohol, Eugenol, Evernia prunastri (Oakmoss)<\/p>\n<p>Endless Forest: Alcohol denat., Parfum, Aqua, Dipropylene glycol, Limonene, Farnesol, Eugenol<\/p>\n","protected":false},"featured_media":18882,"comment_status":"open","ping_status":"closed","template":"","meta":{"_acf_changed":false},"product_cat":[524],"product_tag":[1506,141,290,1590,302,258,1589,1588,1587,1601,252,1586,1099,1075,1077,318,1600,239,214,217,1591,211,326,276],"yst_prominent_words":[],"class_list":{"0":"post-18845","1":"product","2":"type-product","3":"status-publish","4":"has-post-thumbnail","6":"product_cat-parfum-felfedezo-szett","7":"product_tag-aldehid","8":"product_tag-bergamott","9":"product_tag-bor","10":"product_tag-castoreum","11":"product_tag-cedrus","12":"product_tag-citrom","13":"product_tag-civet","14":"product_tag-fold","15":"product_tag-hedione","16":"product_tag-iso-e-super","17":"product_tag-jazmin","18":"product_tag-jmp-artisan-perfumes","19":"product_tag-labdanum","20":"product_tag-olibanum","21":"product_tag-orrisz-gyoker","22":"product_tag-pacsuli","23":"product_tag-papirusz","24":"product_tag-pezsma","25":"product_tag-rozsa","26":"product_tag-szantalfa","27":"product_tag-tolgyfazuzmo","28":"product_tag-vanilia","29":"product_tag-vetiver","30":"product_tag-ylang","31":"pa_kiszereles-2ml-2ml","32":"pa_marka-jmp-artisan-perfumes","33":"pa_szarmazasi-hely-lengyelorszag","35":"first","36":"outofstock","37":"taxable","38":"shipping-taxable","39":"purchasable","40":"product-type-simple"},"acf":[],"_links":{"self":[{"href":"https:\/\/www.7scents.hu\/en\/wp-json\/wp\/v2\/product\/18845"}],"collection":[{"href":"https:\/\/www.7scents.hu\/en\/wp-json\/wp\/v2\/product"}],"about":[{"href":"https:\/\/www.7scents.hu\/en\/wp-json\/wp\/v2\/types\/product"}],"replies":[{"embeddable":true,"href":"https:\/\/www.7scents.hu\/en\/wp-json\/wp\/v2\/comments?post=18845"}],"wp:featuredmedia":[{"embeddable":true,"href":"https:\/\/www.7scents.hu\/en\/wp-json\/wp\/v2\/media\/18882"}],"wp:attachment":[{"href":"https:\/\/www.7scents.hu\/en\/wp-json\/wp\/v2\/media?parent=18845"}],"wp:term":[{"taxonomy":"product_cat","embeddable":true,"href":"https:\/\/www.7scents.hu\/en\/wp-json\/wp\/v2\/product_cat?post=18845"},{"taxonomy":"product_tag","embeddable":true,"href":"https:\/\/www.7scents.hu\/en\/wp-json\/wp\/v2\/product_tag?post=18845"},{"taxonomy":"yst_prominent_words","embeddable":true,"href":"https:\/\/www.7scents.hu\/en\/wp-json\/wp\/v2\/yst_prominent_words?post=18845"}],"curies":[{"name":"wp","href":"https:\/\/api.w.org\/{rel}","templated":true}]}}