{"id":19089,"date":"2020-06-18T21:50:15","date_gmt":"2020-06-18T21:50:16","guid":{"rendered":"https:\/\/www.7scents.hu\/?post_type=product&#038;p=19089"},"modified":"2026-03-15T05:45:59","modified_gmt":"2026-03-15T05:45:59","slug":"senyoko-duo-des-fleurs-eau-de-parfum","status":"publish","type":"product","link":"https:\/\/www.7scents.hu\/en\/termek\/senyoko-duo-des-fleurs-eau-de-parfum\/","title":{"rendered":"Senyok\u00f4 <br\/>Duo des Fleurs Eau de Parfum"},"content":{"rendered":"<p>Senyok\u00f4 Duo des Fleurs Eau de Parfum celebrates two of the world\u2019s classic flowers &#8211; jasmine and rose. The niche perfume presents this traditional floral combination in a sensual and offbeat manner. The sensory unity of the pairing is a unique interplay of the strength and resilience, as well as the delicacy and longing associated with new love. The scent derives its inspiration and name from the famous aria in L\u00e9o Delibes\u2019 opera, \u2018Lakm\u00e9\u2019, set in 19th Century India. Duo de Fleurs is perhaps the most famous duet in opera history and unfolds when Indian brahmin girl, Lakm\u00e9, picks flowers with her maid along a river. At this very spot Lakm\u00e9 first meets British colonial officer, Gerald, and the ill-fated, cross-cultural romance begins. When Lakm\u00e9 learns that her forbidden love must leave India for a new post, she eats a poisonous flower to prove her devotion and dies in Gerald\u2019s arms.<\/p>\n<p>Senyok\u00f4 Duo des Fleurs perfume is richly floral and bears all the hallmarks of romantic delirium. Oriental top notes of red roses have a soft radiance as they caress the skin like a voluptuous purr of waxy petals. The delicate hum of white jasmine is bright yet sensual &#8211; just as the flower itself licks the evening air. This feminine floral pairing releases vaporous tendrils in an ethereal bouquet. This reimagines Lakm\u00e9\u2019s nymph-like figure awaiting Gerald \u2018where the white jasmine blends with the blood red roses\u2019 beside the languid waters of a sacred spring. The sense of myth and legend is continued by the sweet and exotic fruitiness of davana, an aromatic herb prized since ancient Hindu times.<\/p>\n<p>Senyoko Duo des Fleurs evokes the age-old process of distilling flowers in water as humid tropical rain connects molecules and brings the lovers into accord &#8211; rose and jasmine hang thick in a harmonious floral bouquet. Exotic base notes include mitti attar &#8211; an unctuous, loamy scented essential oil distilled from baked soil to replicate the lush scent of the first rains on dry earth. The offbeat drum of sandalwood adds a mild woody resonance to the humid earth base notes. The result is a mysterious floral filled tropical landscape. The orient is celebrated in all its aromatic brilliance; it is dense, wild and naturally beautiful.<\/p>\n<p>Perfumer: Euan McCall (Neandertal, Jorum Studi<\/p>\n<p>Top notes: rose de mai, jasmine sambac absolute, davana, and datura leaf<br \/>\nHeart notes: rose otto, jasmine \ufb02exile, rose petals, and jasmine buds<br \/>\nBase notes: Mysore sandalwood, musk, and mitti attar<\/p>\n<p>You can try the perfume with the samples and in 7scents:<br \/>\n1053 Budapest, Magyar utca 18, Hungary (Click  &gt;&gt; <a href=\"https:\/\/goo.gl\/maps\/EYr6LQCwWkhFHjuU7\">here<\/a> for directions)<br \/>\nOpen: M-F 10-18 and Sat 11-17<\/p>\n","protected":false},"excerpt":{"rendered":"<p>Alcohol denat.\/SD Alcohol 39-C, Parfum, Benzyl Alcohol, Benzyl Benzoate, Citral, Citronellol, Eugenol, Farnesol, Geraniol, Hydroxycitronellal, Limonene, Linalool<\/p>\n","protected":false},"featured_media":19076,"comment_status":"open","ping_status":"closed","template":"","meta":{"_acf_changed":false},"product_cat":[2152,2134,2144,2145,535,2129,2130],"product_tag":[1662,1661,1968,2716,1663,541,2783,2736,1647],"yst_prominent_words":[],"class_list":{"0":"post-19089","1":"product","2":"type-product","3":"status-publish","4":"has-post-thumbnail","6":"product_cat-animalic-perfume","7":"product_cat-avant-garde-perfume","8":"product_cat-elegant-women-perfume","9":"product_cat-erotic-perfume","10":"product_cat-perfume","11":"product_cat-rose-perfume","12":"product_cat-white-floral-perfume","13":"product_tag-datura-en","14":"product_tag-davana-en","15":"product_tag-euan-mccall-en","16":"product_tag-jazmin-en","17":"product_tag-mitti-attar-en","18":"product_tag-musk-en","19":"product_tag-rozsa-en","20":"product_tag-szantalfa-en","21":"product_tag-senyoko-en","22":"pa_kiszereles-1-5ml-sample","23":"pa_kiszereles-50ml-en","24":"pa_kiszereles-5ml-sample","25":"pa_marka-senyoko-en","26":"pa_szarmazasi-hely-france","28":"first","29":"instock","30":"taxable","31":"shipping-taxable","32":"purchasable","33":"product-type-variable"},"acf":[],"_links":{"self":[{"href":"https:\/\/www.7scents.hu\/en\/wp-json\/wp\/v2\/product\/19089"}],"collection":[{"href":"https:\/\/www.7scents.hu\/en\/wp-json\/wp\/v2\/product"}],"about":[{"href":"https:\/\/www.7scents.hu\/en\/wp-json\/wp\/v2\/types\/product"}],"replies":[{"embeddable":true,"href":"https:\/\/www.7scents.hu\/en\/wp-json\/wp\/v2\/comments?post=19089"}],"wp:featuredmedia":[{"embeddable":true,"href":"https:\/\/www.7scents.hu\/en\/wp-json\/wp\/v2\/media\/19076"}],"wp:attachment":[{"href":"https:\/\/www.7scents.hu\/en\/wp-json\/wp\/v2\/media?parent=19089"}],"wp:term":[{"taxonomy":"product_cat","embeddable":true,"href":"https:\/\/www.7scents.hu\/en\/wp-json\/wp\/v2\/product_cat?post=19089"},{"taxonomy":"product_tag","embeddable":true,"href":"https:\/\/www.7scents.hu\/en\/wp-json\/wp\/v2\/product_tag?post=19089"},{"taxonomy":"yst_prominent_words","embeddable":true,"href":"https:\/\/www.7scents.hu\/en\/wp-json\/wp\/v2\/yst_prominent_words?post=19089"}],"curies":[{"name":"wp","href":"https:\/\/api.w.org\/{rel}","templated":true}]}}