{"id":19833,"date":"2020-09-23T22:34:53","date_gmt":"2020-09-23T22:34:53","guid":{"rendered":"https:\/\/www.7scents.hu\/termek\/renier-perfumes-oud-rain-parfum-edp\/"},"modified":"2026-04-20T10:03:31","modified_gmt":"2026-04-20T10:03:31","slug":"renier-perfumes-oud-rain-parfum-edp","status":"publish","type":"product","link":"https:\/\/www.7scents.hu\/en\/termek\/renier-perfumes-oud-rain-parfum-edp\/","title":{"rendered":"Renier Perfumes <br\/>Oud Rain Tropical Storm (Extrait de Parfum) &#8211; 50ml"},"content":{"rendered":"<p>Renier Perfumes Oud Rain parf\u00fcm egy erotikusan t\u00f6lt\u00f6tt gy\u00fcm\u00f6lcsbomba, buja s\u00e1fr\u00e1ny sz\u00edvjegyekkel egy puha oud alapon. A parf\u00fcm nyit\u00e1sa egy \u00ednycsiklandoz\u00f3 tr\u00f3pusi gy\u00fcm\u00f6lcs mix: mang\u00f3, anan\u00e1sz, papaya \u00e9s szilva bizserget\u0151en \u00e9des elegye. Egyik gy\u00fcm\u00f6lcs sem uralja a kokt\u00e9lt, a mang\u00f3mag gyant\u00e1s \u00e9rint\u00e9se pedig komplex z\u00f6ld \u00e9s keserny\u00e9s eleganci\u00e1t k\u00f6lcs\u00f6n\u00f6z az \u00e9des komp\u00f3tnak. A zamatos, gy\u00fcm\u00f6lcs\u00f6s fejjegyek buja, v\u00f6r\u00f6s r\u00fazsos illata elm\u00e9ly\u00fcl a niche parf\u00fcm sz\u00edvjegy\u00e9ben: a b\u00e1rsonyos oud keleties melegs\u00e9get hoz. Az oud-ot sok parf\u00fcmben haszn\u00e1lj\u00e1k agressz\u00edven, az Oud Rain-ben viszont az oud finoman jelenik meg, l\u00e1gyan tekeredik az \u00e1llatias s\u00e1fr\u00e1ny \u00e9s a finom ciprus k\u00f6r\u00e9. Az Oud Rain lesz\u00e1rad\u00e1sn\u00e1l \u00e9rz\u00e9kien kit\u00e1gul a c\u00e9drusf\u00e1nak \u00e9s ambergrisnek k\u00f6sz\u00f6nhet\u0151en, t\u00f6k\u00e9letes a cs\u00e1b\u00edt\u00e1sra \u00e9s a sz\u00edvek megh\u00f3d\u00edt\u00e1s\u00e1ra. A Renier Perfumes Rain sorozat\u00e1nak legerotikusabb illata, az Oud Rain a b\u0151rre permetezve \u00e9letre kel. Az optimizmus \u00e9s a szexu\u00e1lis b\u00e1tors\u00e1g illata azoknak akik szeretik megszerezni, amit akarnak.<\/p>\n<p>Parf\u00fcm\u0151r: Daniel Josier<\/p>\n<p>Fejjegyek: mandarin, mang\u00f3, anan\u00e1sz, szilva, papaya, ciprus<br \/>\nSz\u00edvjegyek: oud, szant\u00e1lfa, szerecsendi\u00f3, s\u00e1fr\u00e1ny<br \/>\nAlapjegyek: oud, c\u00e9drusfa, cistus, \u00e1llatias jegyek<\/p>\n","protected":false},"excerpt":{"rendered":"<p>Alcohol denat., Parfum (Fragrance), Aqua (Water), Propylene Glycol, BHT, Benzyl Cinnamate, Citral, Citronellol, Eugenol, Farnesol, Geraniol, Butyl Phenyl Methyl Propional, d-Limonene, Linalool<\/p>\n","protected":false},"featured_media":20069,"comment_status":"open","ping_status":"closed","template":"","meta":{"_acf_changed":false},"product_cat":[2108,2113,2105,2095,2107,225],"product_tag":[1898,1074,884,1899,1811,320,275,228,1120,1773,426,217,813,832],"yst_prominent_words":[],"class_list":{"0":"post-19833","1":"product","2":"type-product","3":"status-publish","4":"has-post-thumbnail","6":"product_cat-animalis-parfum","7":"product_cat-erotikus-parfum","8":"product_cat-gyumolcsos-parfum","9":"product_cat-orientalis-parfum","10":"product_cat-oud-parfum","11":"product_cat-parfum","12":"product_tag-ananasz","13":"product_tag-cedrusfa","14":"product_tag-ciprus","15":"product_tag-cistus","16":"product_tag-daniel-josier","17":"product_tag-mandarin","18":"product_tag-mango","19":"product_tag-oud","20":"product_tag-papaya","21":"product_tag-renier-perfumes","22":"product_tag-safrany","23":"product_tag-szantalfa","24":"product_tag-szerecsendio","25":"product_tag-szilva","26":"pa_kiszereles-50ml","27":"pa_kiszereles-1-5ml-minta","28":"pa_kiszereles-5ml-minta","29":"pa_marka-renier-perfumes","30":"pa_szarmazasi-hely-csehorszag","32":"first","33":"instock","34":"taxable","35":"shipping-taxable","36":"purchasable","37":"product-type-variable"},"acf":[],"_links":{"self":[{"href":"https:\/\/www.7scents.hu\/en\/wp-json\/wp\/v2\/product\/19833"}],"collection":[{"href":"https:\/\/www.7scents.hu\/en\/wp-json\/wp\/v2\/product"}],"about":[{"href":"https:\/\/www.7scents.hu\/en\/wp-json\/wp\/v2\/types\/product"}],"replies":[{"embeddable":true,"href":"https:\/\/www.7scents.hu\/en\/wp-json\/wp\/v2\/comments?post=19833"}],"wp:featuredmedia":[{"embeddable":true,"href":"https:\/\/www.7scents.hu\/en\/wp-json\/wp\/v2\/media\/20069"}],"wp:attachment":[{"href":"https:\/\/www.7scents.hu\/en\/wp-json\/wp\/v2\/media?parent=19833"}],"wp:term":[{"taxonomy":"product_cat","embeddable":true,"href":"https:\/\/www.7scents.hu\/en\/wp-json\/wp\/v2\/product_cat?post=19833"},{"taxonomy":"product_tag","embeddable":true,"href":"https:\/\/www.7scents.hu\/en\/wp-json\/wp\/v2\/product_tag?post=19833"},{"taxonomy":"yst_prominent_words","embeddable":true,"href":"https:\/\/www.7scents.hu\/en\/wp-json\/wp\/v2\/yst_prominent_words?post=19833"}],"curies":[{"name":"wp","href":"https:\/\/api.w.org\/{rel}","templated":true}]}}