{"id":20408,"date":"2020-10-27T14:11:47","date_gmt":"2020-10-27T14:11:47","guid":{"rendered":"https:\/\/www.7scents.hu\/?post_type=product&#038;p=20408"},"modified":"2023-09-26T13:41:02","modified_gmt":"2023-09-26T13:41:02","slug":"un-soir-a-lopera-la-bayadere-reed-diffuser","status":"publish","type":"product","link":"https:\/\/www.7scents.hu\/en\/termek\/un-soir-a-lopera-la-bayadere-reed-diffuser\/","title":{"rendered":"Un Soir \u00e0 l&#8217;Op\u00e9ra <br\/>La Bayad\u00e8re Reed Diffuser"},"content":{"rendered":"<p>Un Soir \u00e0 l&#8217;Op\u00e9ra\u2019s La Bayad\u00e8re Reed Diffuser was inspired by the overture of Ludwig Minkus\u2019 renowned ballet. When valiant warrior, Solor arrives on stage on his elephant&#8217;s back he is accompanied by an oriental symphony of spices, perfumes and vibrant colours. The home scent has been specifically designed to reflect the grandeur of the Maharajah\u2019s India. Sandalwood\u2019s exotic depth plays a key role in the scent profile. This is complemented by the mysterious tones of patchouli and musk, as well as the sweetly spicy aroma of vanilla and saffron and earthy cinnamon and cumin. We highly recommend Un Soir \u00e0 l&#8217;Op\u00e9ra\u2019s La Bayad\u00e8re Reed Diffuser if you want to create an exotic and wonderfully oriental world in any room.<\/p>\n<p>The perfume for the home fragrance was made by French haute parfumeur, Emmanuel Philip in Grasse. Depending on the size of the room, the diffuser lasts for at least 2 months. For a more intense olfactory experience, spin the stylish black reeds upside down every now and again and turn your interior space into the luxurious sensory experience of the opera. The Reed Diffuser comes in an elegant box emblazoned with the Un Soir \u00e0 l\u2019Op\u00e9ra logo.<\/p>\n","protected":false},"excerpt":{"rendered":"<p>&nbsp;<\/p>\n<p>&nbsp;<\/p>\n","protected":false},"featured_media":20187,"comment_status":"open","ping_status":"closed","template":"","meta":{"_acf_changed":false},"product_cat":[624],"product_tag":[788,577,541,584,2736,816,2690],"yst_prominent_words":[],"class_list":{"0":"post-20408","1":"product","2":"type-product","3":"status-publish","4":"has-post-thumbnail","6":"product_cat-scent-diffuser","7":"product_tag-caraway","8":"product_tag-cinnamon","9":"product_tag-musk-en","10":"product_tag-patchouli","11":"product_tag-szantalfa-en","12":"product_tag-un-soir-a-lopera-en","13":"product_tag-vanilia-en","14":"pa_kiszereles-180ml-en","15":"pa_marka-un-soir-a-lopera-en","16":"pa_szarmazasi-hely-france","18":"first","19":"instock","20":"taxable","21":"shipping-taxable","22":"purchasable","23":"product-type-simple"},"acf":[],"_links":{"self":[{"href":"https:\/\/www.7scents.hu\/en\/wp-json\/wp\/v2\/product\/20408"}],"collection":[{"href":"https:\/\/www.7scents.hu\/en\/wp-json\/wp\/v2\/product"}],"about":[{"href":"https:\/\/www.7scents.hu\/en\/wp-json\/wp\/v2\/types\/product"}],"replies":[{"embeddable":true,"href":"https:\/\/www.7scents.hu\/en\/wp-json\/wp\/v2\/comments?post=20408"}],"wp:featuredmedia":[{"embeddable":true,"href":"https:\/\/www.7scents.hu\/en\/wp-json\/wp\/v2\/media\/20187"}],"wp:attachment":[{"href":"https:\/\/www.7scents.hu\/en\/wp-json\/wp\/v2\/media?parent=20408"}],"wp:term":[{"taxonomy":"product_cat","embeddable":true,"href":"https:\/\/www.7scents.hu\/en\/wp-json\/wp\/v2\/product_cat?post=20408"},{"taxonomy":"product_tag","embeddable":true,"href":"https:\/\/www.7scents.hu\/en\/wp-json\/wp\/v2\/product_tag?post=20408"},{"taxonomy":"yst_prominent_words","embeddable":true,"href":"https:\/\/www.7scents.hu\/en\/wp-json\/wp\/v2\/yst_prominent_words?post=20408"}],"curies":[{"name":"wp","href":"https:\/\/api.w.org\/{rel}","templated":true}]}}