{"id":21879,"date":"2021-02-18T22:52:00","date_gmt":"2021-02-18T22:52:01","guid":{"rendered":"https:\/\/www.7scents.hu\/?post_type=product&#038;p=21879"},"modified":"2024-11-29T12:17:57","modified_gmt":"2024-11-29T12:17:57","slug":"mendittorosa-stanze-giocchi-home-fragrance-diffuser-masolat","status":"publish","type":"product","link":"https:\/\/www.7scents.hu\/en\/termek\/mendittorosa-stanze-giocchi-home-fragrance-diffuser-masolat\/","title":{"rendered":"Mendittorosa <br\/>Stanze Giocchi Home Fragrance Diffuser (m\u00e1solat)"},"content":{"rendered":"<p>Mendittorosa Stanze Om Home Fragrance Diffuser is a meditative scent radiating incense, oriental woods and spices which encourages contemplation, prayer and spiritual awakening. Mendittorosa Stanze Om Home Fragrance Diffuser is the perfect accompaniment to practicing yoga, mindful introspection, or simply watching the sky or the flames in the fireplace. Deep sensual connection is enabled by oriental spices, while your inner energy source is replenished thanks to deep woods and resins.<\/p>\n<p>Renowned the world over for its niche perfumes, Naples based Mendittorosa has now turned its olfactory and aesthetic vision towards the intimacy of your home in its Stanze Home Fragrance collection. Meaning \u2018rooms\u2019 in Italian, stanze is also a word used internationally for a certain composition and form in music. A Stanze Om illat diff\u00fazor mint egy illatos zene lebeg a leveg\u0151ben \u00e9s lehet\u0151v\u00e9 teszi, medit\u00e1ci\u00f3t \u00e9s a befel\u00e9 fordul\u00e1st. Megtiszt\u00edtva a priv\u00e1t \u00e9s szem\u00e9lyes teret, \u00e1ld\u00e1s\u00e1t adja hogy a figyelem az \u00e9let fontos dolgaira \u00f6sszpontosulhasson.<\/p>\n<p>The Stanze collection is housed in precious bottles made by the Italian glass manufacturer Luigi Bormioli. Starting in the 16th century, the family has been dedicated to the art of glass-making for some twenty-five generations. With ultra-high quality, transparent glass, the bottles are pieces of art in their own right. These brilliant receptacles perfectly showcase the golden juice of Mendittorosa\u2019s home perfumes, which radiates beautifully through the twisted form of the glass. <\/p>\n<p>The cap\u2019s crackled glaze and fine lines indicate the readiness with which the Stanze scents are waiting to break loose from the bottle. Around each bottle\u2019s neck hangs a signature emblem made from different natural surfaces, indicating how each Stanze scent stands out for itself. The Stanze Home Fragrance Diffusers come with special Italian made beech wood sticks taken from sustainable forestry rather than the typical bamboo or rattan reeds. These high quality sticks are meant to be arranged like flowers in the bottle. They will absorb the perfumed nectar and add a new scented dimension to your rooms slowly and consistently. <\/p>\n<p>Top notes: black pepper (natural), incense (natural)<br \/>\nHeart: fir balsam (natural), Siberian pine (natural), labdanum (natural)<br \/>\nBase notes:  Virginian cedar wood (natural), vanilla<\/p>\n","protected":false},"excerpt":{"rendered":"<p>Mendittorosa Stanze Om Home Fragrance Diffuser is a meditative scent radiating incense, oriental woods and spices which encourages contemplation, prayer and spiritual awakening. Mendittorosa Stanze Om Home Fragrance Diffuser is the perfect accompaniment to practicing yoga, mindful introspection, or simply &#8230;<\/p>\n","protected":false},"featured_media":21872,"comment_status":"open","ping_status":"closed","template":"","meta":{"_acf_changed":false},"product_cat":[624],"product_tag":[736,2734,1835,2738,1101,1824,641,2031,2690],"yst_prominent_words":[],"class_list":{"0":"post-21879","1":"product","2":"type-product","3":"status-publish","4":"has-post-thumbnail","6":"product_cat-scent-diffuser","7":"product_tag-black-pepper-en","8":"product_tag-cedrusfa-en","9":"product_tag-fir-balsam","10":"product_tag-tomjen-en","11":"product_tag-labdanum-en","12":"product_tag-mendittorosa-en","13":"product_tag-pine-tree-en","14":"product_tag-stanze-en","15":"product_tag-vanilia-en","16":"pa_brand-mendittorosa","17":"pa_kiszereles-700ml-en","18":"pa_szarmazasi-hely-olaszorszag-en","20":"first","21":"outofstock","22":"taxable","23":"shipping-taxable","24":"purchasable","25":"product-type-simple"},"acf":[],"_links":{"self":[{"href":"https:\/\/www.7scents.hu\/en\/wp-json\/wp\/v2\/product\/21879"}],"collection":[{"href":"https:\/\/www.7scents.hu\/en\/wp-json\/wp\/v2\/product"}],"about":[{"href":"https:\/\/www.7scents.hu\/en\/wp-json\/wp\/v2\/types\/product"}],"replies":[{"embeddable":true,"href":"https:\/\/www.7scents.hu\/en\/wp-json\/wp\/v2\/comments?post=21879"}],"wp:featuredmedia":[{"embeddable":true,"href":"https:\/\/www.7scents.hu\/en\/wp-json\/wp\/v2\/media\/21872"}],"wp:attachment":[{"href":"https:\/\/www.7scents.hu\/en\/wp-json\/wp\/v2\/media?parent=21879"}],"wp:term":[{"taxonomy":"product_cat","embeddable":true,"href":"https:\/\/www.7scents.hu\/en\/wp-json\/wp\/v2\/product_cat?post=21879"},{"taxonomy":"product_tag","embeddable":true,"href":"https:\/\/www.7scents.hu\/en\/wp-json\/wp\/v2\/product_tag?post=21879"},{"taxonomy":"yst_prominent_words","embeddable":true,"href":"https:\/\/www.7scents.hu\/en\/wp-json\/wp\/v2\/yst_prominent_words?post=21879"}],"curies":[{"name":"wp","href":"https:\/\/api.w.org\/{rel}","templated":true}]}}