{"id":27137,"date":"2021-12-21T13:59:24","date_gmt":"2021-12-21T13:59:26","guid":{"rendered":"https:\/\/www.7scents.hu\/?post_type=product&#038;p=27137"},"modified":"2026-04-12T21:42:54","modified_gmt":"2026-04-12T21:42:54","slug":"senyoko-une-ile-pluvieuse-extrait-de-parfum","status":"publish","type":"product","link":"https:\/\/www.7scents.hu\/en\/termek\/senyoko-une-ile-pluvieuse-extrait-de-parfum\/","title":{"rendered":"Senyok\u00f4 <br\/>Une \u00cele Pluvieuse Extrait de Parfum"},"content":{"rendered":"<p>Senyok\u00f4 La Tsarine Une \u00cele Pluvieuse (Extrait de Parfum) is a floral green perfume, based around a beautiful mimosa absolut. Inspired by Yukio Mishima\u2019s 1950s novella The Sound of Waves (Shiosai), Une \u00cele Pluvieuse conveys the mystique of a lovers\u2019 tryst down a pathway drenched in rain, veiled in mist, scented by the sea spray and bejeweled by the forest flora, on a faraway island in Japan.<\/p>\n<p>\u201cThe sea is the place where a fisherman earns his living, a rippling field where, instead of waving heads of rice or wheat, the white and formless harvest of waves is forever swaying above the unrelieved blueness of a sensitive and shifting soil.&#8221;<\/p>\n<p>The nose of the perfume is Euan Mccall (Jorum Studio, Neandertal)<\/p>\n<p>Top Notes: grapefruit, pollen, violet leaf absolute &amp; rain<br \/>\nHeart Notes: peony, lilac &amp; mimosa absolute<br \/>\nBase Notes: ambergris, vetiver, calamus, patchouli, Japanese cedar &amp; oakmoss absolute<\/p>\n<p>You can try the perfume with the samples and in 7scents:<br \/>\n1053 Budapest, Magyar utca 18, Hungary (Click  &gt;&gt; <a href=\"https:\/\/goo.gl\/maps\/EYr6LQCwWkhFHjuU7\">here<\/a> for directions)<br \/>\nOpen: M-F 10-18 and Sat 11-17<\/p>\n","protected":false},"excerpt":{"rendered":"<p>Alcohol denat., Parfum (Fragrance), Limonene, Linalool, Citral, Geraniol, Eugenol<\/p>\n","protected":false},"featured_media":27143,"comment_status":"open","ping_status":"closed","template":"","meta":{"_acf_changed":false},"product_cat":[2144,2157,2133,535],"product_tag":[1651,560,1968,742,603,1534,584,973,1647,598,2234],"yst_prominent_words":[],"class_list":{"0":"post-27137","1":"product","2":"type-product","3":"status-publish","4":"has-post-thumbnail","6":"product_cat-elegant-women-perfume","7":"product_cat-herbal-aromatic-green-perfume","8":"product_cat-ozonic-perfumes","9":"product_cat-perfume","10":"product_tag-ambergris-en","11":"product_tag-cedar","12":"product_tag-euan-mccall-en","13":"product_tag-grapefruit-en","14":"product_tag-mimosa","15":"product_tag-oakmoss","16":"product_tag-patchouli","17":"product_tag-peony","18":"product_tag-senyoko-en","19":"product_tag-vetiver-en","20":"product_tag-violet-leaf","21":"pa_kiszereles-1-5ml-sample","22":"pa_kiszereles-50ml-en","23":"pa_kiszereles-5ml-sample","24":"pa_marka-senyoko-en","25":"pa_szarmazasi-hely-france","27":"first","28":"instock","29":"taxable","30":"shipping-taxable","31":"purchasable","32":"product-type-variable"},"acf":[],"_links":{"self":[{"href":"https:\/\/www.7scents.hu\/en\/wp-json\/wp\/v2\/product\/27137"}],"collection":[{"href":"https:\/\/www.7scents.hu\/en\/wp-json\/wp\/v2\/product"}],"about":[{"href":"https:\/\/www.7scents.hu\/en\/wp-json\/wp\/v2\/types\/product"}],"replies":[{"embeddable":true,"href":"https:\/\/www.7scents.hu\/en\/wp-json\/wp\/v2\/comments?post=27137"}],"wp:featuredmedia":[{"embeddable":true,"href":"https:\/\/www.7scents.hu\/en\/wp-json\/wp\/v2\/media\/27143"}],"wp:attachment":[{"href":"https:\/\/www.7scents.hu\/en\/wp-json\/wp\/v2\/media?parent=27137"}],"wp:term":[{"taxonomy":"product_cat","embeddable":true,"href":"https:\/\/www.7scents.hu\/en\/wp-json\/wp\/v2\/product_cat?post=27137"},{"taxonomy":"product_tag","embeddable":true,"href":"https:\/\/www.7scents.hu\/en\/wp-json\/wp\/v2\/product_tag?post=27137"},{"taxonomy":"yst_prominent_words","embeddable":true,"href":"https:\/\/www.7scents.hu\/en\/wp-json\/wp\/v2\/yst_prominent_words?post=27137"}],"curies":[{"name":"wp","href":"https:\/\/api.w.org\/{rel}","templated":true}]}}