{"id":30011,"date":"2022-05-20T23:19:08","date_gmt":"2022-05-20T23:19:08","guid":{"rendered":"https:\/\/www.7scents.hu\/?post_type=product&#038;p=30011"},"modified":"2023-01-04T21:15:04","modified_gmt":"2023-01-04T21:15:04","slug":"blackbird-tilde-incense","status":"publish","type":"product","link":"https:\/\/www.7scents.hu\/en\/termek\/blackbird-tilde-incense\/","title":{"rendered":"Blackbird <br\/>Tilde incense"},"content":{"rendered":"<p>Blackbird Tilde ~ is the little squiggle punctuation mark at the far left on your keyboard. The punctuation mark on your day that provokes primal earth and ancient woods to play with the fresh green growth of wild flowers, shrubs and cedar saplings.<\/p>\n<p>SCENT NOTES: agarwood\/oud, black pepper, sage, patchouli, geranium, cedarwood<\/p>\n<p>&#8211; 20+ cones per tin<br \/>\n&#8211; Burn time: 20 min approx.<br \/>\n&#8211; Scent lasts 2-4 hours (medium size room)<br \/>\n&#8211; Lid may act as a burner<br \/>\n&#8211; Reusable packaging<br \/>\n&#8211; Travel-friendly<br \/>\n&#8211; Handmade<\/p>\n<p><a href=\"https:\/\/www.7scents.hu\/wp-content\/uploads\/2022\/05\/Blackbird-Tilde-fustolo-kup-doboz-300x300.jpeg\"><img loading=\"lazy\" decoding=\"async\" class=\"alignnone size-medium wp-image-29983\" src=\"https:\/\/www.7scents.hu\/wp-content\/uploads\/2022\/05\/Blackbird-Tilde-fustolo-kup-doboz-300x300.jpeg\" alt=\"Blackbird Tilde f\u00fcst\u00f6l\u0151 k\u00fap doboz\" width=\"300\" height=\"300\" srcset=\"https:\/\/www.7scents.hu\/wp-content\/uploads\/2022\/05\/Blackbird-Tilde-fustolo-kup-doboz-300x300.jpeg 300w, https:\/\/www.7scents.hu\/wp-content\/uploads\/2022\/05\/Blackbird-Tilde-fustolo-kup-doboz-1024x1024.jpeg 1024w, https:\/\/www.7scents.hu\/wp-content\/uploads\/2022\/05\/Blackbird-Tilde-fustolo-kup-doboz-150x150.jpeg 150w, https:\/\/www.7scents.hu\/wp-content\/uploads\/2022\/05\/Blackbird-Tilde-fustolo-kup-doboz-768x768.jpeg 768w, https:\/\/www.7scents.hu\/wp-content\/uploads\/2022\/05\/Blackbird-Tilde-fustolo-kup-doboz-600x600.jpeg 600w, https:\/\/www.7scents.hu\/wp-content\/uploads\/2022\/05\/Blackbird-Tilde-fustolo-kup-doboz-100x100.jpeg 100w, https:\/\/www.7scents.hu\/wp-content\/uploads\/2022\/05\/Blackbird-Tilde-fustolo-kup-doboz.jpeg 1200w\" sizes=\"(max-width: 300px) 100vw, 300px\" \/><\/a><\/p>\n<p>Directions: place cone on an insulated incense burner, light tip of cone, allow to burn for 15 seconds, and once tip is glowing red, blow out flame.<\/p>\n<p>Warning: only burn on heat-safe surfaces. Never leave unattended. Keep away from combustibles, children and pets.<\/p>\n<p>You can try the incense also at 7scents Perfumery:<br \/>\n1053 Budapest, Magyar utca 18, Hungary (Click here for route planning &gt;&gt; <a href=\"https:\/\/goo.gl\/maps\/EYr6LQCwWkhFHjuU7\">ide<\/a>)<br \/>\nOpen from Mo-Fr 10-18 and Sat 11-17.<\/p>\n","protected":false},"excerpt":{"rendered":"<p>Blackbird Tilde ~ is the little squiggle punctuation mark at the far left on your keyboard. The punctuation mark on your day that provokes primal earth and ancient woods to play with the fresh green growth of wild flowers, shrubs &#8230;<\/p>\n","protected":false},"featured_media":29982,"comment_status":"open","ping_status":"closed","template":"","meta":{"_acf_changed":false},"product_cat":[2431],"product_tag":[736,2421,2734,604,744,584,2754],"yst_prominent_words":[],"class_list":{"0":"post-30011","1":"product","2":"type-product","3":"status-publish","4":"has-post-thumbnail","6":"product_cat-incense","7":"product_tag-black-pepper-en","8":"product_tag-blackbird-en","9":"product_tag-cedrusfa-en","10":"product_tag-geranium-en","11":"product_tag-oud-en","12":"product_tag-patchouli","13":"product_tag-zsalya-en","14":"pa_kiszereles-1-box","15":"pa_marka-blackbird-en","16":"pa_szarmazasi-hely-usa-en","18":"first","19":"instock","20":"taxable","21":"shipping-taxable","22":"purchasable","23":"product-type-simple"},"acf":[],"_links":{"self":[{"href":"https:\/\/www.7scents.hu\/en\/wp-json\/wp\/v2\/product\/30011"}],"collection":[{"href":"https:\/\/www.7scents.hu\/en\/wp-json\/wp\/v2\/product"}],"about":[{"href":"https:\/\/www.7scents.hu\/en\/wp-json\/wp\/v2\/types\/product"}],"replies":[{"embeddable":true,"href":"https:\/\/www.7scents.hu\/en\/wp-json\/wp\/v2\/comments?post=30011"}],"wp:featuredmedia":[{"embeddable":true,"href":"https:\/\/www.7scents.hu\/en\/wp-json\/wp\/v2\/media\/29982"}],"wp:attachment":[{"href":"https:\/\/www.7scents.hu\/en\/wp-json\/wp\/v2\/media?parent=30011"}],"wp:term":[{"taxonomy":"product_cat","embeddable":true,"href":"https:\/\/www.7scents.hu\/en\/wp-json\/wp\/v2\/product_cat?post=30011"},{"taxonomy":"product_tag","embeddable":true,"href":"https:\/\/www.7scents.hu\/en\/wp-json\/wp\/v2\/product_tag?post=30011"},{"taxonomy":"yst_prominent_words","embeddable":true,"href":"https:\/\/www.7scents.hu\/en\/wp-json\/wp\/v2\/yst_prominent_words?post=30011"}],"curies":[{"name":"wp","href":"https:\/\/api.w.org\/{rel}","templated":true}]}}