{"id":30016,"date":"2022-05-20T23:48:53","date_gmt":"2022-05-20T23:48:53","guid":{"rendered":"https:\/\/www.7scents.hu\/?post_type=product&#038;p=30016"},"modified":"2024-08-21T15:09:08","modified_gmt":"2024-08-21T15:09:08","slug":"blackbird-incense-discovery-set","status":"publish","type":"product","link":"https:\/\/www.7scents.hu\/en\/termek\/blackbird-incense-discovery-set\/","title":{"rendered":"Blackbird <br\/>Incense Discovery Set"},"content":{"rendered":"<p>Blackbird Incense Discovery Set for the new recruit or the seasoned veteran. The BLACKBIRD Incense Discovery Set allows you to follow along with our stories and choose your own adventure.<\/p>\n<p>&#8220;We the mortals touch the metals,<br \/>\nthe wind, the ocean shores, the stones,<br \/>\nknowing they will go on, inert or burning,<br \/>\nand I was discovering, naming all the these things:<br \/>\nit was my destiny to love and say goodbye.&#8221;<br \/>\n-Pablo Neruda<\/p>\n<p>TWO CONES OF EACH SCENT: Ai, Gorgo, Izba, Lone, Mars, Muru, Ploom, Targa, and Tilde<\/p>\n<p><a href=\"https:\/\/www.7scents.hu\/wp-content\/uploads\/2022\/05\/Blackbird-fustolo-kup-felfedezo-szett-tartalom-300x300.jpg\"><img loading=\"lazy\" decoding=\"async\" class=\"alignnone size-medium wp-image-30036\" src=\"https:\/\/www.7scents.hu\/wp-content\/uploads\/2022\/05\/Blackbird-fustolo-kup-felfedezo-szett-tartalom-300x300.jpg\" alt=\"F\u00fcst\u00f6l\u0151 k\u00fap felfedez\u0151 szett\" width=\"300\" height=\"300\" srcset=\"https:\/\/www.7scents.hu\/wp-content\/uploads\/2022\/05\/Blackbird-fustolo-kup-felfedezo-szett-tartalom-300x300.jpg 300w, https:\/\/www.7scents.hu\/wp-content\/uploads\/2022\/05\/Blackbird-fustolo-kup-felfedezo-szett-tartalom-1024x1024.jpg 1024w, https:\/\/www.7scents.hu\/wp-content\/uploads\/2022\/05\/Blackbird-fustolo-kup-felfedezo-szett-tartalom-150x150.jpg 150w, https:\/\/www.7scents.hu\/wp-content\/uploads\/2022\/05\/Blackbird-fustolo-kup-felfedezo-szett-tartalom-768x769.jpg 768w, https:\/\/www.7scents.hu\/wp-content\/uploads\/2022\/05\/Blackbird-fustolo-kup-felfedezo-szett-tartalom-600x601.jpg 600w, https:\/\/www.7scents.hu\/wp-content\/uploads\/2022\/05\/Blackbird-fustolo-kup-felfedezo-szett-tartalom-100x100.jpg 100w, https:\/\/www.7scents.hu\/wp-content\/uploads\/2022\/05\/Blackbird-fustolo-kup-felfedezo-szett-tartalom-266x266.jpg 266w, https:\/\/www.7scents.hu\/wp-content\/uploads\/2022\/05\/Blackbird-fustolo-kup-felfedezo-szett-tartalom-255x255.jpg 255w, https:\/\/www.7scents.hu\/wp-content\/uploads\/2022\/05\/Blackbird-fustolo-kup-felfedezo-szett-tartalom-90x90.jpg 90w, https:\/\/www.7scents.hu\/wp-content\/uploads\/2022\/05\/Blackbird-fustolo-kup-felfedezo-szett-tartalom.jpg 1200w\" sizes=\"(max-width: 300px) 100vw, 300px\" \/><\/a><\/p>\n<p>&#8211; Burn time: 20 min approx.<br \/>\n&#8211; Scent lasts 2-4 hours (medium size room)<br \/>\n&#8211; Lid may act as a burner<br \/>\n&#8211; Reusable packaging<br \/>\n&#8211; Travel-friendly<br \/>\n&#8211; Handmade<\/p>\n<p>Directions: place cone on an insulated incense burner, light tip of cone, allow to burn for 15 seconds, and once tip is glowing red, blow out flame.<\/p>\n<p>Warning: only burn on heat-safe surfaces. Never leave unattended. Keep away from combustibles, children and pets.<\/p>\n<p>You can try the incense also at 7scents Perfumery:<br \/>\n1053 Budapest, Magyar utca 18, Hungary (Click here for route planning &gt;&gt; <a href=\"https:\/\/goo.gl\/maps\/EYr6LQCwWkhFHjuU7\">ide<\/a>)<br \/>\nOpen from Mo-Fr 10-18 and Sat 11-17.<\/p>\n","protected":false},"excerpt":{"rendered":"<p>Blackbird Incense Discovery Set for the new recruit or the seasoned veteran. The BLACKBIRD Incense Discovery Set allows you to follow along with our stories and choose your own adventure. &#8220;We the mortals touch the metals, the wind, the ocean &#8230;<\/p>\n","protected":false},"featured_media":30037,"comment_status":"open","ping_status":"closed","template":"","meta":{"_acf_changed":false},"product_cat":[1183,2431],"product_tag":[2421],"yst_prominent_words":[],"class_list":{"0":"post-30016","1":"product","2":"type-product","3":"status-publish","4":"has-post-thumbnail","6":"product_cat-gifts","7":"product_cat-incense","8":"product_tag-blackbird-en","9":"pa_kiszereles-1-box","10":"pa_marka-blackbird-en","11":"pa_szarmazasi-hely-usa-en","13":"first","14":"outofstock","15":"taxable","16":"shipping-taxable","17":"purchasable","18":"product-type-simple"},"acf":[],"_links":{"self":[{"href":"https:\/\/www.7scents.hu\/en\/wp-json\/wp\/v2\/product\/30016"}],"collection":[{"href":"https:\/\/www.7scents.hu\/en\/wp-json\/wp\/v2\/product"}],"about":[{"href":"https:\/\/www.7scents.hu\/en\/wp-json\/wp\/v2\/types\/product"}],"replies":[{"embeddable":true,"href":"https:\/\/www.7scents.hu\/en\/wp-json\/wp\/v2\/comments?post=30016"}],"wp:featuredmedia":[{"embeddable":true,"href":"https:\/\/www.7scents.hu\/en\/wp-json\/wp\/v2\/media\/30037"}],"wp:attachment":[{"href":"https:\/\/www.7scents.hu\/en\/wp-json\/wp\/v2\/media?parent=30016"}],"wp:term":[{"taxonomy":"product_cat","embeddable":true,"href":"https:\/\/www.7scents.hu\/en\/wp-json\/wp\/v2\/product_cat?post=30016"},{"taxonomy":"product_tag","embeddable":true,"href":"https:\/\/www.7scents.hu\/en\/wp-json\/wp\/v2\/product_tag?post=30016"},{"taxonomy":"yst_prominent_words","embeddable":true,"href":"https:\/\/www.7scents.hu\/en\/wp-json\/wp\/v2\/yst_prominent_words?post=30016"}],"curies":[{"name":"wp","href":"https:\/\/api.w.org\/{rel}","templated":true}]}}