{"id":30022,"date":"2022-05-21T08:18:33","date_gmt":"2022-05-21T08:18:33","guid":{"rendered":"https:\/\/www.7scents.hu\/?post_type=product&#038;p=30022"},"modified":"2024-01-24T09:09:00","modified_gmt":"2024-01-24T09:09:00","slug":"blackbird-metaphor-incense-discovery-set","status":"publish","type":"product","link":"https:\/\/www.7scents.hu\/en\/termek\/blackbird-metaphor-incense-discovery-set\/","title":{"rendered":"Blackbird <br\/>Metaphor Incense Discovery Set"},"content":{"rendered":"<p>Blackbird Metaphor Incense Discovery Set is an exploration of three spheres from the microscopic to the gargantuan. The tiny atom appears simple but is a bustling city of complexity. The planet Hoth has lost its life and rings cold in her final chapter. Star is a pin-dot twinkling in the sky, but she is the monstrous ball of firey plasma that feeds us with her warmth.<\/p>\n<p>TWO CONES OF EACH SCENT: ATOM, STAR, HOTH<\/p>\n<p>This set contains two cones of each scent in individual holographic mylar zip bags. The cobalt blue paper box is holographic metallic marked foil, letterpress stamping.<\/p>\n<p>A great gift.<\/p>\n<p>&#8211; Burn time: 20 min approx.<br \/>\n&#8211; Scent lasts 2-4 hours (medium size room)<br \/>\n&#8211; Lid may act as a burner<br \/>\n&#8211; Reusable packaging<br \/>\n&#8211; Travel-friendly<br \/>\n&#8211; Handmade<\/p>\n<p><a href=\"https:\/\/www.7scents.hu\/wp-content\/uploads\/2022\/05\/Blackbird-Metaphor-Series-fustolo-kup-felfedezo-szett-csomag-300x300.jpeg\"><img loading=\"lazy\" decoding=\"async\" class=\"alignnone size-medium wp-image-29971\" src=\"https:\/\/www.7scents.hu\/wp-content\/uploads\/2022\/05\/Blackbird-Metaphor-Series-fustolo-kup-felfedezo-szett-csomag-300x300.jpeg\" alt=\"Blackbird Metaphor F\u00fcst\u00f6l\u0151 k\u00fap felfedez\u0151 szett tartalma\" width=\"300\" height=\"300\" srcset=\"https:\/\/www.7scents.hu\/wp-content\/uploads\/2022\/05\/Blackbird-Metaphor-Series-fustolo-kup-felfedezo-szett-csomag-300x300.jpeg 300w, https:\/\/www.7scents.hu\/wp-content\/uploads\/2022\/05\/Blackbird-Metaphor-Series-fustolo-kup-felfedezo-szett-csomag-1024x1024.jpeg 1024w, https:\/\/www.7scents.hu\/wp-content\/uploads\/2022\/05\/Blackbird-Metaphor-Series-fustolo-kup-felfedezo-szett-csomag-150x150.jpeg 150w, https:\/\/www.7scents.hu\/wp-content\/uploads\/2022\/05\/Blackbird-Metaphor-Series-fustolo-kup-felfedezo-szett-csomag-768x768.jpeg 768w, https:\/\/www.7scents.hu\/wp-content\/uploads\/2022\/05\/Blackbird-Metaphor-Series-fustolo-kup-felfedezo-szett-csomag-600x600.jpeg 600w, https:\/\/www.7scents.hu\/wp-content\/uploads\/2022\/05\/Blackbird-Metaphor-Series-fustolo-kup-felfedezo-szett-csomag-100x100.jpeg 100w, https:\/\/www.7scents.hu\/wp-content\/uploads\/2022\/05\/Blackbird-Metaphor-Series-fustolo-kup-felfedezo-szett-csomag.jpeg 1200w\" sizes=\"(max-width: 300px) 100vw, 300px\" \/><\/a><\/p>\n<p>Directions: place cone on an insulated incense burner, light tip of cone, allow to burn for 15 seconds, and once tip is glowing red, blow out flame.<\/p>\n<p>Warning: only burn on heat-safe surfaces. Never leave unattended. Keep away from combustibles, children and pets.<\/p>\n<p>You can try the incense also at 7scents Perfumery:<br \/>\n1053 Budapest, Magyar utca 18, Hungary (Click here for route planning &gt;&gt; <a href=\"https:\/\/goo.gl\/maps\/EYr6LQCwWkhFHjuU7\">ide<\/a>)<br \/>\nOpen from Mo-Fr 10-18 and Sat 11-17.<\/p>\n","protected":false},"excerpt":{"rendered":"<p>Blackbird Metaphor Incense Discovery Set is an exploration of three spheres from the microscopic to the gargantuan. The tiny atom appears simple but is a bustling city of complexity. The planet Hoth has lost its life and rings cold in &#8230;<\/p>\n","protected":false},"featured_media":29970,"comment_status":"open","ping_status":"closed","template":"","meta":{"_acf_changed":false},"product_cat":[1183,2431],"product_tag":[2421],"yst_prominent_words":[],"class_list":{"0":"post-30022","1":"product","2":"type-product","3":"status-publish","4":"has-post-thumbnail","6":"product_cat-gifts","7":"product_cat-incense","8":"product_tag-blackbird-en","9":"pa_kiszereles-1-box","10":"pa_marka-blackbird-en","11":"pa_szarmazasi-hely-usa-en","13":"first","14":"outofstock","15":"taxable","16":"shipping-taxable","17":"purchasable","18":"product-type-simple"},"acf":[],"_links":{"self":[{"href":"https:\/\/www.7scents.hu\/en\/wp-json\/wp\/v2\/product\/30022"}],"collection":[{"href":"https:\/\/www.7scents.hu\/en\/wp-json\/wp\/v2\/product"}],"about":[{"href":"https:\/\/www.7scents.hu\/en\/wp-json\/wp\/v2\/types\/product"}],"replies":[{"embeddable":true,"href":"https:\/\/www.7scents.hu\/en\/wp-json\/wp\/v2\/comments?post=30022"}],"wp:featuredmedia":[{"embeddable":true,"href":"https:\/\/www.7scents.hu\/en\/wp-json\/wp\/v2\/media\/29970"}],"wp:attachment":[{"href":"https:\/\/www.7scents.hu\/en\/wp-json\/wp\/v2\/media?parent=30022"}],"wp:term":[{"taxonomy":"product_cat","embeddable":true,"href":"https:\/\/www.7scents.hu\/en\/wp-json\/wp\/v2\/product_cat?post=30022"},{"taxonomy":"product_tag","embeddable":true,"href":"https:\/\/www.7scents.hu\/en\/wp-json\/wp\/v2\/product_tag?post=30022"},{"taxonomy":"yst_prominent_words","embeddable":true,"href":"https:\/\/www.7scents.hu\/en\/wp-json\/wp\/v2\/yst_prominent_words?post=30022"}],"curies":[{"name":"wp","href":"https:\/\/api.w.org\/{rel}","templated":true}]}}