{"id":30502,"date":"2022-06-10T13:59:12","date_gmt":"2022-06-10T13:59:17","guid":{"rendered":"https:\/\/www.7scents.hu\/?post_type=product&#038;p=30502"},"modified":"2026-04-15T05:09:11","modified_gmt":"2026-04-15T05:09:11","slug":"the-zoo-louis-eau-de-parfum","status":"publish","type":"product","link":"https:\/\/www.7scents.hu\/en\/termek\/the-zoo-louis-eau-de-parfum\/","title":{"rendered":"The Zoo <br\/>Louis Eau de Parfum"},"content":{"rendered":"<p>The Zoo Louis Eau de Parfum is a fresh, spicy and elegant masculine fragrance with aquatic undercurrents. Ocean spray, sea wash and summer air collide in this joyful expression of fun in the sun. In the opening a pleasant watery \u201cmasculine\u201d freshness is achieved with superfluid cardamom and just a touch of clove, cumin and orange flower. Sheer white musks and heaps of French sage softened with a 1.8% dose (that&#8217;s a lot!!) of 100% pure orris concrete adds classic manliness. To top it off, a dash of fir balsam, galbanum and a sprinkle of American absinthe brings green depth to the base. <\/p>\n<p>The Zoo Louis (EdP) egy friss, f\u0171szeres \u00e9s f\u00e9rfiasan eleg\u00e1ns parf\u00fcm akvatikus \u00e1raml\u00e1sokkal. \u00d3ce\u00e1n permet, felhabz\u00f3 tengeri hull\u00e1mok \u00e9s a ny\u00e1ri leveg\u0151 tal\u00e1lkoznak a naps\u00fct\u00e9sben. A parf\u00fcm nyit\u00e1sa kellemesen f\u00e9rfias frissess\u00e9get hoz kardamommal \u00e9s egy csipetnyi szegf\u0171szeg, k\u00f6m\u00e9ny \u00e9s narancsvir\u00e1g kever\u00e9k\u00e9vel. Klasszikusan f\u00e9rfias \u00e9rz\u00e9st hoz az \u00e1ttetsz\u0151 feh\u00e9r p\u00e9zsma, egy nagy d\u00f3zis francia zs\u00e1lya, amelyet 1,8%-nyi (azaz rengeteg!!) 100%-os tisztas\u00e1g\u00fa orris vajt\u00f6mb l\u00e1gy\u00edt. \u00c9s ha ez m\u00e9g nem el\u00e9g, egy cseppnyi feny\u0151balzsam, galbanum \u00e9s egy csobban\u00e1s amerikai abszint megalapozza a z\u00f6ld m\u00e9lys\u00e9get.<\/p>\n<p>Naturally rustic, steady, comforting, The Zoo Louis Eau de Parfum is confident, uncomplicated and optimistic. In the words of Carl Safina, \u201cUnder the skin, we are kin\u201d. This scent is all about the democratizing effect of beachtime. Stripped down, our skin sweetened by salty water, uplifting sunshine and the buzz of vitamin D reminds us of our shared humanity and the joy of nature, which binds us. <\/p>\n<p>Notes: cardamom, cumin, sage, orris root, balsam fir, cloves, white musk, absinthe, galbanum  <\/p>\n<p>You can try the perfume with the help of the samples or at 7scents Perfumery:<br \/>\n1053 Budapest, Magyar utca 18, Hungary (Click here for route planning &gt;&gt; <a href=\"https:\/\/goo.gl\/maps\/EYr6LQCwWkhFHjuU7\">here<\/a>)<br \/>\nOpen from Mo-Fr 10-18 and Sat 11-17.<\/p>\n","protected":false},"excerpt":{"rendered":"<p>The Zoo Louis Eau de Parfum is a fresh, spicy and elegant masculine fragrance with aquatic undercurrents. Ocean spray, sea wash and summer air collide in this joyful expression of fun in the sun. In the opening a pleasant watery &#8230;<\/p>\n","protected":false},"featured_media":30302,"comment_status":"open","ping_status":"closed","template":"","meta":{"_acf_changed":false},"product_cat":[2150,535],"product_tag":[2485,788,2475,1835,1517,2737,541,1638,2813,2470,2754],"yst_prominent_words":[],"class_list":{"0":"post-30502","1":"product","2":"type-product","3":"status-publish","4":"has-post-thumbnail","6":"product_cat-classic-man-perfume","7":"product_cat-perfume","8":"product_tag-absinthe","9":"product_tag-caraway","10":"product_tag-christophe-laudamiel-en","11":"product_tag-fir-balsam","12":"product_tag-galbanum-en","13":"product_tag-kardamom-en","14":"product_tag-musk-en","15":"product_tag-orris-en","16":"product_tag-szegfuszeg-en","17":"product_tag-the-zoo-en","18":"product_tag-zsalya-en","19":"pa_kiszereles-1-5ml-sample","20":"pa_kiszereles-5ml-sample","21":"pa_kiszereles-60ml-en","22":"pa_marka-the-zoo-en","23":"pa_szarmazasi-hely-usa-en","25":"first","26":"instock","27":"taxable","28":"shipping-taxable","29":"purchasable","30":"product-type-variable"},"acf":[],"_links":{"self":[{"href":"https:\/\/www.7scents.hu\/en\/wp-json\/wp\/v2\/product\/30502"}],"collection":[{"href":"https:\/\/www.7scents.hu\/en\/wp-json\/wp\/v2\/product"}],"about":[{"href":"https:\/\/www.7scents.hu\/en\/wp-json\/wp\/v2\/types\/product"}],"replies":[{"embeddable":true,"href":"https:\/\/www.7scents.hu\/en\/wp-json\/wp\/v2\/comments?post=30502"}],"wp:featuredmedia":[{"embeddable":true,"href":"https:\/\/www.7scents.hu\/en\/wp-json\/wp\/v2\/media\/30302"}],"wp:attachment":[{"href":"https:\/\/www.7scents.hu\/en\/wp-json\/wp\/v2\/media?parent=30502"}],"wp:term":[{"taxonomy":"product_cat","embeddable":true,"href":"https:\/\/www.7scents.hu\/en\/wp-json\/wp\/v2\/product_cat?post=30502"},{"taxonomy":"product_tag","embeddable":true,"href":"https:\/\/www.7scents.hu\/en\/wp-json\/wp\/v2\/product_tag?post=30502"},{"taxonomy":"yst_prominent_words","embeddable":true,"href":"https:\/\/www.7scents.hu\/en\/wp-json\/wp\/v2\/yst_prominent_words?post=30502"}],"curies":[{"name":"wp","href":"https:\/\/api.w.org\/{rel}","templated":true}]}}