{"id":30920,"date":"2022-07-05T12:58:56","date_gmt":"2022-07-05T12:58:58","guid":{"rendered":"https:\/\/www.7scents.hu\/?post_type=product&#038;p=30920"},"modified":"2025-09-28T08:42:05","modified_gmt":"2025-09-28T08:42:05","slug":"gallagher-fragrances-rose-noir-eau-de-parfum","status":"publish","type":"product","link":"https:\/\/www.7scents.hu\/en\/termek\/gallagher-fragrances-rose-noir-eau-de-parfum\/","title":{"rendered":"Gallagher Fragrances <br\/>Ros\u00e9 Noir Eau de Parfum"},"content":{"rendered":"<p>Gallagher Fragrances Ros\u00e9 Noir Eau de Parfum is a delightful gourmand rose with a dark leather side. Ros\u00e9 Noir takes fan-favourite Ros\u00e9 All Da\u00e9 Eau de Parfum and adds a heavy dose of Leather and expensive Oud Assafi&#x2122; to the heart of the composition. Ros\u00e9 Noir is multi-textural and multisensorial, blending delicious fragrant materials with a sense of deep mystery. <\/p>\n<p>Ros\u00e9 Noir is good enough to eat thanks to the sweet crunch of apple crisp and candied plum dusted in cinnamon and brown sugar and plunged into indulgent, golden honeyed vanilla, which darkens into rich tonka bean and sticky labdanum. The tasteful gourmand elements are soldered together by an exquisite Turkish rose absolute. Gallagher Fragrances Ros\u00e9 Noir\u2019s ever deepening decadence finds a pitch-black counterpart in its fully \u2018noir\u2019 leather accord which is defiantly neither brown nor suede leather. The structured base comes from Oud Assafi&#x2122;, sourced from Bangladesh and born of a collaborative partnership between Jalali Agarwood and Firmenich.<\/p>\n<p>Lovable enough to eat, yet with a solidly serious backbone, Ros\u00e9 Noir is for those who want it all. A niche perfume that gives sweet comfort, has a textured \u2018mouthfeel\u2019 while all the time providing the grown-up luxury of leather, rose and oud. <\/p>\n<p>Notes: apple crisp, plum, black leather, Turkish rose absolute, Oud Assafi&#x2122;, brown sugar, golden honey, tonka bean absolute, labdanum, vanilla, Australian sandalwood, patchouli, white musk, stainless steel<\/p>\n<p>You can try the perfume with the help of the samples or at 7scents Perfumery:<br \/>\n1053 Budapest, Magyar utca 18, Hungary (Click here for route planning &gt;&gt; <a href=\"https:\/\/goo.gl\/maps\/EYr6LQCwWkhFHjuU7\">here<\/a>)<br \/>\nOpen from Mo-Fr 10-18 and Sat 11-17.<\/p>\n","protected":false},"excerpt":{"rendered":"<p>Alcohol Denat, Aqua (Water), Parfum (Fragrance), Coumarin, D-Limonene, Citronellol, Geraniol, Benzyl Cinnamate, Farnesol, Eugenol, Linalool, Benzyl Alcohol, Citral, Benzyl Benzoate, Isoeugenol<\/p>\n","protected":false},"featured_media":30821,"comment_status":"open","ping_status":"closed","template":"","meta":{"_acf_changed":false},"product_cat":[2144,2146,2149,2154,2142,535,2129],"product_tag":[1812,2743,2458,1101,541,744,584,835,2783,2736,574,2690],"yst_prominent_words":[],"class_list":{"0":"post-30920","1":"product","2":"type-product","3":"status-publish","4":"has-post-thumbnail","6":"product_cat-elegant-women-perfume","7":"product_cat-fruity-perfume","8":"product_cat-gourmand-perfume","9":"product_cat-leather-perfume","10":"product_cat-oud-perfume","11":"product_cat-perfume","12":"product_cat-rose-perfume","13":"product_tag-apple","14":"product_tag-bor-en","15":"product_tag-gallagher-fragrances-en","16":"product_tag-labdanum-en","17":"product_tag-musk-en","18":"product_tag-oud-en","19":"product_tag-patchouli","20":"product_tag-plum","21":"product_tag-rozsa-en","22":"product_tag-szantalfa-en","23":"product_tag-tonka-bean","24":"product_tag-vanilia-en","25":"pa_kiszereles-1-5ml-sample","26":"pa_kiszereles-50ml-en","27":"pa_kiszereles-5ml-sample","28":"pa_marka-gallagher-fragrances-en","29":"pa_szarmazasi-hely-usa-en","31":"first","32":"instock","33":"taxable","34":"shipping-taxable","35":"purchasable","36":"product-type-variable"},"acf":[],"_links":{"self":[{"href":"https:\/\/www.7scents.hu\/en\/wp-json\/wp\/v2\/product\/30920"}],"collection":[{"href":"https:\/\/www.7scents.hu\/en\/wp-json\/wp\/v2\/product"}],"about":[{"href":"https:\/\/www.7scents.hu\/en\/wp-json\/wp\/v2\/types\/product"}],"replies":[{"embeddable":true,"href":"https:\/\/www.7scents.hu\/en\/wp-json\/wp\/v2\/comments?post=30920"}],"wp:featuredmedia":[{"embeddable":true,"href":"https:\/\/www.7scents.hu\/en\/wp-json\/wp\/v2\/media\/30821"}],"wp:attachment":[{"href":"https:\/\/www.7scents.hu\/en\/wp-json\/wp\/v2\/media?parent=30920"}],"wp:term":[{"taxonomy":"product_cat","embeddable":true,"href":"https:\/\/www.7scents.hu\/en\/wp-json\/wp\/v2\/product_cat?post=30920"},{"taxonomy":"product_tag","embeddable":true,"href":"https:\/\/www.7scents.hu\/en\/wp-json\/wp\/v2\/product_tag?post=30920"},{"taxonomy":"yst_prominent_words","embeddable":true,"href":"https:\/\/www.7scents.hu\/en\/wp-json\/wp\/v2\/yst_prominent_words?post=30920"}],"curies":[{"name":"wp","href":"https:\/\/api.w.org\/{rel}","templated":true}]}}