{"id":30963,"date":"2022-07-07T14:41:36","date_gmt":"2022-07-07T14:41:40","guid":{"rendered":"https:\/\/www.7scents.hu\/?post_type=product&#038;p=30963"},"modified":"2026-01-12T19:33:05","modified_gmt":"2026-01-12T19:33:05","slug":"gallagher-fragrances-rose-all-dae-eau-de-parfum","status":"publish","type":"product","link":"https:\/\/www.7scents.hu\/en\/termek\/gallagher-fragrances-rose-all-dae-eau-de-parfum\/","title":{"rendered":"Gallagher Fragrances <br\/>Ros\u00e9 All Da\u00e9 Eau de Parfum"},"content":{"rendered":"<p>Gallagher Fragrances Ros\u00e9 All Da\u00e9 Eau de Parfum is a beautifully crisp and fruity ros\u00e9 wine transformed into a delicious niche perfume. Ros\u00e9 All Da\u00e9 was a Top 10 Finalist in the Artisan Category of the 6th annual Art and Olfaction Awards. Original inspiration for Ros\u00e9 All Da\u00e9 was an exceptionally aromatic Cinsault ros\u00e9 originating from the Texas High Plains. <\/p>\n<p>A zingy stainless steel accord brings mineralic sparkle which flirts with the sweet and tasteful olfactive notes of apple crisp, plum, brown sugar, golden honey, and tonka bean absolute. This fabulously complex arrangement of tart and indulgently gourmand is soldered together by an exquisite Turkish rose absolute &#8211; adding floral sophistication and a jammy richness. Gallagher Fragrances Ros\u00e9 All Da\u00e9 is an EdP which warms up the cheeks, tickles the palette and elicits happy thoughts even on the coolest Fall and Winter evenings.<\/p>\n<p>Notes: apple crisp, plum, Turkish rose absolute, brown sugar, golden honey, tonka bean absolute, labdanum, vanilla, Australian sandalwood, patchouli, white musk, stainless steel<\/p>\n<p>You can try the perfume with the help of the samples or at 7scents Perfumery:<br \/>\n1053 Budapest, Magyar utca 18, Hungary (Click here for route planning &gt;&gt; <a href=\"https:\/\/goo.gl\/maps\/EYr6LQCwWkhFHjuU7\">here<\/a>)<br \/>\nOpen from Mo-Fr 10-18 and Sat 11-17.<\/p>\n","protected":false},"excerpt":{"rendered":"<p>Gallagher Fragrances Ros\u00e9 All Da\u00e9 Eau de Parfum is a beautifully crisp and fruity ros\u00e9 wine transformed into a delicious niche perfume. Ros\u00e9 All Da\u00e9 was a Top 10 Finalist in the Artisan Category of the 6th annual Art and &#8230;<\/p>\n","protected":false},"featured_media":34490,"comment_status":"open","ping_status":"closed","template":"","meta":{"_acf_changed":false},"product_cat":[2151,2146,2149,535,2129,2159],"product_tag":[1812,2458,2750,1101,541,584,835,2783,2736,574,2690],"yst_prominent_words":[],"class_list":{"0":"post-30963","1":"product","2":"type-product","3":"status-publish","4":"has-post-thumbnail","6":"product_cat-award-winning-perfume","7":"product_cat-fruity-perfume","8":"product_cat-gourmand-perfume","9":"product_cat-perfume","10":"product_cat-rose-perfume","11":"product_cat-sweet-floral-perfume","12":"product_tag-apple","13":"product_tag-gallagher-fragrances-en","14":"product_tag-mez-en","15":"product_tag-labdanum-en","16":"product_tag-musk-en","17":"product_tag-patchouli","18":"product_tag-plum","19":"product_tag-rozsa-en","20":"product_tag-szantalfa-en","21":"product_tag-tonka-bean","22":"product_tag-vanilia-en","23":"pa_kiszereles-1-5ml-sample","24":"pa_kiszereles-50ml-en","25":"pa_kiszereles-5ml-sample","26":"pa_marka-gallagher-fragrances-en","27":"pa_szarmazasi-hely-usa-en","29":"first","30":"instock","31":"taxable","32":"shipping-taxable","33":"purchasable","34":"product-type-variable"},"acf":[],"_links":{"self":[{"href":"https:\/\/www.7scents.hu\/en\/wp-json\/wp\/v2\/product\/30963"}],"collection":[{"href":"https:\/\/www.7scents.hu\/en\/wp-json\/wp\/v2\/product"}],"about":[{"href":"https:\/\/www.7scents.hu\/en\/wp-json\/wp\/v2\/types\/product"}],"replies":[{"embeddable":true,"href":"https:\/\/www.7scents.hu\/en\/wp-json\/wp\/v2\/comments?post=30963"}],"wp:featuredmedia":[{"embeddable":true,"href":"https:\/\/www.7scents.hu\/en\/wp-json\/wp\/v2\/media\/34490"}],"wp:attachment":[{"href":"https:\/\/www.7scents.hu\/en\/wp-json\/wp\/v2\/media?parent=30963"}],"wp:term":[{"taxonomy":"product_cat","embeddable":true,"href":"https:\/\/www.7scents.hu\/en\/wp-json\/wp\/v2\/product_cat?post=30963"},{"taxonomy":"product_tag","embeddable":true,"href":"https:\/\/www.7scents.hu\/en\/wp-json\/wp\/v2\/product_tag?post=30963"},{"taxonomy":"yst_prominent_words","embeddable":true,"href":"https:\/\/www.7scents.hu\/en\/wp-json\/wp\/v2\/yst_prominent_words?post=30963"}],"curies":[{"name":"wp","href":"https:\/\/api.w.org\/{rel}","templated":true}]}}