{"id":31417,"date":"2022-08-01T16:13:18","date_gmt":"2022-08-01T16:13:18","guid":{"rendered":"https:\/\/www.7scents.hu\/?post_type=product&#038;p=31417"},"modified":"2024-02-13T10:50:20","modified_gmt":"2024-02-13T10:50:20","slug":"selahatin-blue-forever-whitening-toothpaste","status":"publish","type":"product","link":"https:\/\/www.7scents.hu\/en\/termek\/selahatin-blue-forever-whitening-toothpaste\/","title":{"rendered":"Selahatin <br\/>Blue Forever Whitening Toothpaste"},"content":{"rendered":"<p>Selahatin Blue Forever Toothpaste is a refreshing blast of sea wash in luxury toothpaste form featuring citrus, lime, licorice and peppermint. Nostalgia is an ache in your heart far more potent than memory alone. It\u2019s the place we yearn to go again. A place where we know we\u2019re loved and safe. Back home.<\/p>\n<p>This theme is central to Blue Forever: A love letter to the Mediterranean Sea, centred around the romantic innocence of washed out memories, viewed through a lens of time past and melancholia. It\u2019s about innocence, and innocence lost. It\u2019s about longing home, and longing away. It\u2019s about the blue ocean, and blue memories.<\/p>\n<p>Selahatin Blue Forever swirls around one of the most revered childhood memories of brand founder Kristoffer Vural. He\u2019s in his father\u2019s wooden boat on the teal-coloured Mediterranean under a pale sun, surrounded by family and his best friend. Blue Forever luxury toothpaste captures the feeling of being young and careless &#8211; endless freedom in the wind and the water.<\/p>\n<p>Top notes: licorice &amp; salt<br \/>\nHeart notes: Turkish citrus, lime &amp; peppermint<\/p>\n<p><strong>Features:<\/strong><br \/>\n1100 ppm fluoride<br \/>\nHoused in alu-tube (recycles endlessly)<br \/>\nAnti-inflammatory<br \/>\nMade in Switzerland<br \/>\nContains antioxidants<br \/>\nVetted by The Swedish Dental Association<br \/>\nVegan\/cruelty free<br \/>\nDermatologically tested<\/p>\n<p><strong>Science:<\/strong><br \/>\nA four-dimensional rejuvenating whitening process gentle enough for daily use:<br \/>\n1. Deep cleansing (sodium lauryl sulphate)<br \/>\n2. Exfoliating (hydrated silica)<br \/>\n3. Polishing and light-reflecting (hydroxypatite)<br \/>\n4. Enamel-bleaching (sodium bicarbonate)<\/p>\n<p>Anti-inflammatory limonene from citrus fruit and antioxidant edelweiss extract boosts bacterial balance and maintains healthy gums. The natural amino acid betaine moisturises and nourishes. Mineralising hydroxyapatite provides proactive care for sensitive teeth.<\/p>\n<p><a href=\"https:\/\/www.7scents.hu\/wp-content\/uploads\/2022\/08\/Selahatin-Blue-Forever-fogkrem-doboz-300x300.jpeg\"><img loading=\"lazy\" decoding=\"async\" class=\"alignnone size-medium wp-image-31384\" src=\"https:\/\/www.7scents.hu\/wp-content\/uploads\/2022\/08\/Selahatin-Blue-Forever-fogkrem-doboz-300x300.jpeg\" alt=\"Selahatin Blue Forever feh\u00e9r\u00edt\u0151 fogkr\u00e9m doboz\" width=\"300\" height=\"300\" srcset=\"https:\/\/www.7scents.hu\/wp-content\/uploads\/2022\/08\/Selahatin-Blue-Forever-fogkrem-doboz-300x300.jpeg 300w, https:\/\/www.7scents.hu\/wp-content\/uploads\/2022\/08\/Selahatin-Blue-Forever-fogkrem-doboz-1024x1024.jpeg 1024w, https:\/\/www.7scents.hu\/wp-content\/uploads\/2022\/08\/Selahatin-Blue-Forever-fogkrem-doboz-150x150.jpeg 150w, https:\/\/www.7scents.hu\/wp-content\/uploads\/2022\/08\/Selahatin-Blue-Forever-fogkrem-doboz-768x768.jpeg 768w, https:\/\/www.7scents.hu\/wp-content\/uploads\/2022\/08\/Selahatin-Blue-Forever-fogkrem-doboz-600x600.jpeg 600w, https:\/\/www.7scents.hu\/wp-content\/uploads\/2022\/08\/Selahatin-Blue-Forever-fogkrem-doboz-100x100.jpeg 100w, https:\/\/www.7scents.hu\/wp-content\/uploads\/2022\/08\/Selahatin-Blue-Forever-fogkrem-doboz.jpeg 1080w\" sizes=\"(max-width: 300px) 100vw, 300px\" \/><\/a><\/p>\n","protected":false},"excerpt":{"rendered":"<p>Selahatin Blue Forever Toothpaste is a refreshing blast of sea wash in luxury toothpaste form featuring citrus, lime, licorice and peppermint. Nostalgia is an ache in your heart far more potent than memory alone. It\u2019s the place we yearn to &#8230;<\/p>\n","protected":false},"featured_media":31383,"comment_status":"open","ping_status":"closed","template":"","meta":{"_acf_changed":false},"product_cat":[3490,2535],"product_tag":[2762,2789,2200,629,2537],"yst_prominent_words":[],"class_list":{"0":"post-31417","1":"product","2":"type-product","3":"status-publish","4":"has-post-thumbnail","6":"product_cat-cosmetics","7":"product_cat-toothpaste","8":"product_tag-borsmenta-en","9":"product_tag-citrusos-illat-en","10":"product_tag-liquorice","11":"product_tag-sea-salt","12":"product_tag-selahatin-en","13":"pa_brand-selahatin","14":"pa_kiszereles-65ml-en","15":"pa_szarmazasi-hely-sweden","17":"first","18":"instock","19":"sold-individually","20":"taxable","21":"shipping-taxable","22":"purchasable","23":"product-type-simple"},"acf":[],"_links":{"self":[{"href":"https:\/\/www.7scents.hu\/en\/wp-json\/wp\/v2\/product\/31417"}],"collection":[{"href":"https:\/\/www.7scents.hu\/en\/wp-json\/wp\/v2\/product"}],"about":[{"href":"https:\/\/www.7scents.hu\/en\/wp-json\/wp\/v2\/types\/product"}],"replies":[{"embeddable":true,"href":"https:\/\/www.7scents.hu\/en\/wp-json\/wp\/v2\/comments?post=31417"}],"wp:featuredmedia":[{"embeddable":true,"href":"https:\/\/www.7scents.hu\/en\/wp-json\/wp\/v2\/media\/31383"}],"wp:attachment":[{"href":"https:\/\/www.7scents.hu\/en\/wp-json\/wp\/v2\/media?parent=31417"}],"wp:term":[{"taxonomy":"product_cat","embeddable":true,"href":"https:\/\/www.7scents.hu\/en\/wp-json\/wp\/v2\/product_cat?post=31417"},{"taxonomy":"product_tag","embeddable":true,"href":"https:\/\/www.7scents.hu\/en\/wp-json\/wp\/v2\/product_tag?post=31417"},{"taxonomy":"yst_prominent_words","embeddable":true,"href":"https:\/\/www.7scents.hu\/en\/wp-json\/wp\/v2\/yst_prominent_words?post=31417"}],"curies":[{"name":"wp","href":"https:\/\/api.w.org\/{rel}","templated":true}]}}