{"id":31420,"date":"2022-08-02T09:10:38","date_gmt":"2022-08-02T09:10:39","guid":{"rendered":"https:\/\/www.7scents.hu\/?post_type=product&#038;p=31420"},"modified":"2023-11-05T17:55:28","modified_gmt":"2023-11-05T17:55:28","slug":"selahatin-eukalypse-whitening-toothpaste","status":"publish","type":"product","link":"https:\/\/www.7scents.hu\/en\/termek\/selahatin-eukalypse-whitening-toothpaste\/","title":{"rendered":"Selahatin <br\/>Eukalypse Whitening Toothpaste"},"content":{"rendered":"<p>Selahatin Eukalypse Whitening Toothpaste is a eucalyptus, cardamom, honey and menthol flavoured luxury toothpaste. A refreshingly modern take on traditional oral hygiene territory.<\/p>\n<p>Eukalypse is an homage to the eucalyptus tree, rooted in vast and exotic landscapes. The tree&#8217;s leather-like leaves are known for their ability to turn their edges towards the sun, extracting and harnessing the extreme climate of their immediate surroundings into a rich and spellbinding aromatic experience.<\/p>\n<p>Notes: eucalyptus, cardamom, honey &amp; menthol<\/p>\n<p><strong>Features:<\/strong><br \/>\n1100 ppm fluoride<br \/>\nHoused in alu-tube (recycles endlessly)<br \/>\nAnti-inflammatory<br \/>\nMade in Switzerland<br \/>\nContains antioxidants<br \/>\nVetted by The Swedish Dental Association<br \/>\nVegan\/cruelty free<br \/>\nDermatologically tested<\/p>\n<p><strong>Science:<\/strong><br \/>\nA four-dimensional rejuvenating whitening process gentle enough for daily use:<br \/>\n1. Deep cleansing (sodium lauryl sulphate)<br \/>\n2. Exfoliating (hydrated silica)<br \/>\n3. Polishing and light-reflecting (hydroxypatite)<br \/>\n4. Enamel-bleaching (sodium bicarbonate)<\/p>\n<p>Anti-inflammatory limonene from citrus fruit and antioxidant edelweiss extract boosts bacterial balance and maintains healthy gums. The natural amino acid betaine moisturises and nourishes. Mineralising hydroxyapatite provides proactive care for sensitive teeth.<\/p>\n<p><a href=\"https:\/\/www.7scents.hu\/wp-content\/uploads\/2022\/08\/Selahatin-Eukalypse-fogkrem-doboz-300x300.jpeg\"><img loading=\"lazy\" decoding=\"async\" class=\"alignnone size-medium wp-image-31394\" src=\"https:\/\/www.7scents.hu\/wp-content\/uploads\/2022\/08\/Selahatin-Eukalypse-fogkrem-doboz-300x300.jpeg\" alt=\"Selahatin Eukalypse feh\u00e9r\u00edt\u0151 fogkr\u00e9m doboz\" width=\"300\" height=\"300\" srcset=\"https:\/\/www.7scents.hu\/wp-content\/uploads\/2022\/08\/Selahatin-Eukalypse-fogkrem-doboz-300x300.jpeg 300w, https:\/\/www.7scents.hu\/wp-content\/uploads\/2022\/08\/Selahatin-Eukalypse-fogkrem-doboz-1024x1024.jpeg 1024w, https:\/\/www.7scents.hu\/wp-content\/uploads\/2022\/08\/Selahatin-Eukalypse-fogkrem-doboz-150x150.jpeg 150w, https:\/\/www.7scents.hu\/wp-content\/uploads\/2022\/08\/Selahatin-Eukalypse-fogkrem-doboz-768x768.jpeg 768w, https:\/\/www.7scents.hu\/wp-content\/uploads\/2022\/08\/Selahatin-Eukalypse-fogkrem-doboz-600x600.jpeg 600w, https:\/\/www.7scents.hu\/wp-content\/uploads\/2022\/08\/Selahatin-Eukalypse-fogkrem-doboz-100x100.jpeg 100w, https:\/\/www.7scents.hu\/wp-content\/uploads\/2022\/08\/Selahatin-Eukalypse-fogkrem-doboz.jpeg 1080w\" sizes=\"(max-width: 300px) 100vw, 300px\" \/><\/a><\/p>\n","protected":false},"excerpt":{"rendered":"<p>Selahatin Eukalypse Whitening Toothpaste is a eucalyptus, cardamom, honey and menthol flavoured luxury toothpaste. A refreshingly modern take on traditional oral hygiene territory. Eukalypse is an homage to the eucalyptus tree, rooted in vast and exotic landscapes. The tree&#8217;s leather-like &#8230;<\/p>\n","protected":false},"featured_media":31393,"comment_status":"open","ping_status":"closed","template":"","meta":{"_acf_changed":false},"product_cat":[3490,2535],"product_tag":[2739,2750,2737,2741,2537],"yst_prominent_words":[],"class_list":{"0":"post-31420","1":"product","2":"type-product","3":"status-publish","4":"has-post-thumbnail","6":"product_cat-cosmetics","7":"product_cat-toothpaste","8":"product_tag-eukaliptusz-en","9":"product_tag-mez-en","10":"product_tag-kardamom-en","11":"product_tag-mentol-en","12":"product_tag-selahatin-en","13":"pa_brand-selahatin","14":"pa_kiszereles-65ml-en","15":"pa_szarmazasi-hely-sweden","17":"first","18":"instock","19":"sold-individually","20":"taxable","21":"shipping-taxable","22":"purchasable","23":"product-type-simple"},"acf":[],"_links":{"self":[{"href":"https:\/\/www.7scents.hu\/en\/wp-json\/wp\/v2\/product\/31420"}],"collection":[{"href":"https:\/\/www.7scents.hu\/en\/wp-json\/wp\/v2\/product"}],"about":[{"href":"https:\/\/www.7scents.hu\/en\/wp-json\/wp\/v2\/types\/product"}],"replies":[{"embeddable":true,"href":"https:\/\/www.7scents.hu\/en\/wp-json\/wp\/v2\/comments?post=31420"}],"wp:featuredmedia":[{"embeddable":true,"href":"https:\/\/www.7scents.hu\/en\/wp-json\/wp\/v2\/media\/31393"}],"wp:attachment":[{"href":"https:\/\/www.7scents.hu\/en\/wp-json\/wp\/v2\/media?parent=31420"}],"wp:term":[{"taxonomy":"product_cat","embeddable":true,"href":"https:\/\/www.7scents.hu\/en\/wp-json\/wp\/v2\/product_cat?post=31420"},{"taxonomy":"product_tag","embeddable":true,"href":"https:\/\/www.7scents.hu\/en\/wp-json\/wp\/v2\/product_tag?post=31420"},{"taxonomy":"yst_prominent_words","embeddable":true,"href":"https:\/\/www.7scents.hu\/en\/wp-json\/wp\/v2\/yst_prominent_words?post=31420"}],"curies":[{"name":"wp","href":"https:\/\/api.w.org\/{rel}","templated":true}]}}