{"id":32536,"date":"2022-11-02T06:28:26","date_gmt":"2022-11-02T06:28:27","guid":{"rendered":"https:\/\/www.7scents.hu\/?post_type=product&#038;p=32536"},"modified":"2024-01-22T15:34:49","modified_gmt":"2024-01-22T15:34:49","slug":"gallivant-berlin-eau-de-parfum","status":"publish","type":"product","link":"https:\/\/www.7scents.hu\/en\/termek\/gallivant-berlin-eau-de-parfum\/","title":{"rendered":"Gallivant <br\/>Berlin Eau de Parfum"},"content":{"rendered":"<p>Gallivant Berlin Eau de Parfum is a fresh unisex citrus fragrance with a contrasting interplay of light and dark. The conflicting effects are the olfactive equivalent of the German capital. On one hand it\u2019s energetic and modern like the ever evolving cityscape of concrete and steel &#8211; gritty urban living, leather, smoke, spices, cups of black tea, being inside and underground. On the other hand it\u2019s never far from nature thanks to the protective surroundings of forests and lakes &#8211; carefree summers, the freshness of the water swimming at the Strandbad Wannsee.<\/p>\n<p>Fresh and zingy top notes of grapefruit, clementine, lemon and schinus molle CO2 extract have a modern, aldehydic effervescence. The spicy heart is grounded by black pepper and black tea, as well as woody undertones of Haitian vetiver, cedarwood and patchouli. Gallivant Berlin is a dualistic fragrance that perfectly captures the city\u2019s split personality: decadent, poor but sexy. A city of brutalist apartment blocks, concrete, elegant parquet floors and modern bohemians.<\/p>\n<p>Perfumer: Karine Chevallier<\/p>\n<p>Top notes: grapefruit, clementine, lemon and schinus molle CO2 extract<br \/>\nHeart notes: black pepper and black tea<br \/>\nBase notes: Haitian vetiver, cedarwood and patchouli<\/p>\n<p><a href=\"https:\/\/www.7scents.hu\/wp-content\/uploads\/2022\/07\/Gallivant-Berlin-parfum-dobozzal-300x300.jpeg\"><img loading=\"lazy\" decoding=\"async\" class=\"alignnone size-medium wp-image-32345\" src=\"https:\/\/www.7scents.hu\/wp-content\/uploads\/2022\/07\/Gallivant-Berlin-parfum-dobozzal-300x300.jpeg\" alt=\"Gallivant Berlin parf\u00fcm doboz\" width=\"300\" height=\"300\" srcset=\"https:\/\/www.7scents.hu\/wp-content\/uploads\/2022\/07\/Gallivant-Berlin-parfum-dobozzal-300x300.jpeg 300w, https:\/\/www.7scents.hu\/wp-content\/uploads\/2022\/07\/Gallivant-Berlin-parfum-dobozzal-1024x1024.jpeg 1024w, https:\/\/www.7scents.hu\/wp-content\/uploads\/2022\/07\/Gallivant-Berlin-parfum-dobozzal-150x150.jpeg 150w, https:\/\/www.7scents.hu\/wp-content\/uploads\/2022\/07\/Gallivant-Berlin-parfum-dobozzal-768x768.jpeg 768w, https:\/\/www.7scents.hu\/wp-content\/uploads\/2022\/07\/Gallivant-Berlin-parfum-dobozzal-600x600.jpeg 600w, https:\/\/www.7scents.hu\/wp-content\/uploads\/2022\/07\/Gallivant-Berlin-parfum-dobozzal-100x100.jpeg 100w, https:\/\/www.7scents.hu\/wp-content\/uploads\/2022\/07\/Gallivant-Berlin-parfum-dobozzal.jpeg 1080w\" sizes=\"(max-width: 300px) 100vw, 300px\" \/><\/a><\/p>\n<p><a href=\"https:\/\/www.7scents.hu\/wp-content\/uploads\/2022\/07\/Gallivant-Berlin-parfum-varos-300x300.jpeg\"><img loading=\"lazy\" decoding=\"async\" class=\"alignnone size-medium wp-image-32347\" src=\"https:\/\/www.7scents.hu\/wp-content\/uploads\/2022\/07\/Gallivant-Berlin-parfum-varos-300x300.jpeg\" alt=\"Gallivant Berlin parf\u00fcm inspir\u00e1ci\u00f3\" width=\"300\" height=\"300\" srcset=\"https:\/\/www.7scents.hu\/wp-content\/uploads\/2022\/07\/Gallivant-Berlin-parfum-varos-300x300.jpeg 300w, https:\/\/www.7scents.hu\/wp-content\/uploads\/2022\/07\/Gallivant-Berlin-parfum-varos-1024x1024.jpeg 1024w, https:\/\/www.7scents.hu\/wp-content\/uploads\/2022\/07\/Gallivant-Berlin-parfum-varos-150x150.jpeg 150w, https:\/\/www.7scents.hu\/wp-content\/uploads\/2022\/07\/Gallivant-Berlin-parfum-varos-768x768.jpeg 768w, https:\/\/www.7scents.hu\/wp-content\/uploads\/2022\/07\/Gallivant-Berlin-parfum-varos-600x600.jpeg 600w, https:\/\/www.7scents.hu\/wp-content\/uploads\/2022\/07\/Gallivant-Berlin-parfum-varos-100x100.jpeg 100w, https:\/\/www.7scents.hu\/wp-content\/uploads\/2022\/07\/Gallivant-Berlin-parfum-varos.jpeg 1080w\" sizes=\"(max-width: 300px) 100vw, 300px\" \/><\/a><\/p>\n<p>You can try the perfume with the help of the samples or at 7scents Perfumery:<br \/>\n1053 Budapest, Magyar utca 18, Hungary (Click for route planning &gt;&gt; <a href=\"https:\/\/goo.gl\/maps\/EYr6LQCwWkhFHjuU7\">here<\/a>)<br \/>\nOpen from Mo-Fr 10-18 and Sat 11-17.<\/p>\n","protected":false},"excerpt":{"rendered":"<p>Alcohol Denat (SD Alcohol 40-B), Parfum (Fragrance), Aqua (Water), Limonene, Hexyl Cinnamal, Geraniol, Citral, BHT, Citronellol, Eugenol, Linalool, Benzyl Alcohol, Amyl Cinnamal, Alpha-Iso-Methyl Ionone<\/p>\n","protected":false},"featured_media":34297,"comment_status":"open","ping_status":"closed","template":"","meta":{"_acf_changed":false},"product_cat":[2135,2132],"product_tag":[736,2300,2734,2527,742,2591,2706,590,584,598],"yst_prominent_words":[],"class_list":{"0":"post-32536","1":"product","2":"type-product","3":"status-publish","4":"has-post-thumbnail","6":"product_cat-citrus-perfume","7":"product_cat-woody-perfume","8":"product_tag-black-pepper-en","9":"product_tag-black-tea","10":"product_tag-cedrusfa-en","11":"product_tag-gallivant-en","12":"product_tag-grapefruit-en","13":"product_tag-karine-chevallier-en","14":"product_tag-citrom-en","15":"product_tag-mandarin-en","16":"product_tag-patchouli","17":"product_tag-vetiver-en","18":"pa_kiszereles-1-5ml-sample","19":"pa_kiszereles-100ml-en","20":"pa_kiszereles-30ml-en","21":"pa_kiszereles-5ml-sample","22":"pa_marka-gallivant-en","23":"pa_szarmazasi-hely-england","25":"first","26":"instock","27":"taxable","28":"shipping-taxable","29":"purchasable","30":"product-type-variable"},"acf":[],"_links":{"self":[{"href":"https:\/\/www.7scents.hu\/en\/wp-json\/wp\/v2\/product\/32536"}],"collection":[{"href":"https:\/\/www.7scents.hu\/en\/wp-json\/wp\/v2\/product"}],"about":[{"href":"https:\/\/www.7scents.hu\/en\/wp-json\/wp\/v2\/types\/product"}],"replies":[{"embeddable":true,"href":"https:\/\/www.7scents.hu\/en\/wp-json\/wp\/v2\/comments?post=32536"}],"wp:featuredmedia":[{"embeddable":true,"href":"https:\/\/www.7scents.hu\/en\/wp-json\/wp\/v2\/media\/34297"}],"wp:attachment":[{"href":"https:\/\/www.7scents.hu\/en\/wp-json\/wp\/v2\/media?parent=32536"}],"wp:term":[{"taxonomy":"product_cat","embeddable":true,"href":"https:\/\/www.7scents.hu\/en\/wp-json\/wp\/v2\/product_cat?post=32536"},{"taxonomy":"product_tag","embeddable":true,"href":"https:\/\/www.7scents.hu\/en\/wp-json\/wp\/v2\/product_tag?post=32536"},{"taxonomy":"yst_prominent_words","embeddable":true,"href":"https:\/\/www.7scents.hu\/en\/wp-json\/wp\/v2\/yst_prominent_words?post=32536"}],"curies":[{"name":"wp","href":"https:\/\/api.w.org\/{rel}","templated":true}]}}