{"id":33183,"date":"2022-12-07T16:28:18","date_gmt":"2022-12-07T16:28:19","guid":{"rendered":"https:\/\/www.7scents.hu\/?post_type=product&#038;p=33183"},"modified":"2024-02-23T16:50:48","modified_gmt":"2024-02-23T16:50:48","slug":"gallagher-fragrances-carpe-cafe-eau-de-parfum-limited-edition","status":"publish","type":"product","link":"https:\/\/www.7scents.hu\/en\/termek\/gallagher-fragrances-carpe-cafe-eau-de-parfum-limited-edition\/","title":{"rendered":"Gallagher Fragrances <br\/>Carp\u00e9 Caf\u00e9 Eau de Parfum &#8211; LIMITED EDITION"},"content":{"rendered":"<p>Gallagher Fragrances Carp\u00e9 Caf\u00e9 Eau de Parfum is a sweet coffe amber dream, on a plush myrrh and soft sandalwood base. Carp\u00e9 Caf\u00e9 reminds one of sitting outside at a small town caf\u00e9. The gentle wind brings not only whiffs of coffee, but also the fragrance of the nearby cypress and fir trees. Carp\u00e9 Caf\u00e9 is smooth and warm and perfect for cooler Winter, Fall, and even Spring days.<\/p>\n<p>Carp\u00e9\u00a0Caf\u00e9 will be here for a limited time while stock lasts.<\/p>\n<p>Notes: Colombian Coffee, Madagascar Vanilla, French Vanilla, Cypress, Fir Needle, Amber, Labdanum, Myrrh, and Sandalwood.<\/p>\n<p>You can try the perfume with the help of the samples or at 7scents Perfumery:<br \/>\n1053 Budapest, Magyar utca 18, Hungary (Click here for route planning &gt;&gt; <a href=\"https:\/\/goo.gl\/maps\/EYr6LQCwWkhFHjuU7\">here<\/a>)<br \/>\nOpen from Mo-Fr 10-18 and Sat 11-17.<\/p>\n","protected":false},"excerpt":{"rendered":"<p>Alcohol Denat, Aqua (Water), Parfum (Fragrance)<\/p>\n","protected":false},"featured_media":33188,"comment_status":"open","ping_status":"closed","template":"","meta":{"_acf_changed":false},"product_cat":[2126,2149,535],"product_tag":[536,1516,888,2458,1101,568,641,2736,2690],"yst_prominent_words":[],"class_list":{"0":"post-33183","1":"product","2":"type-product","3":"status-publish","4":"has-post-thumbnail","6":"product_cat-amber-perfume","7":"product_cat-gourmand-perfume","8":"product_cat-perfume","9":"product_tag-ambra-en","10":"product_tag-coffee","11":"product_tag-cypress","12":"product_tag-gallagher-fragrances-en","13":"product_tag-labdanum-en","14":"product_tag-myrrh","15":"product_tag-pine-tree-en","16":"product_tag-szantalfa-en","17":"product_tag-vanilia-en","18":"pa_kiszereles-1-5ml-sample","19":"pa_kiszereles-50ml-en","20":"pa_kiszereles-5ml-sample","21":"pa_marka-gallagher-fragrances-en","22":"pa_szarmazasi-hely-usa-en","24":"first","25":"instock","26":"taxable","27":"shipping-taxable","28":"purchasable","29":"product-type-variable"},"acf":[],"_links":{"self":[{"href":"https:\/\/www.7scents.hu\/en\/wp-json\/wp\/v2\/product\/33183"}],"collection":[{"href":"https:\/\/www.7scents.hu\/en\/wp-json\/wp\/v2\/product"}],"about":[{"href":"https:\/\/www.7scents.hu\/en\/wp-json\/wp\/v2\/types\/product"}],"replies":[{"embeddable":true,"href":"https:\/\/www.7scents.hu\/en\/wp-json\/wp\/v2\/comments?post=33183"}],"wp:featuredmedia":[{"embeddable":true,"href":"https:\/\/www.7scents.hu\/en\/wp-json\/wp\/v2\/media\/33188"}],"wp:attachment":[{"href":"https:\/\/www.7scents.hu\/en\/wp-json\/wp\/v2\/media?parent=33183"}],"wp:term":[{"taxonomy":"product_cat","embeddable":true,"href":"https:\/\/www.7scents.hu\/en\/wp-json\/wp\/v2\/product_cat?post=33183"},{"taxonomy":"product_tag","embeddable":true,"href":"https:\/\/www.7scents.hu\/en\/wp-json\/wp\/v2\/product_tag?post=33183"},{"taxonomy":"yst_prominent_words","embeddable":true,"href":"https:\/\/www.7scents.hu\/en\/wp-json\/wp\/v2\/yst_prominent_words?post=33183"}],"curies":[{"name":"wp","href":"https:\/\/api.w.org\/{rel}","templated":true}]}}