{"id":36294,"date":"2023-09-14T15:07:39","date_gmt":"2023-09-14T15:07:41","guid":{"rendered":"https:\/\/www.7scents.hu\/?post_type=product&#038;p=36294"},"modified":"2025-08-15T09:57:20","modified_gmt":"2025-08-15T09:57:20","slug":"filippo-sorcinelli-ne-il-giorno-ne-lora-extrait-de-parfum","status":"publish","type":"product","link":"https:\/\/www.7scents.hu\/en\/termek\/filippo-sorcinelli-ne-il-giorno-ne-lora-extrait-de-parfum\/","title":{"rendered":"Filippo Sorcinelli <br\/>N\u00e9 Il Giorno N\u00e9 L&#8217;Ora Extrait de Parfum"},"content":{"rendered":"<p>Filippo Sorcinelli n\u00e9 il giorno n\u00e9 l\u2019ora Extrait de Parfum is a darkly ominous interplay of woods, spices and musks designed to confront our desire for fear. The twelfth fragrance in Filippo Sorcinelli\u2019s monolithic UNUM collection, n\u00e9 il giorno n\u00e9 l\u2019ora articulates seemingly chaotic primordial emotions where anxiety and arousal rise up side by side within us.<\/p>\n<p>Cedar wood, with its cumin-spiced bodyheat aroma replicates our heightened physical response to fear. These tense, adrenaline sweat top notes mask a more tender floral heart, while a deftly mixed marine note conjures images of salty skin. Sandalwood, musk and amber in the base reveal an obsessively erotic skin accord &#8211; showcasing how a raised pulse, a pounding heart and a breathless body flushed with hormones are symptoms of both aversion and arousal.<\/p>\n<p>When these dormant, hidden impulses are awoken, a dangerous eroticism is triggered, \u2018making the impossible possible\u2019. We are animals of contradictions and desires &#8211; perhaps we only truly feel alive when we accept our body\u2019s instinctive messages that remind us: scary is sexy!<\/p>\n<p>\u2018I hope you will turn into an obsession,<br \/>\nbecause you aid life.<br \/>\nYou block false reality,<br \/>\nacting in the shadows,<br \/>\nerasing limits.\u2019<\/p>\n<p>Filippo Sorcinelli writes: \u2018N\u00e9 il giorno n\u00e9 l\u2019ora (neither the day nor the hour) asks us to face our fears on a deeper, more intense level, evoking conflicting emotions and experiencing the seductive charms of danger &#8211; an \u2018amor fati\u2019 as Nietzsche claimed &#8211; or at least, the presence of things beyond our control. This is a characteristic feature of horror literature (and more); it\u2019s the power of the uncontrolled over us. Yet the existence of fear always requires something else: not lack of courage, but the presence of what we most desire. What remains most men\u2019s highest aspiration is also a harbinger of trouble: freedom. The perfume conveys the idea of destruction, the choice to be silent, and the introspection needed to delve into the depths of the skin\u2019s most remote existence.\u2019<\/p>\n<p>\u2018neither the day nor the hour\u2019, references the parable of the ten virgins from the Gospel of Matthew, in which five virgins were barred entry to the temple for neglecting to fill their oil lamps. The moral of the story is, always be prepared because we don\u2019t know when our time has come. The packaging is in line with the UNUM collection; this time it is sealed with a cold transparent film and a silver label. The bottle (also silver) is placed in a \u2018silent\u2019 black velvet bag, sealed in a heat-shrunk sheath which needs to be cut physically using the metal scissors contained in the box.<\/p>\n<p>Not only is Filippo Sorcinelli a world class perfumer and highly respected tailor, he is a classically trained organist and visual artist. His mysterious creative world combines ancient gothic gloom with cutting edge modernity in one darkly immersive aesthetic. His wide ranging talents and classical Italian reference points are reflected in his avant-garde bottle designs which are as strikingly individual as his fragrances themselves.<\/p>\n<p>Top notes: lemon, bergamot, cardamom, galbanum, cedar, lily of the valley<br \/>\nHeart notes: marine note, jasmine, rose, iris<br \/>\nBase notes: sandalwood, tonka bean, amber, musk<\/p>\n<p><a href=\"https:\/\/www.7scents.hu\/wp-content\/uploads\/2023\/09\/Filippo-Sorcinelli-Ne-Il-Giorno-Ne-L-Ora-4-300x300.jpeg\"><img loading=\"lazy\" decoding=\"async\" class=\"alignnone size-medium wp-image-36311\" src=\"https:\/\/www.7scents.hu\/wp-content\/uploads\/2023\/09\/Filippo-Sorcinelli-Ne-Il-Giorno-Ne-L-Ora-4-300x300.jpeg\" alt=\"Filippo Sorcinelli Ne Il Giorno Ne L'Ora\" width=\"300\" height=\"300\" srcset=\"https:\/\/www.7scents.hu\/wp-content\/uploads\/2023\/09\/Filippo-Sorcinelli-Ne-Il-Giorno-Ne-L-Ora-4-300x300.jpeg 300w, https:\/\/www.7scents.hu\/wp-content\/uploads\/2023\/09\/Filippo-Sorcinelli-Ne-Il-Giorno-Ne-L-Ora-4-1024x1024.jpeg 1024w, https:\/\/www.7scents.hu\/wp-content\/uploads\/2023\/09\/Filippo-Sorcinelli-Ne-Il-Giorno-Ne-L-Ora-4-150x150.jpeg 150w, https:\/\/www.7scents.hu\/wp-content\/uploads\/2023\/09\/Filippo-Sorcinelli-Ne-Il-Giorno-Ne-L-Ora-4-768x768.jpeg 768w, https:\/\/www.7scents.hu\/wp-content\/uploads\/2023\/09\/Filippo-Sorcinelli-Ne-Il-Giorno-Ne-L-Ora-4-1536x1536.jpeg 1536w, https:\/\/www.7scents.hu\/wp-content\/uploads\/2023\/09\/Filippo-Sorcinelli-Ne-Il-Giorno-Ne-L-Ora-4-600x600.jpeg 600w, https:\/\/www.7scents.hu\/wp-content\/uploads\/2023\/09\/Filippo-Sorcinelli-Ne-Il-Giorno-Ne-L-Ora-4-100x100.jpeg 100w, https:\/\/www.7scents.hu\/wp-content\/uploads\/2023\/09\/Filippo-Sorcinelli-Ne-Il-Giorno-Ne-L-Ora-4.jpeg 2047w\" sizes=\"(max-width: 300px) 100vw, 300px\" \/><\/a><\/p>\n<p><a href=\"https:\/\/www.7scents.hu\/wp-content\/uploads\/2023\/09\/Filippo-Sorcinelli-Ne-Il-Giorno-Ne-L-Ora-1-300x300.jpeg\"><img loading=\"lazy\" decoding=\"async\" class=\"alignnone size-medium wp-image-36305\" src=\"https:\/\/www.7scents.hu\/wp-content\/uploads\/2023\/09\/Filippo-Sorcinelli-Ne-Il-Giorno-Ne-L-Ora-1-300x300.jpeg\" alt=\"Filippo Sorcinelli Ne Il Giorno Ne L'Ora\" width=\"300\" height=\"300\" srcset=\"https:\/\/www.7scents.hu\/wp-content\/uploads\/2023\/09\/Filippo-Sorcinelli-Ne-Il-Giorno-Ne-L-Ora-1-300x300.jpeg 300w, https:\/\/www.7scents.hu\/wp-content\/uploads\/2023\/09\/Filippo-Sorcinelli-Ne-Il-Giorno-Ne-L-Ora-1-1024x1024.jpeg 1024w, https:\/\/www.7scents.hu\/wp-content\/uploads\/2023\/09\/Filippo-Sorcinelli-Ne-Il-Giorno-Ne-L-Ora-1-150x150.jpeg 150w, https:\/\/www.7scents.hu\/wp-content\/uploads\/2023\/09\/Filippo-Sorcinelli-Ne-Il-Giorno-Ne-L-Ora-1-768x768.jpeg 768w, https:\/\/www.7scents.hu\/wp-content\/uploads\/2023\/09\/Filippo-Sorcinelli-Ne-Il-Giorno-Ne-L-Ora-1-600x600.jpeg 600w, https:\/\/www.7scents.hu\/wp-content\/uploads\/2023\/09\/Filippo-Sorcinelli-Ne-Il-Giorno-Ne-L-Ora-1-100x100.jpeg 100w, https:\/\/www.7scents.hu\/wp-content\/uploads\/2023\/09\/Filippo-Sorcinelli-Ne-Il-Giorno-Ne-L-Ora-1.jpeg 1080w\" sizes=\"(max-width: 300px) 100vw, 300px\" \/><\/a><\/p>\n<p><a href=\"https:\/\/www.7scents.hu\/wp-content\/uploads\/2023\/09\/Filippo-Sorcinelli-Ne-Il-Giorno-Ne-L-Ora-5-300x300.jpeg\"><img loading=\"lazy\" decoding=\"async\" class=\"alignnone size-medium wp-image-36313\" src=\"https:\/\/www.7scents.hu\/wp-content\/uploads\/2023\/09\/Filippo-Sorcinelli-Ne-Il-Giorno-Ne-L-Ora-5-300x300.jpeg\" alt=\"Filippo Sorcinelli Ne Il Giorno Ne L'Ora\" width=\"300\" height=\"300\" srcset=\"https:\/\/www.7scents.hu\/wp-content\/uploads\/2023\/09\/Filippo-Sorcinelli-Ne-Il-Giorno-Ne-L-Ora-5-300x300.jpeg 300w, https:\/\/www.7scents.hu\/wp-content\/uploads\/2023\/09\/Filippo-Sorcinelli-Ne-Il-Giorno-Ne-L-Ora-5-1024x1024.jpeg 1024w, https:\/\/www.7scents.hu\/wp-content\/uploads\/2023\/09\/Filippo-Sorcinelli-Ne-Il-Giorno-Ne-L-Ora-5-150x150.jpeg 150w, https:\/\/www.7scents.hu\/wp-content\/uploads\/2023\/09\/Filippo-Sorcinelli-Ne-Il-Giorno-Ne-L-Ora-5-768x768.jpeg 768w, https:\/\/www.7scents.hu\/wp-content\/uploads\/2023\/09\/Filippo-Sorcinelli-Ne-Il-Giorno-Ne-L-Ora-5-600x600.jpeg 600w, https:\/\/www.7scents.hu\/wp-content\/uploads\/2023\/09\/Filippo-Sorcinelli-Ne-Il-Giorno-Ne-L-Ora-5-100x100.jpeg 100w, https:\/\/www.7scents.hu\/wp-content\/uploads\/2023\/09\/Filippo-Sorcinelli-Ne-Il-Giorno-Ne-L-Ora-5.jpeg 1080w\" sizes=\"(max-width: 300px) 100vw, 300px\" \/><\/a><\/p>\n<p><a href=\"https:\/\/www.7scents.hu\/wp-content\/uploads\/2023\/09\/Filippo-Sorcinelli-Ne-Il-Giorno-Ne-L-Ora-2-300x300.jpeg\"><img loading=\"lazy\" decoding=\"async\" class=\"alignnone size-medium wp-image-36307\" src=\"https:\/\/www.7scents.hu\/wp-content\/uploads\/2023\/09\/Filippo-Sorcinelli-Ne-Il-Giorno-Ne-L-Ora-2-300x300.jpeg\" alt=\"Filippo Sorcinelli Ne Il Giorno Ne L'Ora\" width=\"300\" height=\"300\" srcset=\"https:\/\/www.7scents.hu\/wp-content\/uploads\/2023\/09\/Filippo-Sorcinelli-Ne-Il-Giorno-Ne-L-Ora-2-300x300.jpeg 300w, https:\/\/www.7scents.hu\/wp-content\/uploads\/2023\/09\/Filippo-Sorcinelli-Ne-Il-Giorno-Ne-L-Ora-2-1024x1024.jpeg 1024w, https:\/\/www.7scents.hu\/wp-content\/uploads\/2023\/09\/Filippo-Sorcinelli-Ne-Il-Giorno-Ne-L-Ora-2-150x150.jpeg 150w, https:\/\/www.7scents.hu\/wp-content\/uploads\/2023\/09\/Filippo-Sorcinelli-Ne-Il-Giorno-Ne-L-Ora-2-768x768.jpeg 768w, https:\/\/www.7scents.hu\/wp-content\/uploads\/2023\/09\/Filippo-Sorcinelli-Ne-Il-Giorno-Ne-L-Ora-2-600x600.jpeg 600w, https:\/\/www.7scents.hu\/wp-content\/uploads\/2023\/09\/Filippo-Sorcinelli-Ne-Il-Giorno-Ne-L-Ora-2-100x100.jpeg 100w, https:\/\/www.7scents.hu\/wp-content\/uploads\/2023\/09\/Filippo-Sorcinelli-Ne-Il-Giorno-Ne-L-Ora-2.jpeg 1080w\" sizes=\"(max-width: 300px) 100vw, 300px\" \/><\/a><\/p>\n<p>You can try the perfume with the samples and in 7scents:<br \/>\n1053 Budapest, Magyar utca 18, Hungary<br \/>\nOpen: M-F 10-18 and Sat 11-17<\/p>\n","protected":false},"excerpt":{"rendered":"<p>Alcohol Denat., Parfum (Fragrance), Aqua (Water)<\/p>\n","protected":false},"featured_media":36310,"comment_status":"open","ping_status":"closed","template":"","meta":{"_acf_changed":false},"product_cat":[2152,2134,2145,2154,2155,2907,535,2132],"product_tag":[536,551,2734,1784,1517,595,2716,2737,2706,2718,541,2783,2736,574,1897],"yst_prominent_words":[],"class_list":{"0":"post-36294","1":"product","2":"type-product","3":"status-publish","4":"has-post-thumbnail","6":"product_cat-animalic-perfume","7":"product_cat-avant-garde-perfume","8":"product_cat-erotic-perfume","9":"product_cat-leather-perfume","10":"product_cat-musky-perfume","11":"product_cat-news","12":"product_cat-perfume","13":"product_cat-woody-perfume","14":"product_tag-ambra-en","15":"product_tag-bergamot-en","16":"product_tag-cedrusfa-en","17":"product_tag-filippo-sorcinelli-en","18":"product_tag-galbanum-en","19":"product_tag-iris","20":"product_tag-jazmin-en","21":"product_tag-kardamom-en","22":"product_tag-citrom-en","23":"product_tag-gyongyvirag-en","24":"product_tag-musk-en","25":"product_tag-rozsa-en","26":"product_tag-szantalfa-en","27":"product_tag-tonka-bean","28":"product_tag-unum-en","29":"pa_kiszereles-1-5ml-sample","30":"pa_kiszereles-100ml-en","31":"pa_kiszereles-5ml-sample","32":"pa_kiszereles-exclusive-15ml-keyholder","33":"pa_marka-filippo-sorcinelli-en","34":"pa_szarmazasi-hely-olaszorszag-en","36":"first","37":"instock","38":"taxable","39":"shipping-taxable","40":"purchasable","41":"product-type-variable"},"acf":[],"_links":{"self":[{"href":"https:\/\/www.7scents.hu\/en\/wp-json\/wp\/v2\/product\/36294"}],"collection":[{"href":"https:\/\/www.7scents.hu\/en\/wp-json\/wp\/v2\/product"}],"about":[{"href":"https:\/\/www.7scents.hu\/en\/wp-json\/wp\/v2\/types\/product"}],"replies":[{"embeddable":true,"href":"https:\/\/www.7scents.hu\/en\/wp-json\/wp\/v2\/comments?post=36294"}],"wp:featuredmedia":[{"embeddable":true,"href":"https:\/\/www.7scents.hu\/en\/wp-json\/wp\/v2\/media\/36310"}],"wp:attachment":[{"href":"https:\/\/www.7scents.hu\/en\/wp-json\/wp\/v2\/media?parent=36294"}],"wp:term":[{"taxonomy":"product_cat","embeddable":true,"href":"https:\/\/www.7scents.hu\/en\/wp-json\/wp\/v2\/product_cat?post=36294"},{"taxonomy":"product_tag","embeddable":true,"href":"https:\/\/www.7scents.hu\/en\/wp-json\/wp\/v2\/product_tag?post=36294"},{"taxonomy":"yst_prominent_words","embeddable":true,"href":"https:\/\/www.7scents.hu\/en\/wp-json\/wp\/v2\/yst_prominent_words?post=36294"}],"curies":[{"name":"wp","href":"https:\/\/api.w.org\/{rel}","templated":true}]}}