{"id":36527,"date":"2023-10-02T13:37:48","date_gmt":"2023-10-02T13:37:49","guid":{"rendered":"https:\/\/www.7scents.hu\/?post_type=product&#038;p=36527"},"modified":"2023-10-02T15:06:59","modified_gmt":"2023-10-02T15:06:59","slug":"dusita-collection-i-coffret-edition-limitee","status":"publish","type":"product","link":"https:\/\/www.7scents.hu\/en\/termek\/dusita-collection-i-coffret-edition-limitee\/","title":{"rendered":"Dusita <br\/>Collection I Coffret \u00c9dition Limit\u00e9e"},"content":{"rendered":"<p>Dusita Collection I Coffret \u00c9dition Limit\u00e9e is a unique chance to own 3 Dusita favourites at once in 15ml size in this limited box.<\/p>\n<p>The Coffret includes the following fragrances:<br \/>\n&#8211; Issara<br \/>\n&#8211; Moonlight In Chiangmai<br \/>\n&#8211; Erawan<\/p>\n<p>You can try the perfume with the samples and in 7scents:<br \/>\n1053 Budapest, Magyar utca 18, Hungary (Click &gt;&gt; <a href=\"https:\/\/goo.gl\/maps\/EYr6LQCwWkhFHjuU7\">here<\/a> for directions)<br \/>\nOpen: M-F 10-18 and Sat 11-17<\/p>\n","protected":false},"excerpt":{"rendered":"<p>Dusita Collection I Coffret \u00c9dition Limit\u00e9e is a unique chance to own 3 Dusita favourites at once in 15ml size in this limited box. The Coffret includes the following fragrances: &#8211; Issara &#8211; Moonlight In Chiangmai &#8211; Erawan You can &#8230;<\/p>\n","protected":false},"featured_media":36492,"comment_status":"open","ping_status":"closed","template":"","meta":{"_acf_changed":false},"product_cat":[2126,2137,2157,535,2132],"product_tag":[2074],"yst_prominent_words":[],"class_list":{"0":"post-36527","1":"product","2":"type-product","3":"status-publish","4":"has-post-thumbnail","6":"product_cat-amber-perfume","7":"product_cat-earthy-perfume","8":"product_cat-herbal-aromatic-green-perfume","9":"product_cat-perfume","10":"product_cat-woody-perfume","11":"product_tag-dusita-en","12":"pa_kiszereles-3-x-15ml-en","13":"pa_marka-dusita-en","14":"pa_szarmazasi-hely-france","16":"first","17":"instock","18":"taxable","19":"shipping-taxable","20":"purchasable","21":"product-type-simple"},"acf":[],"_links":{"self":[{"href":"https:\/\/www.7scents.hu\/en\/wp-json\/wp\/v2\/product\/36527"}],"collection":[{"href":"https:\/\/www.7scents.hu\/en\/wp-json\/wp\/v2\/product"}],"about":[{"href":"https:\/\/www.7scents.hu\/en\/wp-json\/wp\/v2\/types\/product"}],"replies":[{"embeddable":true,"href":"https:\/\/www.7scents.hu\/en\/wp-json\/wp\/v2\/comments?post=36527"}],"wp:featuredmedia":[{"embeddable":true,"href":"https:\/\/www.7scents.hu\/en\/wp-json\/wp\/v2\/media\/36492"}],"wp:attachment":[{"href":"https:\/\/www.7scents.hu\/en\/wp-json\/wp\/v2\/media?parent=36527"}],"wp:term":[{"taxonomy":"product_cat","embeddable":true,"href":"https:\/\/www.7scents.hu\/en\/wp-json\/wp\/v2\/product_cat?post=36527"},{"taxonomy":"product_tag","embeddable":true,"href":"https:\/\/www.7scents.hu\/en\/wp-json\/wp\/v2\/product_tag?post=36527"},{"taxonomy":"yst_prominent_words","embeddable":true,"href":"https:\/\/www.7scents.hu\/en\/wp-json\/wp\/v2\/yst_prominent_words?post=36527"}],"curies":[{"name":"wp","href":"https:\/\/api.w.org\/{rel}","templated":true}]}}