{"id":36529,"date":"2023-10-02T14:09:30","date_gmt":"2023-10-02T14:09:30","guid":{"rendered":"https:\/\/www.7scents.hu\/?post_type=product&#038;p=36529"},"modified":"2023-10-02T15:12:40","modified_gmt":"2023-10-02T15:12:40","slug":"dusita-collection-ii-coffret-edition-limitee","status":"publish","type":"product","link":"https:\/\/www.7scents.hu\/en\/termek\/dusita-collection-ii-coffret-edition-limitee\/","title":{"rendered":"Dusita <br\/>Collection II Coffret \u00c9dition Limit\u00e9e"},"content":{"rendered":"<p>Dusita Collection I Coffret \u00c9dition Limit\u00e9e is a unique chance to own 3 Dusita favourites at once in 15ml size in this limited box.<\/p>\n<p>The Coffret includes the following fragrances:<br \/>\n&#8211; M\u00e9lodie D&#8217;Amour<br \/>\n&#8211; Anamcara<br \/>\n&#8211; La Douceur De Siam<\/p>\n<p>You can try the perfume with the samples and in 7scents:<br \/>\n1053 Budapest, Magyar utca 18, Hungary (Click &gt;&gt; <a href=\"https:\/\/goo.gl\/maps\/EYr6LQCwWkhFHjuU7\">here<\/a> for directions)<br \/>\nOpen: M-F 10-18 and Sat 11-17<\/p>\n","protected":false},"excerpt":{"rendered":"<p>Dusita Collection I Coffret \u00c9dition Limit\u00e9e is a unique chance to own 3 Dusita favourites at once in 15ml size in this limited box. The Coffret includes the following fragrances: &#8211; M\u00e9lodie D&#8217;Amour &#8211; Anamcara &#8211; La Douceur De Siam &#8230;<\/p>\n","protected":false},"featured_media":36494,"comment_status":"open","ping_status":"closed","template":"","meta":{"_acf_changed":false},"product_cat":[2144,2146,2149,535,2129,2159,2910,2130],"product_tag":[2074],"yst_prominent_words":[],"class_list":{"0":"post-36529","1":"product","2":"type-product","3":"status-publish","4":"has-post-thumbnail","6":"product_cat-elegant-women-perfume","7":"product_cat-fruity-perfume","8":"product_cat-gourmand-perfume","9":"product_cat-perfume","10":"product_cat-rose-perfume","11":"product_cat-sweet-floral-perfume","12":"product_cat-vanilla-perfume","13":"product_cat-white-floral-perfume","14":"product_tag-dusita-en","15":"pa_kiszereles-3-x-15ml-en","16":"pa_marka-dusita-en","17":"pa_szarmazasi-hely-france","19":"first","20":"instock","21":"taxable","22":"shipping-taxable","23":"purchasable","24":"product-type-simple"},"acf":[],"_links":{"self":[{"href":"https:\/\/www.7scents.hu\/en\/wp-json\/wp\/v2\/product\/36529"}],"collection":[{"href":"https:\/\/www.7scents.hu\/en\/wp-json\/wp\/v2\/product"}],"about":[{"href":"https:\/\/www.7scents.hu\/en\/wp-json\/wp\/v2\/types\/product"}],"replies":[{"embeddable":true,"href":"https:\/\/www.7scents.hu\/en\/wp-json\/wp\/v2\/comments?post=36529"}],"wp:featuredmedia":[{"embeddable":true,"href":"https:\/\/www.7scents.hu\/en\/wp-json\/wp\/v2\/media\/36494"}],"wp:attachment":[{"href":"https:\/\/www.7scents.hu\/en\/wp-json\/wp\/v2\/media?parent=36529"}],"wp:term":[{"taxonomy":"product_cat","embeddable":true,"href":"https:\/\/www.7scents.hu\/en\/wp-json\/wp\/v2\/product_cat?post=36529"},{"taxonomy":"product_tag","embeddable":true,"href":"https:\/\/www.7scents.hu\/en\/wp-json\/wp\/v2\/product_tag?post=36529"},{"taxonomy":"yst_prominent_words","embeddable":true,"href":"https:\/\/www.7scents.hu\/en\/wp-json\/wp\/v2\/yst_prominent_words?post=36529"}],"curies":[{"name":"wp","href":"https:\/\/api.w.org\/{rel}","templated":true}]}}