{"id":45248,"date":"2025-03-27T17:48:32","date_gmt":"2025-03-27T17:48:32","guid":{"rendered":"https:\/\/www.7scents.hu\/?post_type=product&#038;p=45248"},"modified":"2025-04-07T09:04:50","modified_gmt":"2025-04-07T09:04:50","slug":"les-indemodables-fougere-emeraude-eau-de-parfum","status":"publish","type":"product","link":"https:\/\/www.7scents.hu\/en\/termek\/les-indemodables-fougere-emeraude-eau-de-parfum\/","title":{"rendered":"Les Indemodables <br\/>Foug\u00e8re \u00c9meraude Eau de Parfum"},"content":{"rendered":"<p>Les Indemodables Foug\u00e8re \u00c9meraude (Eau de Parfum) is a timeless classic with modern elegance, a masterful reinterpretation of the iconic foug\u00e8re perfume. An aromatic floral foug\u00e8re, it combines timeless elegance with a contemporary twist, making it both classic and avant-garde. It translates the sophistication of haute couture into the world of perfume.<\/p>\n<p>At the heart of Les Indemodables Foug\u00e8re \u00c9meraude is a rare French lavender Grand Cru from Saint Cristol, which imparts a sophisticated herbal freshness and is lifted by the soft sensuality of Indian tuberose. This unexpected floral touch softens the structure, creating a bright contrast between the crisp, fresh and creamy aspects. The golden warmth of Moroccan mimosa absolute weaves soft, honeyed floral tones through the fragrance, enhancing its radiant elegance.<\/p>\n<p>The backbone of Foug\u00e8re \u00c9meraude is defined by the richness of Venezuelan tonka bean absolute, which lends the fragrance a velvety, subtly sweet depth, complemented by the herbal purity of Alpine clary sage. The result is a perfume that is powerful yet refined, while exuding an effortless confidence.<\/p>\n<p>Les Indemodables Foug\u00e8re \u00c9meraude is an olfactive expression of timeless masculine elegance, created for those who appreciate tradition but demand modernity. A green, aromatic masterpiece that reinvents the classic foug\u00e8re style with exceptional ingredients and impeccable craftsmanship.<\/p>\n<p>Perfumer: Florence Fouillet Dubois<\/p>\n<p>Fragrance notes: French lavender Grand Cru Indian, tuberose, Moroccan mimosa absolute Grand Cru, Venezuelan tonka bean absolute, Alpine clary sage<\/p>\n<p>You can try the perfume with the samples and in 7scents:<br \/>\n1053 Budapest, Magyar utca 18, Hungary (Click &gt;&gt; <a href=\"https:\/\/goo.gl\/maps\/EYr6LQCwWkhFHjuU7\">here<\/a> for directions)<br \/>\nOpen: M-F 10-18 and Sat 11-17<\/p>\n","protected":false},"excerpt":{"rendered":"<p>Alcohol Denat, Parfum (Fragrance), Aqua (Water), Benzyl Benzoate, Benzyl Salicylate, Citral, Citronellol, Coumarin, Eugenol, Evernia Prunastri Extract, Farnesol, Geraniol, Isoeugenol, Limonene, Linalool, BHT, Ethylhexyl Methoxycinnamate, Butyl Methoxydibenzoymethane (Avobenzone)<\/p>\n","protected":false},"featured_media":45253,"comment_status":"open","ping_status":"closed","template":"","meta":{"_acf_changed":false},"product_cat":[2150,2157,2131,535],"product_tag":[907,3338,3336,2735,603,574,586],"yst_prominent_words":[],"class_list":{"0":"post-45248","1":"product","2":"type-product","3":"status-publish","4":"has-post-thumbnail","6":"product_cat-classic-man-perfume","7":"product_cat-herbal-aromatic-green-perfume","8":"product_cat-modern-vintage-perfume","9":"product_cat-perfume","10":"product_tag-clary-sage-en","11":"product_tag-florence-fouillet-dubois-en","12":"product_tag-les-indemodables-en","13":"product_tag-levendula-en","14":"product_tag-mimosa","15":"product_tag-tonka-bean","16":"product_tag-tuberose","17":"pa_kiszereles-1-5ml-sample","18":"pa_kiszereles-50ml-en","19":"pa_kiszereles-5ml-sample","20":"pa_marka-les-indemodables-en","21":"pa_szarmazasi-hely-france","23":"first","24":"instock","25":"taxable","26":"shipping-taxable","27":"purchasable","28":"product-type-variable"},"acf":[],"_links":{"self":[{"href":"https:\/\/www.7scents.hu\/en\/wp-json\/wp\/v2\/product\/45248"}],"collection":[{"href":"https:\/\/www.7scents.hu\/en\/wp-json\/wp\/v2\/product"}],"about":[{"href":"https:\/\/www.7scents.hu\/en\/wp-json\/wp\/v2\/types\/product"}],"replies":[{"embeddable":true,"href":"https:\/\/www.7scents.hu\/en\/wp-json\/wp\/v2\/comments?post=45248"}],"wp:featuredmedia":[{"embeddable":true,"href":"https:\/\/www.7scents.hu\/en\/wp-json\/wp\/v2\/media\/45253"}],"wp:attachment":[{"href":"https:\/\/www.7scents.hu\/en\/wp-json\/wp\/v2\/media?parent=45248"}],"wp:term":[{"taxonomy":"product_cat","embeddable":true,"href":"https:\/\/www.7scents.hu\/en\/wp-json\/wp\/v2\/product_cat?post=45248"},{"taxonomy":"product_tag","embeddable":true,"href":"https:\/\/www.7scents.hu\/en\/wp-json\/wp\/v2\/product_tag?post=45248"},{"taxonomy":"yst_prominent_words","embeddable":true,"href":"https:\/\/www.7scents.hu\/en\/wp-json\/wp\/v2\/yst_prominent_words?post=45248"}],"curies":[{"name":"wp","href":"https:\/\/api.w.org\/{rel}","templated":true}]}}