{"id":46876,"date":"2025-06-12T16:43:46","date_gmt":"2025-06-12T16:43:48","guid":{"rendered":"https:\/\/www.7scents.hu\/?post_type=product&#038;p=46876"},"modified":"2026-03-10T09:38:16","modified_gmt":"2026-03-10T09:38:16","slug":"colors-parfums-alezane-brulee-extrait-de-parfum","status":"publish","type":"product","link":"https:\/\/www.7scents.hu\/en\/termek\/colors-parfums-alezane-brulee-extrait-de-parfum\/","title":{"rendered":"Colors Parfums <br\/>Alezane Br\u00fbl\u00e9e Extrait de Parfum"},"content":{"rendered":"<p>Colors Parfums Alezane Br\u00fbl\u00e9e (Extrait de Parfum) is a stunning gourmand perfume ode to the golden age of Paris, where the scent of patisseries wafts through the air on the city&#8217;s cobbled streets. Inspired by the timeless charm and culinary artistry of Paris, it captures the mood of a sunny afternoon stroll through the city&#8217;s neighborhoods, indulging in sweet pleasures.<\/p>\n<p>Alezane Br\u00fbl\u00e9e opens with a delicate invitation: the scent of airy meringue and creamy marron glac\u00e9 mingles in the air with the sophistication of artisanal sweets. At the heart of the perfume, a luscious cr\u00e8me brul\u00e9e accord melts into the skin, warm and decadent, its silky texture deepened by a hint of rum. As the fragrance settles, the sumptuous scent of burnt sugar, saffron, and Madagascar vanilla unfolds, underpinned by the creamy richness of guaiacwood and sandalwood.<\/p>\n<p>Colors Parfums Alezane Br\u00fbl\u00e9e is a sensual journey through the charming streets to the elegant caf\u00e9s of Paris. Radiant yet soothing, it evokes a city where tradition meets indulgence. Enveloped in shades of golden amber, this perfume is a magical encounter between nostalgia and sophistication. It is made for those who enjoy the finest moments in life.<\/p>\n<p>Perfumer: Margaux Le Paih Gu\u00e9rin<\/p>\n<p>Top notes: meringue and marron glace<br \/>\nMiddle notes: cr\u00e8me br\u00fbl\u00e9e<br \/>\nBase notes: burnt sugar, rum, saffron, vanilla, guaiacwood and sandalwood<\/p>\n<p>You can try the perfume with the samples and in 7scents:<br \/>\n1053 Budapest, Magyar utca 18, Hungary (Click &gt;&gt; <a href=\"https:\/\/goo.gl\/maps\/EYr6LQCwWkhFHjuU7\">here<\/a> for directions)<br \/>\nOpen: M-F 10-18 and Sat 11-17<\/p>\n","protected":false},"excerpt":{"rendered":"<p>Alcohol Denat, Aqua (Water), Parfum (Fragrance), Citral, Limonene<\/p>\n","protected":false},"featured_media":57576,"comment_status":"open","ping_status":"closed","template":"","meta":{"_acf_changed":false},"product_cat":[2149,2907,535,2910],"product_tag":[3500,3504,3357,3501,3503,3502,781,2770,2736,3182,2690],"yst_prominent_words":[],"class_list":{"0":"post-46876","1":"product","2":"type-product","3":"status-publish","4":"has-post-thumbnail","6":"product_cat-gourmand-perfume","7":"product_cat-news","8":"product_cat-perfume","9":"product_cat-vanilla-perfume","10":"product_tag-colors-parfums-en","11":"product_tag-creme-brulee-en","12":"product_tag-guaiacwood","13":"product_tag-margaux-le-paih-guerin-en","14":"product_tag-marron-glace-en","15":"product_tag-meringue","16":"product_tag-rum-en","17":"product_tag-safrany-en","18":"product_tag-szantalfa-en","19":"product_tag-sugar","20":"product_tag-vanilia-en","21":"pa_kiszereles-1-5ml-sample","22":"pa_kiszereles-50ml-en","23":"pa_kiszereles-5ml-sample","24":"pa_marka-colors-parfums-en","25":"pa_szarmazasi-hely-france","27":"first","28":"instock","29":"taxable","30":"shipping-taxable","31":"purchasable","32":"product-type-variable"},"acf":[],"_links":{"self":[{"href":"https:\/\/www.7scents.hu\/en\/wp-json\/wp\/v2\/product\/46876"}],"collection":[{"href":"https:\/\/www.7scents.hu\/en\/wp-json\/wp\/v2\/product"}],"about":[{"href":"https:\/\/www.7scents.hu\/en\/wp-json\/wp\/v2\/types\/product"}],"replies":[{"embeddable":true,"href":"https:\/\/www.7scents.hu\/en\/wp-json\/wp\/v2\/comments?post=46876"}],"wp:featuredmedia":[{"embeddable":true,"href":"https:\/\/www.7scents.hu\/en\/wp-json\/wp\/v2\/media\/57576"}],"wp:attachment":[{"href":"https:\/\/www.7scents.hu\/en\/wp-json\/wp\/v2\/media?parent=46876"}],"wp:term":[{"taxonomy":"product_cat","embeddable":true,"href":"https:\/\/www.7scents.hu\/en\/wp-json\/wp\/v2\/product_cat?post=46876"},{"taxonomy":"product_tag","embeddable":true,"href":"https:\/\/www.7scents.hu\/en\/wp-json\/wp\/v2\/product_tag?post=46876"},{"taxonomy":"yst_prominent_words","embeddable":true,"href":"https:\/\/www.7scents.hu\/en\/wp-json\/wp\/v2\/yst_prominent_words?post=46876"}],"curies":[{"name":"wp","href":"https:\/\/api.w.org\/{rel}","templated":true}]}}