{"id":49413,"date":"2025-10-08T14:25:52","date_gmt":"2025-10-08T14:25:59","guid":{"rendered":"https:\/\/www.7scents.hu\/?post_type=product&#038;p=49413"},"modified":"2025-10-08T14:47:01","modified_gmt":"2025-10-08T14:47:01","slug":"strangers-parfumerie-sm-cafe-eau-de-parfum","status":"publish","type":"product","link":"https:\/\/www.7scents.hu\/en\/termek\/strangers-parfumerie-sm-cafe-eau-de-parfum\/","title":{"rendered":"Strangers Parfumerie <br\/>SM Caf\u00e9 Eau de Parfum"},"content":{"rendered":"<p>Strangers Parfumerie SM Caf\u00e9 (Eau de Parfum) transforms the seductive warm atmosphere of a bold and intoxicating caf\u00e9 into a scene of desire. The first whiff of the perfume opens with the dark and velvety fragrance of coffee, its roasted richness is enveloped by the soft, herbal scent of lavender and the playful sweetness of maraschino cherries. The opening is like a slow sip of a perfect espresso: warm, bitter and seductively sweet. It sets the tone for a perfume that strikes a balance between comfort and provocation.<\/p>\n<p>At the sensual heart of SM Caf\u00e9, animalic Russian leather and soft suede intertwine like a wild secret, their smoky delicacy suggesting intimacy and control. The rose and beeswax accord adds a gentle glow to the fragrance, softening the darker base notes and hinting at the vulnerability beneath the power.<\/p>\n<p>Strangers Parfumerie SM Caf\u00e9 dries down to a long-lasting mist of amber, tobacco and benzoin, held together by smoky cade oil, patchouli and Atlas cedarwood. The sensual tension of SM Caf\u00e9 is the very experience of luxurious liberation. It captures the moment when pleasure, meaning and scent become one: erotic, elegant and unforgettable.<\/p>\n<p>Perfumer: Prin Lomros<\/p>\n<p>Notes: coffee absolute, russian leather accord, suede, javanol, lavender, amber, benzoin, tobacco, cade, cedarwood atlas, tonka bean, beeswax accord, maraschino cherry, patchouli, cashmeran, rose<\/p>\n<p>You can try the perfume with the samples and in 7scents:<br \/>\n1053 Budapest, Magyar utca 18, Hungary (Click &gt;&gt; <a href=\"https:\/\/goo.gl\/maps\/EYr6LQCwWkhFHjuU7\">here<\/a> for directions)<br \/>\nOpen: M-F 10-18 and Sat 11-17<\/p>\n","protected":false},"excerpt":{"rendered":"<p>Alcohol Denat., Water (Eau), Fragrance (Parfum), Dipropylene Glycol, Benzyl Salicylate, Linalool, Hexyl Cinnamal, Alpha-Isomethyl Ionone, Hydroxycitronellal, Benzyl Benzoate, Geraniol, Limonene, Coumarin, Cinnamyl Alcohol, Citronellol, Eugenol, Iso Eugenol, Benzyl Alcohol, Citral, Amyl Cinnamal, Farnesol, BHT<\/p>\n","protected":false},"featured_media":49418,"comment_status":"open","ping_status":"closed","template":"","meta":{"_acf_changed":false},"product_cat":[2126,2149,535,2129],"product_tag":[536,1746,2743,2275,2734,770,1516,3664,2735,2700,584,3387,2783,3565,663,574],"yst_prominent_words":[],"class_list":{"0":"post-49413","1":"product","2":"type-product","3":"status-publish","4":"has-post-thumbnail","6":"product_cat-amber-perfume","7":"product_cat-gourmand-perfume","8":"product_cat-perfume","9":"product_cat-rose-perfume","10":"product_tag-ambra-en","11":"product_tag-benzoin-en","12":"product_tag-bor-en","13":"product_tag-cade-oil","14":"product_tag-cedrusfa-en","15":"product_tag-cherry","16":"product_tag-coffee","17":"product_tag-javanol-en","18":"product_tag-levendula-en","19":"product_tag-mehviasz-en","20":"product_tag-patchouli","21":"product_tag-prin-lomros-en","22":"product_tag-rozsa-en","23":"product_tag-strangers-parfumerie-en","24":"product_tag-tobacco","25":"product_tag-tonka-bean","26":"pa_kiszereles-1-5ml-sample","27":"pa_kiszereles-30ml-en","28":"pa_kiszereles-5ml-sample","29":"pa_marka-strangers-parfumerie-en","30":"pa_szarmazasi-hely-thailand","32":"first","33":"instock","34":"taxable","35":"shipping-taxable","36":"purchasable","37":"product-type-variable"},"acf":[],"_links":{"self":[{"href":"https:\/\/www.7scents.hu\/en\/wp-json\/wp\/v2\/product\/49413"}],"collection":[{"href":"https:\/\/www.7scents.hu\/en\/wp-json\/wp\/v2\/product"}],"about":[{"href":"https:\/\/www.7scents.hu\/en\/wp-json\/wp\/v2\/types\/product"}],"replies":[{"embeddable":true,"href":"https:\/\/www.7scents.hu\/en\/wp-json\/wp\/v2\/comments?post=49413"}],"wp:featuredmedia":[{"embeddable":true,"href":"https:\/\/www.7scents.hu\/en\/wp-json\/wp\/v2\/media\/49418"}],"wp:attachment":[{"href":"https:\/\/www.7scents.hu\/en\/wp-json\/wp\/v2\/media?parent=49413"}],"wp:term":[{"taxonomy":"product_cat","embeddable":true,"href":"https:\/\/www.7scents.hu\/en\/wp-json\/wp\/v2\/product_cat?post=49413"},{"taxonomy":"product_tag","embeddable":true,"href":"https:\/\/www.7scents.hu\/en\/wp-json\/wp\/v2\/product_tag?post=49413"},{"taxonomy":"yst_prominent_words","embeddable":true,"href":"https:\/\/www.7scents.hu\/en\/wp-json\/wp\/v2\/yst_prominent_words?post=49413"}],"curies":[{"name":"wp","href":"https:\/\/api.w.org\/{rel}","templated":true}]}}