{"id":57924,"date":"2026-05-07T09:56:46","date_gmt":"2026-05-07T09:56:48","guid":{"rendered":"https:\/\/www.7scents.hu\/?post_type=product&#038;p=57924"},"modified":"2026-05-07T10:44:15","modified_gmt":"2026-05-07T10:44:15","slug":"arnue-espoir-ceruleen-eau-de-parfum","status":"publish","type":"product","link":"https:\/\/www.7scents.hu\/en\/termek\/arnue-espoir-ceruleen-eau-de-parfum\/","title":{"rendered":"Arnu\u00e9 <br\/>Espoir C\u00e9rul\u00e9en Eau de Parfum"},"content":{"rendered":"<p>Arnu\u00e9 Espoir C\u00e9rul\u00e9en (Eau de Parfum) is a fresh, green perfume reminiscent of cool, open air in wide-open spaces. It exudes a sense of freedom: unrestricted, light, and delicately infinite. The fragrance opens with the fresh scent of juniper berries and lavender, accentuated by black pepper and cardamom. There is a certain purity to it, slightly sharp, as if taking that first breath at a higher altitude.<\/p>\n<p>The heart notes of Espoir C\u00e9rul\u00e9en become softer and more fluid. Ozonic notes float among the herbs and flower petals. Clary sage, geranium, and neroli mingle in the air, touched by the delicate bitterness of black tea. It evokes a sense of purity, yet it is not empty. Lively, yet calm. Like a breeze blowing across the skin, carrying with it the distant scent of greenery and the sky.<\/p>\n<p>Woody notes emerge at the base of Arnu\u00e9 Espoir C\u00e9rul\u00e9en. Cedar creates a faint, dry warmth, while amberwood hums gently beneath it. Incense hovers at the edges, thin and meditative, never heavy, merely a quiet echo of the depths.<\/p>\n<p>The perfume conveys a sense of movement, the feeling of leaving something behind without looking back. Nothing clings too tightly; everything breathes.<\/p>\n<p>Espoir C\u00e9rul\u00e9en is not about arrival, but about liberation. A perfume that exists between places, fresh and airy. It behaves like freedom: delicate and almost unattainable, as if carried by the horizon itself.<\/p>\n<p>Perfumer: Sy Truong<\/p>\n<p>Top notes: juniper berry, black pepper, cardamom, coriander, bulgarian lavender<br \/>\nHeart notes: ozonic note, geranium, clary sage, black tea, neroli<br \/>\nBase notes: driedwood, blondwood, amberwood, cedarwood, incense <\/p>\n<p>You can try the perfume with the samples and in 7scents:<br \/>\n1053 Budapest, Magyar utca 18, Hungary (Click  &gt;&gt; <a href=\"https:\/\/goo.gl\/maps\/EYr6LQCwWkhFHjuU7\">here<\/a> for directions)<br \/>\nOpen: M-F 10-18 and Sat 11-17<\/p>\n","protected":false},"excerpt":{"rendered":"<p>Alcohol denat., Parfum (Fragrance), Aqua (Water)<\/p>\n","protected":false},"featured_media":57930,"comment_status":"open","ping_status":"closed","template":"","meta":{"_acf_changed":false},"product_cat":[2148,2127,535,2132],"product_tag":[3808,3806,736,2300,2734,907,785,604,2738,613,2737,2735,685,3791],"yst_prominent_words":[],"class_list":{"0":"post-57924","1":"product","2":"type-product","3":"status-publish","4":"has-post-thumbnail","6":"product_cat-incense-perfume","7":"product_cat-oriental-perfume","8":"product_cat-perfume","9":"product_cat-woody-perfume","10":"product_tag-amberwood","11":"product_tag-arnue-en","12":"product_tag-black-pepper-en","13":"product_tag-black-tea","14":"product_tag-cedrusfa-en","15":"product_tag-clary-sage-en","16":"product_tag-coriander","17":"product_tag-geranium-en","18":"product_tag-tomjen-en","19":"product_tag-juniper","20":"product_tag-kardamom-en","21":"product_tag-levendula-en","22":"product_tag-neroli-en","23":"product_tag-sy-truong-en","24":"pa_kiszereles-1-5ml-sample","25":"pa_kiszereles-50ml-en","26":"pa_kiszereles-5ml-sample","27":"pa_marka-arnue-en","28":"pa_szarmazasi-hely-vietnam-en","30":"first","31":"instock","32":"taxable","33":"shipping-taxable","34":"purchasable","35":"product-type-variable"},"acf":[],"_links":{"self":[{"href":"https:\/\/www.7scents.hu\/en\/wp-json\/wp\/v2\/product\/57924"}],"collection":[{"href":"https:\/\/www.7scents.hu\/en\/wp-json\/wp\/v2\/product"}],"about":[{"href":"https:\/\/www.7scents.hu\/en\/wp-json\/wp\/v2\/types\/product"}],"replies":[{"embeddable":true,"href":"https:\/\/www.7scents.hu\/en\/wp-json\/wp\/v2\/comments?post=57924"}],"wp:featuredmedia":[{"embeddable":true,"href":"https:\/\/www.7scents.hu\/en\/wp-json\/wp\/v2\/media\/57930"}],"wp:attachment":[{"href":"https:\/\/www.7scents.hu\/en\/wp-json\/wp\/v2\/media?parent=57924"}],"wp:term":[{"taxonomy":"product_cat","embeddable":true,"href":"https:\/\/www.7scents.hu\/en\/wp-json\/wp\/v2\/product_cat?post=57924"},{"taxonomy":"product_tag","embeddable":true,"href":"https:\/\/www.7scents.hu\/en\/wp-json\/wp\/v2\/product_tag?post=57924"},{"taxonomy":"yst_prominent_words","embeddable":true,"href":"https:\/\/www.7scents.hu\/en\/wp-json\/wp\/v2\/yst_prominent_words?post=57924"}],"curies":[{"name":"wp","href":"https:\/\/api.w.org\/{rel}","templated":true}]}}