{"id":57938,"date":"2026-05-07T10:47:03","date_gmt":"2026-05-07T10:47:06","guid":{"rendered":"https:\/\/www.7scents.hu\/?post_type=product&#038;p=57938"},"modified":"2026-05-07T10:57:59","modified_gmt":"2026-05-07T10:57:59","slug":"arnue-ame-blanche-eau-de-parfum","status":"publish","type":"product","link":"https:\/\/www.7scents.hu\/en\/termek\/arnue-ame-blanche-eau-de-parfum\/","title":{"rendered":"Arnu\u00e9 <br\/>\u00c2me Blanche Eau de Parfum"},"content":{"rendered":"<p>Arnu\u00e9 \u00c2me Blanche (Eau de Parfum) is as if softness were made visible: translucent, milky, and quietly radiant. The perfume opens with a gentle sweetness: white pear and fig, light and dewy, enveloped in the soft creaminess of coconut milk. The experience offers instant comfort, as if silk were touching bare skin.<\/p>\n<p>As the fragrance settles a bit, white flowers softly bloom. The tuberose is understated, without any heaviness, just a soft allure. Lily of the valley adds pure innocence, while vanilla orchid flows through like a warm breath, blurring the line between sweetness and skin.<\/p>\n<p>\u00c2me Blanche is at its most divine in its drydown. Milk, musk, and vanilla blend into an intimate and serene perfume. Not sugary, not ostentatious, just a captivating warmth that almost feels like being in an embrace.<\/p>\n<p>There is a femininity in the scent of Arnu\u00e9 \u00c2me Blanche that is not fragile, but gentle and confident. It carries a pure and soft feeling that remains intact even as time passes.<\/p>\n<p>\u00c2me Blanche doesn\u2019t try to change you; rather, it reflects your most tender state. Pure, soothing, and delicately sensual.<\/p>\n<p>Perfumer: Sy Truong<\/p>\n<p>Top notes: white Pear, coconut Milk and fig<br \/>\nHeart notes: lily of the valley, tuberose and vanilla orchid<br \/>\nBase notes: musk, milk and vanilla <\/p>\n<p>You can try the perfume with the samples and in 7scents:<br \/>\n1053 Budapest, Magyar utca 18, Hungary (Click  &gt;&gt; <a href=\"https:\/\/goo.gl\/maps\/EYr6LQCwWkhFHjuU7\">here<\/a> for directions)<br \/>\nOpen: M-F 10-18 and Sat 11-17<\/p>\n","protected":false},"excerpt":{"rendered":"<p>Alcohol denat., Parfum (Fragrance), Aqua (Water)<\/p>\n","protected":false},"featured_media":57943,"comment_status":"open","ping_status":"closed","template":"","meta":{"_acf_changed":false},"product_cat":[2146,2149,535,2910],"product_tag":[3806,3758,559,2718,665,541,779,3791,586,2690],"yst_prominent_words":[],"class_list":{"0":"post-57938","1":"product","2":"type-product","3":"status-publish","4":"has-post-thumbnail","6":"product_cat-fruity-perfume","7":"product_cat-gourmand-perfume","8":"product_cat-perfume","9":"product_cat-vanilla-perfume","10":"product_tag-arnue-en","11":"product_tag-coconut-milk","12":"product_tag-fig","13":"product_tag-gyongyvirag-en","14":"product_tag-milk","15":"product_tag-musk-en","16":"product_tag-pear","17":"product_tag-sy-truong-en","18":"product_tag-tuberose","19":"product_tag-vanilia-en","20":"pa_kiszereles-1-5ml-sample","21":"pa_kiszereles-50ml-en","22":"pa_kiszereles-5ml-sample","23":"pa_marka-arnue-en","24":"pa_szarmazasi-hely-vietnam-en","26":"first","27":"instock","28":"taxable","29":"shipping-taxable","30":"purchasable","31":"product-type-variable"},"acf":[],"_links":{"self":[{"href":"https:\/\/www.7scents.hu\/en\/wp-json\/wp\/v2\/product\/57938"}],"collection":[{"href":"https:\/\/www.7scents.hu\/en\/wp-json\/wp\/v2\/product"}],"about":[{"href":"https:\/\/www.7scents.hu\/en\/wp-json\/wp\/v2\/types\/product"}],"replies":[{"embeddable":true,"href":"https:\/\/www.7scents.hu\/en\/wp-json\/wp\/v2\/comments?post=57938"}],"wp:featuredmedia":[{"embeddable":true,"href":"https:\/\/www.7scents.hu\/en\/wp-json\/wp\/v2\/media\/57943"}],"wp:attachment":[{"href":"https:\/\/www.7scents.hu\/en\/wp-json\/wp\/v2\/media?parent=57938"}],"wp:term":[{"taxonomy":"product_cat","embeddable":true,"href":"https:\/\/www.7scents.hu\/en\/wp-json\/wp\/v2\/product_cat?post=57938"},{"taxonomy":"product_tag","embeddable":true,"href":"https:\/\/www.7scents.hu\/en\/wp-json\/wp\/v2\/product_tag?post=57938"},{"taxonomy":"yst_prominent_words","embeddable":true,"href":"https:\/\/www.7scents.hu\/en\/wp-json\/wp\/v2\/yst_prominent_words?post=57938"}],"curies":[{"name":"wp","href":"https:\/\/api.w.org\/{rel}","templated":true}]}}