{"id":57951,"date":"2026-05-07T11:59:20","date_gmt":"2026-05-07T11:59:27","guid":{"rendered":"https:\/\/www.7scents.hu\/?post_type=product&#038;p=57951"},"modified":"2026-05-07T12:10:18","modified_gmt":"2026-05-07T12:10:18","slug":"arnue-tache-foncee-eau-de-parfum","status":"publish","type":"product","link":"https:\/\/www.7scents.hu\/en\/termek\/arnue-tache-foncee-eau-de-parfum\/","title":{"rendered":"Arnu\u00e9 <br\/>T\u00e2che Fonc\u00e9e Eau de Parfum"},"content":{"rendered":"<p>Arnu\u00e9 T\u00e2che Fonc\u00e9e (Eau de Parfum) is an oriental vanilla fragrance with a hint of peach. It unfolds with a slow, indulgent warmth, at once intimate and playful, impossible to ignore. It doesn\u2019t whisper like a second skin, nor does it dominate. It lingers intentionally, leaving a trail that is both playful and dangerously soft.<\/p>\n<p>T\u00e2che Fonc\u00e9e\u2019s opening accord is rich and captivating: peaches dipped in honey, softened by a veil of milk. Creamy, with a slight golden sheen, it possesses an almost addictive sweetness. A gentle glow surrounds it, as if warmth had touched bare skin.<\/p>\n<p>As the fragrance deepens, the heart note becomes richer. Cinnamon adds a soft spiciness, enveloped by the sensual floral touch of jasmine. Almond and cocoa blend together, forming a smooth, soothing layer. Nutty, powdery, and just a touch decadent. The balance feels light, never becoming heavy.<\/p>\n<p>The base notes of Arnu\u00e9 T\u00e2che Fonc\u00e9e reveal the darker side of the fragrance. Vanilla and caramel melt into a warm, resinous sweetness grounded by patchouli and labdanum. Black musk lingers in the background, lending depth and subtle sensuality to the fragrance.<\/p>\n<p>There is a duality to it: tender yet bold, sweet yet shadowy. T\u00e2che Fonc\u00e9e is like a quiet confession, something we share intimately but remember for a long time.<\/p>\n<p>Perfumer: Sy Truong<\/p>\n<p>Top notes: honey milk, peach<br \/>\nHeart notes: cinnamon, jasmine, creamy cocoa, almond<br \/>\nBase notes: labdanum, vanilla absolute, patchouli, caramel, black musk <\/p>\n<p>You can try the perfume with the samples and in 7scents:<br \/>\n1053 Budapest, Magyar utca 18, Hungary (Click  &gt;&gt; <a href=\"https:\/\/goo.gl\/maps\/EYr6LQCwWkhFHjuU7\">here<\/a> for directions)<br \/>\nOpen: M-F 10-18 and Sat 11-17<\/p>\n","protected":false},"excerpt":{"rendered":"<p>Alcohol denat., Parfum (Fragrance), Aqua (Water)<\/p>\n","protected":false},"featured_media":57956,"comment_status":"open","ping_status":"closed","template":"","meta":{"_acf_changed":false},"product_cat":[2146,2149,2155,535,2910],"product_tag":[648,3806,666,577,1312,2716,1101,665,541,584,771,3791,2690],"yst_prominent_words":[],"class_list":{"0":"post-57951","1":"product","2":"type-product","3":"status-publish","4":"has-post-thumbnail","6":"product_cat-fruity-perfume","7":"product_cat-gourmand-perfume","8":"product_cat-musky-perfume","9":"product_cat-perfume","10":"product_cat-vanilla-perfume","11":"product_tag-almond","12":"product_tag-arnue-en","13":"product_tag-caramel","14":"product_tag-cinnamon","15":"product_tag-cocoa","16":"product_tag-jazmin-en","17":"product_tag-labdanum-en","18":"product_tag-milk","19":"product_tag-musk-en","20":"product_tag-patchouli","21":"product_tag-peach","22":"product_tag-sy-truong-en","23":"product_tag-vanilia-en","24":"pa_kiszereles-1-5ml-sample","25":"pa_kiszereles-50ml-en","26":"pa_kiszereles-5ml-sample","27":"pa_marka-arnue-en","28":"pa_szarmazasi-hely-vietnam-en","30":"first","31":"instock","32":"taxable","33":"shipping-taxable","34":"purchasable","35":"product-type-variable"},"acf":[],"_links":{"self":[{"href":"https:\/\/www.7scents.hu\/en\/wp-json\/wp\/v2\/product\/57951"}],"collection":[{"href":"https:\/\/www.7scents.hu\/en\/wp-json\/wp\/v2\/product"}],"about":[{"href":"https:\/\/www.7scents.hu\/en\/wp-json\/wp\/v2\/types\/product"}],"replies":[{"embeddable":true,"href":"https:\/\/www.7scents.hu\/en\/wp-json\/wp\/v2\/comments?post=57951"}],"wp:featuredmedia":[{"embeddable":true,"href":"https:\/\/www.7scents.hu\/en\/wp-json\/wp\/v2\/media\/57956"}],"wp:attachment":[{"href":"https:\/\/www.7scents.hu\/en\/wp-json\/wp\/v2\/media?parent=57951"}],"wp:term":[{"taxonomy":"product_cat","embeddable":true,"href":"https:\/\/www.7scents.hu\/en\/wp-json\/wp\/v2\/product_cat?post=57951"},{"taxonomy":"product_tag","embeddable":true,"href":"https:\/\/www.7scents.hu\/en\/wp-json\/wp\/v2\/product_tag?post=57951"},{"taxonomy":"yst_prominent_words","embeddable":true,"href":"https:\/\/www.7scents.hu\/en\/wp-json\/wp\/v2\/yst_prominent_words?post=57951"}],"curies":[{"name":"wp","href":"https:\/\/api.w.org\/{rel}","templated":true}]}}