{"id":57982,"date":"2026-05-08T07:31:04","date_gmt":"2026-05-08T07:31:08","guid":{"rendered":"https:\/\/www.7scents.hu\/?post_type=product&#038;p=57982"},"modified":"2026-05-08T07:52:01","modified_gmt":"2026-05-08T07:52:01","slug":"arnue-coeur-ecarlate-eau-de-parfum","status":"publish","type":"product","link":"https:\/\/www.7scents.hu\/en\/termek\/arnue-coeur-ecarlate-eau-de-parfum\/","title":{"rendered":"Arnu\u00e9 <br\/>Coeur \u00c9carlate Eau de Parfum"},"content":{"rendered":"<p>Arnu\u00e9 Coeur \u00c9carlate (Eau de Parfum) makes an immediate impression: bold, vibrant, and impossible to ignore. An uncategorizable fragrance, it draws from every style with an ease that only such a captivating perfume can afford.<\/p>\n<p>Coeur \u00c9carlate bursts forth with overwhelming energy, masculine and free-spirited, with a subtle tropical nuance that never veers into sweetness. Pink pepper cuts through the fruity notes, keeping their sweetness in check. The effect is captivating, recognizable, and unlike any perfume known before. It is so confident that it naturally draws attention.<\/p>\n<p>The opening of Arnu\u00e9 Coeur \u00c9carlate is contrasting. Pink grapefruit flashes with citrusy tartness, layered by the ripe fruitiness of lychee and apricot. Pink pepper infuses the fragrance with tension and prevents it from veering into sweet fruitiness.<\/p>\n<p>As the fragrance unfolds, the heart notes reveal depth without softening its character. Damask rose remains in the background &#8211; perceptible but never dominant &#8211; providing structure rather than romance. Carnation sharpens the floral edge, while saffron brings a warm, textured spice to the fragrance. Dried plum deepens the rose\u2019s buzz, preserving the rich, fruity-spicy core.<\/p>\n<p>The base notes of Coeur \u00c9carlate create a grounded and alluring scent. Sandalwood and amber lend warmth and sophistication, while musk lingers with a clean, sensual finish. Underneath it all, a hint of berry-like fruitiness is present, subtle yet long-lasting. Coeur \u00c9carlate is captivating, bold, addictive, and effortlessly garners compliments.<\/p>\n<p>Perfumer: Sy Truong<\/p>\n<p>Top notes: pink grapefruit, pink pepper, lychee, apricot<br \/>\nHeart notes: saffron, carnation, damask rose, dark prune<br \/>\nBase notes: amberwood, sandalwood, red musk, berries <\/p>\n<p>You can try the perfume with the samples and in 7scents:<br \/>\n1053 Budapest, Magyar utca 18, Hungary (Click  &gt;&gt; <a href=\"https:\/\/goo.gl\/maps\/EYr6LQCwWkhFHjuU7\">here<\/a> for directions)<br \/>\nOpen: M-F 10-18 and Sat 11-17<\/p>\n","protected":false},"excerpt":{"rendered":"<p>Alcohol denat., Parfum (Fragrance), Aqua (Water)<\/p>\n","protected":false},"featured_media":57987,"comment_status":"open","ping_status":"closed","template":"","meta":{"_acf_changed":false},"product_cat":[2134,2146,2127,535,2132],"product_tag":[3808,1113,3806,1637,742,652,541,585,835,611,2783,2770,2736,3791],"yst_prominent_words":[],"class_list":{"0":"post-57982","1":"product","2":"type-product","3":"status-publish","4":"has-post-thumbnail","6":"product_cat-avant-garde-perfume","7":"product_cat-fruity-perfume","8":"product_cat-oriental-perfume","9":"product_cat-perfume","10":"product_cat-woody-perfume","11":"product_tag-amberwood","12":"product_tag-apricot","13":"product_tag-arnue-en","14":"product_tag-carnation","15":"product_tag-grapefruit-en","16":"product_tag-litchi","17":"product_tag-musk-en","18":"product_tag-pink-pepper","19":"product_tag-plum","20":"product_tag-red-berries","21":"product_tag-rozsa-en","22":"product_tag-safrany-en","23":"product_tag-szantalfa-en","24":"product_tag-sy-truong-en","25":"pa_kiszereles-1-5ml-sample","26":"pa_kiszereles-50ml-en","27":"pa_kiszereles-5ml-sample","28":"pa_marka-arnue-en","29":"pa_szarmazasi-hely-vietnam-en","31":"first","32":"instock","33":"taxable","34":"shipping-taxable","35":"purchasable","36":"product-type-variable"},"acf":[],"_links":{"self":[{"href":"https:\/\/www.7scents.hu\/en\/wp-json\/wp\/v2\/product\/57982"}],"collection":[{"href":"https:\/\/www.7scents.hu\/en\/wp-json\/wp\/v2\/product"}],"about":[{"href":"https:\/\/www.7scents.hu\/en\/wp-json\/wp\/v2\/types\/product"}],"replies":[{"embeddable":true,"href":"https:\/\/www.7scents.hu\/en\/wp-json\/wp\/v2\/comments?post=57982"}],"wp:featuredmedia":[{"embeddable":true,"href":"https:\/\/www.7scents.hu\/en\/wp-json\/wp\/v2\/media\/57987"}],"wp:attachment":[{"href":"https:\/\/www.7scents.hu\/en\/wp-json\/wp\/v2\/media?parent=57982"}],"wp:term":[{"taxonomy":"product_cat","embeddable":true,"href":"https:\/\/www.7scents.hu\/en\/wp-json\/wp\/v2\/product_cat?post=57982"},{"taxonomy":"product_tag","embeddable":true,"href":"https:\/\/www.7scents.hu\/en\/wp-json\/wp\/v2\/product_tag?post=57982"},{"taxonomy":"yst_prominent_words","embeddable":true,"href":"https:\/\/www.7scents.hu\/en\/wp-json\/wp\/v2\/yst_prominent_words?post=57982"}],"curies":[{"name":"wp","href":"https:\/\/api.w.org\/{rel}","templated":true}]}}