{"id":6044,"date":"2019-04-25T12:24:59","date_gmt":"2019-04-25T12:24:59","guid":{"rendered":"https:\/\/www.7scents.hu\/termek\/portus-cale-rose-blush-hand-cream\/"},"modified":"2023-08-07T14:12:17","modified_gmt":"2023-08-07T14:12:17","slug":"portus-cale-rose-blush-hand-cream","status":"publish","type":"product","link":"https:\/\/www.7scents.hu\/en\/termek\/portus-cale-rose-blush-hand-cream\/","title":{"rendered":"Portus Cale <br\/>Ros\u00e9 Blush Hand Cream"},"content":{"rendered":"<p>Portus Cale\u2019s Ros\u00e9 Blush Hand Cream is scented with the youthful and uplifting aroma of lotus flower and red fruits. The fragrance is minimalist in style, perfectly balancing the delicate blossom tones with more full-bodied, berry notes. A pinch of sandalwood and vanilla adds depth and sophistication. A confident, feminine fragrance with positive effects on well-being. High in natural ingredients to nourish and protect the skin. The textured yet light cream is quickly absorbed leaving hands silky-soft and supple but not greasy. Great for upgrading your daily ritual to affordable pampering experience.<\/p>\n","protected":false},"excerpt":{"rendered":"<p>Aqua (V\u00edz), Caprylic\/Capric Triglyceride, Hydrogenated Lecithin, Glyceryl Stearate Citrate, Glycerin, Glycine Soja Oil (Sz\u00f3jabab olaj), Hydrogenated Coco-Glycerides, Cetyl Alcohol, Glyceryl Stearate SE, Simmondsia Chinensis Seed Oil (Jojoba olaj), Butyrospermum Parkii Butter (Shea vaj), Stearic Acid, Palmitic Acid, Squalane, Vitis Vinifera Seed Oil (Sz\u0151l\u0151mag olaj), Cocos Nucifera Oil (K\u00f3kuszolaj), Olea Europaea Fruit Oil (Ol\u00edvaolaj), Panthenol, Xanthan Gum, Tocopherol, Parfum (Illat), Imidazolidinyl Urea, Phenoxyethanol, Ethylhexylglycerin, Benzyl benzoate, Benzyl salicylate, Butylphenyl Methylpropional, Hydroxycitronellal, Hydroxyisohexyl 3-cyclohexene carboxaldehyde, Limonene<\/p>\n","protected":false},"featured_media":3575,"comment_status":"open","ping_status":"closed","template":"","meta":{"_acf_changed":false},"product_cat":[607],"product_tag":[608,777,968,611,972],"yst_prominent_words":[],"class_list":{"0":"post-6044","1":"product","2":"type-product","3":"status-publish","4":"has-post-thumbnail","6":"product_cat-hand-cream","7":"product_tag-fruity","8":"product_tag-lotus-flower","9":"product_tag-portus-cale-en","10":"product_tag-red-berries","11":"product_tag-rose-blush-en","12":"pa_brand-castelbel","13":"pa_kiszereles-50-ml-en","14":"pa_marka-castelbel-en","15":"pa_package-50-ml","16":"pa_place-of-origin-portugal","17":"pa_szarmazasi-hely-portugal","19":"first","20":"outofstock","21":"taxable","22":"shipping-taxable","23":"purchasable","24":"product-type-simple"},"acf":[],"_links":{"self":[{"href":"https:\/\/www.7scents.hu\/en\/wp-json\/wp\/v2\/product\/6044"}],"collection":[{"href":"https:\/\/www.7scents.hu\/en\/wp-json\/wp\/v2\/product"}],"about":[{"href":"https:\/\/www.7scents.hu\/en\/wp-json\/wp\/v2\/types\/product"}],"replies":[{"embeddable":true,"href":"https:\/\/www.7scents.hu\/en\/wp-json\/wp\/v2\/comments?post=6044"}],"wp:featuredmedia":[{"embeddable":true,"href":"https:\/\/www.7scents.hu\/en\/wp-json\/wp\/v2\/media\/3575"}],"wp:attachment":[{"href":"https:\/\/www.7scents.hu\/en\/wp-json\/wp\/v2\/media?parent=6044"}],"wp:term":[{"taxonomy":"product_cat","embeddable":true,"href":"https:\/\/www.7scents.hu\/en\/wp-json\/wp\/v2\/product_cat?post=6044"},{"taxonomy":"product_tag","embeddable":true,"href":"https:\/\/www.7scents.hu\/en\/wp-json\/wp\/v2\/product_tag?post=6044"},{"taxonomy":"yst_prominent_words","embeddable":true,"href":"https:\/\/www.7scents.hu\/en\/wp-json\/wp\/v2\/yst_prominent_words?post=6044"}],"curies":[{"name":"wp","href":"https:\/\/api.w.org\/{rel}","templated":true}]}}