{"id":6048,"date":"2019-04-25T12:30:44","date_gmt":"2019-04-25T12:30:44","guid":{"rendered":"https:\/\/www.7scents.hu\/termek\/portus-cales-blooming-garden-hand-cream\/"},"modified":"2023-08-07T14:12:18","modified_gmt":"2023-08-07T14:12:18","slug":"portus-cales-blooming-garden-hand-cream","status":"publish","type":"product","link":"https:\/\/www.7scents.hu\/en\/termek\/portus-cales-blooming-garden-hand-cream\/","title":{"rendered":"Portus Cale <br\/>Blooming Garden Hand Cream\u00a0"},"content":{"rendered":"<p>Portus Cale&#8217;s Blooming Garden Hand Cream is sweetly scented with the heavenly fragrance of fresh wildflowers and earthy sandalwood. The youthful glow of luscious, spring blossoms includes peony and rose, while a deeper, more intense hit of balsamic sandalwood creates a well-rounded, balanced aroma fit for any age. The cream is extremely high in natural oils and provides the skin with essential nourishment and hydration on an epithelial level. The texture is extremely light, allowing for quick absorption and no greasy residue. Perfect for turning your daily skincare routine into an affordable luxury for all the senses.&nbsp;&nbsp;&nbsp;&nbsp;<\/p>\n","protected":false},"excerpt":{"rendered":"<p>Aqua (V\u00edz), Caprylic\/Capric Triglyceride, Hydrogenated Lecithin, Glyceryl Stearate Citrate, Glycerin, Glycine Soja Oil (Sz\u00f3jaolaj), Hydrogenated Coco-Glycerides, Cetyl Alcohol, Glyceryl Stearate SE, Parfum (Illat), Simmondsia Chinensis Seed Oil (Jojobaolaj), Butyrospermum Parkii Butter (Shea vaj), Stearic Acid, Palmitic Acid, Squalane, Vitis Vinifera Seed Oil (Sz\u0151l\u0151mag olaj), Cocos Nucifera Oil (K\u00f3kuszolaj), Olea Europaea Fruit Oil (Ol\u00edvaolaj), Panthenol, Xanthan Gum, Tocopherol, Imidazolidinyl Urea, Phenoxyethanol, Ethylhexylglycerin, Benzyl benzoate, Benzyl salicylate, Butylphenyl Methylpropional, Citronellol, Eugenol, Limonene, Linalool, Alpha-isomethyl ionone<\/p>\n","protected":false},"featured_media":3533,"comment_status":"open","ping_status":"closed","template":"","meta":{"_acf_changed":false},"product_cat":[607],"product_tag":[2802,581,968,2736],"yst_prominent_words":[],"class_list":{"0":"post-6048","1":"product","2":"type-product","3":"status-publish","4":"has-post-thumbnail","6":"product_cat-hand-cream","7":"product_tag-fas-illat-en","8":"product_tag-flower","9":"product_tag-portus-cale-en","10":"product_tag-szantalfa-en","11":"pa_brand-castelbel","12":"pa_kiszereles-50-ml-en","13":"pa_marka-castelbel-en","14":"pa_package-50-ml","15":"pa_place-of-origin-portugal","16":"pa_szarmazasi-hely-portugal","18":"first","19":"outofstock","20":"taxable","21":"shipping-taxable","22":"purchasable","23":"product-type-simple"},"acf":[],"_links":{"self":[{"href":"https:\/\/www.7scents.hu\/en\/wp-json\/wp\/v2\/product\/6048"}],"collection":[{"href":"https:\/\/www.7scents.hu\/en\/wp-json\/wp\/v2\/product"}],"about":[{"href":"https:\/\/www.7scents.hu\/en\/wp-json\/wp\/v2\/types\/product"}],"replies":[{"embeddable":true,"href":"https:\/\/www.7scents.hu\/en\/wp-json\/wp\/v2\/comments?post=6048"}],"wp:featuredmedia":[{"embeddable":true,"href":"https:\/\/www.7scents.hu\/en\/wp-json\/wp\/v2\/media\/3533"}],"wp:attachment":[{"href":"https:\/\/www.7scents.hu\/en\/wp-json\/wp\/v2\/media?parent=6048"}],"wp:term":[{"taxonomy":"product_cat","embeddable":true,"href":"https:\/\/www.7scents.hu\/en\/wp-json\/wp\/v2\/product_cat?post=6048"},{"taxonomy":"product_tag","embeddable":true,"href":"https:\/\/www.7scents.hu\/en\/wp-json\/wp\/v2\/product_tag?post=6048"},{"taxonomy":"yst_prominent_words","embeddable":true,"href":"https:\/\/www.7scents.hu\/en\/wp-json\/wp\/v2\/yst_prominent_words?post=6048"}],"curies":[{"name":"wp","href":"https:\/\/api.w.org\/{rel}","templated":true}]}}