{"id":6049,"date":"2019-04-25T12:33:59","date_gmt":"2019-04-25T12:33:59","guid":{"rendered":"https:\/\/www.7scents.hu\/termek\/portus-cale-black-edition-hand-cream\/"},"modified":"2023-08-07T14:12:18","modified_gmt":"2023-08-07T14:12:18","slug":"portus-cale-black-edition-hand-cream","status":"publish","type":"product","link":"https:\/\/www.7scents.hu\/en\/termek\/portus-cale-black-edition-hand-cream\/","title":{"rendered":"Portus Cale <br\/>Black Edition Hand Cream\u00a0"},"content":{"rendered":"<p>Portus Cale\u2019s Black Edition Hand Cream is an unmistakably distinguished, masculine scented hand moisturizer. Fresh notes of citrus mingle with deep and warm cedar and amber for an elegant and intense fragrance. Thanks to a high organic oil content and natural active ingredients, the rich hand cream effectively nourishes and deeply hydrates the skin. The cream\u2019s light texture ensures it is quickly absorbed, leaving no greasy trace &#8211; just velvety soft skin and a long lasting, alluring aroma. The exclusive and upscale packaging make it a great gift for the suave men among us.<\/p>\n","protected":false},"excerpt":{"rendered":"<p>Aqua (V\u00edz), Caprylic\/Capric Triglyceride, Hydrogenated Lecithin, Glyceryl Stearate Citrate, Glycerin, Glycine Soja Oil (Sz\u00f3jaolaj), Hydrogenated Coco-Glycerides, Cetyl Alcohol, Glyceryl Stearate SE, Simmondsia Chinensis Seed Oil (Jojobaolaj), Butyrospermum Parkii Butter (Shea vaj), Stearic Acid, Palmitic Acid, Squalane, Vitis Vinifera Seed Oil (Sz\u0151l\u0151magolaj), Cocos Nucifera Oil (K\u00f3kuszolaj), Olea Europaea Fruit Oil (Ol\u00edvaolaj), Panthenol, Xanthan Gum, Tocopherol, Parfum (Illat), Phenoxyethanol, Imidazolidinyl Urea, Ethylhexylglycerin, Hexyl Cinnamal, Hydroxycitronellal, Eugenol, Limonene, Linalool, Coumarin, Citronellol, Geraniol<\/p>\n","protected":false},"featured_media":3521,"comment_status":"open","ping_status":"closed","template":"","meta":{"_acf_changed":false},"product_cat":[607],"product_tag":[536,969,560,2789,968],"yst_prominent_words":[],"class_list":{"0":"post-6049","1":"product","2":"type-product","3":"status-publish","4":"has-post-thumbnail","6":"product_cat-hand-cream","7":"product_tag-ambra-en","8":"product_tag-black-edition-en","9":"product_tag-cedar","10":"product_tag-citrusos-illat-en","11":"product_tag-portus-cale-en","12":"pa_brand-castelbel","13":"pa_kiszereles-50-ml-en","14":"pa_marka-castelbel-en","15":"pa_package-50-ml","16":"pa_place-of-origin-portugal","17":"pa_szarmazasi-hely-portugal","19":"first","20":"outofstock","21":"featured","22":"taxable","23":"shipping-taxable","24":"purchasable","25":"product-type-simple"},"acf":[],"_links":{"self":[{"href":"https:\/\/www.7scents.hu\/en\/wp-json\/wp\/v2\/product\/6049"}],"collection":[{"href":"https:\/\/www.7scents.hu\/en\/wp-json\/wp\/v2\/product"}],"about":[{"href":"https:\/\/www.7scents.hu\/en\/wp-json\/wp\/v2\/types\/product"}],"replies":[{"embeddable":true,"href":"https:\/\/www.7scents.hu\/en\/wp-json\/wp\/v2\/comments?post=6049"}],"wp:featuredmedia":[{"embeddable":true,"href":"https:\/\/www.7scents.hu\/en\/wp-json\/wp\/v2\/media\/3521"}],"wp:attachment":[{"href":"https:\/\/www.7scents.hu\/en\/wp-json\/wp\/v2\/media?parent=6049"}],"wp:term":[{"taxonomy":"product_cat","embeddable":true,"href":"https:\/\/www.7scents.hu\/en\/wp-json\/wp\/v2\/product_cat?post=6049"},{"taxonomy":"product_tag","embeddable":true,"href":"https:\/\/www.7scents.hu\/en\/wp-json\/wp\/v2\/product_tag?post=6049"},{"taxonomy":"yst_prominent_words","embeddable":true,"href":"https:\/\/www.7scents.hu\/en\/wp-json\/wp\/v2\/yst_prominent_words?post=6049"}],"curies":[{"name":"wp","href":"https:\/\/api.w.org\/{rel}","templated":true}]}}