{"id":6051,"date":"2019-04-25T12:56:47","date_gmt":"2019-04-25T12:56:47","guid":{"rendered":"https:\/\/www.7scents.hu\/termek\/portus-cale-rose-blush-eau-de-toilette\/"},"modified":"2023-01-04T22:04:31","modified_gmt":"2023-01-04T22:04:31","slug":"portus-cale-rose-blush-eau-de-toilette","status":"publish","type":"product","link":"https:\/\/www.7scents.hu\/en\/termek\/portus-cale-rose-blush-eau-de-toilette\/","title":{"rendered":"Portus Cale <br\/>Ros\u00e9 Blush Eau de Toilette\u00a0"},"content":{"rendered":"<p>The charmingly distinctive scent of Portus Cale\u2019s Ros\u00e9 Blush Eau De Toilette was designed by renowned perfume makers, Fran\u00e7ois Robert and Mireille Picard using a high degree of Eau de Parfum and natural essential oils. Ros\u00e9 Blush is the epitome of feminine sophistication with fruity-floral top notes of delicate lotus flower effortlessly mingling with full-bodied red berries. Slightly astringent pineapple tones are balanced by sweet and spicy jasmine to create a harmonious heart note. Base notes of rich, deep amber, sandalwood and vanilla perfect an aroma profile that is simple seduction for the senses.<\/p>\n","protected":false},"excerpt":{"rendered":"<p>Alcohol Denat., Aqua (Water) , Parfum (Fragrance), Butylphenyl Methylpropional, Benzyl salicylate, Limonene, Hydroxycitronellal, Hydroxyisohexyl 3-cyclohexene carboxaldehyde, Benzyl Benzoate<\/p>\n","protected":false},"featured_media":3577,"comment_status":"open","ping_status":"closed","template":"","meta":{"_acf_changed":false},"product_cat":[535],"product_tag":[608,777,968,611,972],"yst_prominent_words":[],"class_list":{"0":"post-6051","1":"product","2":"type-product","3":"status-publish","4":"has-post-thumbnail","6":"product_cat-perfume","7":"product_tag-fruity","8":"product_tag-lotus-flower","9":"product_tag-portus-cale-en","10":"product_tag-red-berries","11":"product_tag-rose-blush-en","12":"pa_brand-castelbel","13":"pa_kiszereles-100-ml-en","14":"pa_marka-castelbel-en","15":"pa_package-100-ml","16":"pa_place-of-origin-portugal","17":"pa_szarmazasi-hely-portugal","19":"first","20":"outofstock","21":"taxable","22":"shipping-taxable","23":"purchasable","24":"product-type-simple"},"acf":[],"_links":{"self":[{"href":"https:\/\/www.7scents.hu\/en\/wp-json\/wp\/v2\/product\/6051"}],"collection":[{"href":"https:\/\/www.7scents.hu\/en\/wp-json\/wp\/v2\/product"}],"about":[{"href":"https:\/\/www.7scents.hu\/en\/wp-json\/wp\/v2\/types\/product"}],"replies":[{"embeddable":true,"href":"https:\/\/www.7scents.hu\/en\/wp-json\/wp\/v2\/comments?post=6051"}],"wp:featuredmedia":[{"embeddable":true,"href":"https:\/\/www.7scents.hu\/en\/wp-json\/wp\/v2\/media\/3577"}],"wp:attachment":[{"href":"https:\/\/www.7scents.hu\/en\/wp-json\/wp\/v2\/media?parent=6051"}],"wp:term":[{"taxonomy":"product_cat","embeddable":true,"href":"https:\/\/www.7scents.hu\/en\/wp-json\/wp\/v2\/product_cat?post=6051"},{"taxonomy":"product_tag","embeddable":true,"href":"https:\/\/www.7scents.hu\/en\/wp-json\/wp\/v2\/product_tag?post=6051"},{"taxonomy":"yst_prominent_words","embeddable":true,"href":"https:\/\/www.7scents.hu\/en\/wp-json\/wp\/v2\/yst_prominent_words?post=6051"}],"curies":[{"name":"wp","href":"https:\/\/api.w.org\/{rel}","templated":true}]}}