{"id":7551,"date":"2019-10-04T06:32:09","date_gmt":"2019-10-04T06:32:10","guid":{"rendered":"https:\/\/www.7scents.hu\/?post_type=product&#038;p=7551"},"modified":"2023-01-04T21:40:04","modified_gmt":"2023-01-04T21:40:04","slug":"un-soir-a-lopera-la-bayadere-room-spray","status":"publish","type":"product","link":"https:\/\/www.7scents.hu\/en\/termek\/un-soir-a-lopera-la-bayadere-room-spray\/","title":{"rendered":"Un Soir \u00e0 l&#8217;Op\u00e9ra <br\/>La Bayad\u00e8re Room Spray"},"content":{"rendered":"<p>Un Soir \u00e0 l&#8217;Op\u00e9ra\u2019s La Bayad\u00e8re Room Spray was inspired by the overture of Ludwig Minkus\u2019 renowned ballet. When valiant warrior, Solor arrives on stage on his elephant&#8217;s back he is accompanied by an oriental symphony of spices, perfumes and vibrant colours. The home scent spray has been specifically designed to reflect the grandeur of the Maharajah\u2019s India. Sandalwood\u2019s exotic depth plays a key role in the scent profile. This is complemented by the mysterious tones of patchouli and musk, as well as the sweetly spicy aroma of vanilla and saffron and earthy cinnamon and cumin. We highly recommend Un Soir \u00e0 l&#8217;Op\u00e9ra\u2019s La Bayad\u00e8re home scent spray if you want to create an exotic and wonderfully oriental world in any room with a few simple sprays.<\/p>\n<p>The home fragrance spray was made by French perfume maker, Emmanuel Philip in Grasse. Depending on the size of the room, the home scent perfume requires 3-5 spritzes at a time to achieve a wonderfully exotic effect. Un Soir \u00e0 l&#8217;Op\u00e9ra\u2019s La Bayad\u00e8re Home Fragrance Spray comes in a beautifully designed cotton pouch, making it a great gift for friends with a lust for life and an adventurous spirit.<\/p>\n","protected":false},"excerpt":{"rendered":"<p>&nbsp;<\/p>\n<p>&nbsp;<\/p>\n","protected":false},"featured_media":7621,"comment_status":"open","ping_status":"closed","template":"","meta":{"_acf_changed":false},"product_cat":[672],"product_tag":[541,584,2736,816],"yst_prominent_words":[],"class_list":{"0":"post-7551","1":"product","2":"type-product","3":"status-publish","4":"has-post-thumbnail","6":"product_cat-room-spray","7":"product_tag-musk-en","8":"product_tag-patchouli","9":"product_tag-szantalfa-en","10":"product_tag-un-soir-a-lopera-en","11":"pa_brand-un-soir-a-lopera","12":"pa_kiszereles-100ml-en","13":"pa_marka-un-soir-a-lopera-en","14":"pa_package-100ml","15":"pa_place-of-origin-france","16":"pa_szarmazasi-hely-france","18":"first","19":"instock","20":"taxable","21":"shipping-taxable","22":"purchasable","23":"product-type-simple"},"acf":[],"_links":{"self":[{"href":"https:\/\/www.7scents.hu\/en\/wp-json\/wp\/v2\/product\/7551"}],"collection":[{"href":"https:\/\/www.7scents.hu\/en\/wp-json\/wp\/v2\/product"}],"about":[{"href":"https:\/\/www.7scents.hu\/en\/wp-json\/wp\/v2\/types\/product"}],"replies":[{"embeddable":true,"href":"https:\/\/www.7scents.hu\/en\/wp-json\/wp\/v2\/comments?post=7551"}],"wp:featuredmedia":[{"embeddable":true,"href":"https:\/\/www.7scents.hu\/en\/wp-json\/wp\/v2\/media\/7621"}],"wp:attachment":[{"href":"https:\/\/www.7scents.hu\/en\/wp-json\/wp\/v2\/media?parent=7551"}],"wp:term":[{"taxonomy":"product_cat","embeddable":true,"href":"https:\/\/www.7scents.hu\/en\/wp-json\/wp\/v2\/product_cat?post=7551"},{"taxonomy":"product_tag","embeddable":true,"href":"https:\/\/www.7scents.hu\/en\/wp-json\/wp\/v2\/product_tag?post=7551"},{"taxonomy":"yst_prominent_words","embeddable":true,"href":"https:\/\/www.7scents.hu\/en\/wp-json\/wp\/v2\/yst_prominent_words?post=7551"}],"curies":[{"name":"wp","href":"https:\/\/api.w.org\/{rel}","templated":true}]}}